{"id":7889,"date":"2025-09-15T08:39:45","date_gmt":"2025-09-15T08:39:45","guid":{"rendered":"https:\/\/fahrmit.be\/?page_id=7889"},"modified":"2026-02-17T12:45:21","modified_gmt":"2026-02-17T12:45:21","slug":"bike-basics","status":"publish","type":"page","link":"https:\/\/fahrmit.be\/fr\/bike-basics\/","title":{"rendered":"Bike Basics : ateliers r\u00e9paration de v\u00e9lo et perfectionnement de sa ma\u00eetrise du v\u00e9lo"},"content":{"rendered":"<div class=\"wpb-content-wrapper\"><p>[vc_row][vc_column][vc_column_text css=\u00a0\u00bb\u00a0\u00bb]<\/p>\n<h2>Atelier v\u00e9lo : parcours en ville et th\u00e9orie \u00ab\u202fBike Basics\u202f\u00bb<\/h2>\n<p>[\/vc_column_text][vc_column_text css=\u00a0\u00bb\u00a0\u00bb][\/vc_column_text][vc_empty_space][vc_column_text css=\u00a0\u00bb\u00a0\u00bb]<strong>Bike Basics : Entretien et technique \u00e0 v\u00e9lo \u2013 Cours \u00e0 Eupen\u00a0<\/strong><\/p>\n<p>La <strong>Ligue des Sports de l\u2019Est de la Belgique (LOS)<\/strong>, en collaboration avec l\u2019<strong>atelier de r\u00e9paration de v\u00e9lo SOS Fahrradwerkstatt<\/strong>, la<strong> Zone de Police Weser-G\u00f6hl<\/strong> et l\u2019ASBL <strong>Fahr mit<\/strong>, organise r\u00e9guli\u00e8rement un <strong>cours \/ atelier <\/strong><strong>\u00ab\u202fBike Basics\u202f\u00bb (date 2026 \u00e0 d\u00e9terminer)<\/strong><\/p>\n<p>Les participants apprennent \u00e0 mieux <strong>conna\u00eetre leur v\u00e9lo<\/strong>, \u00e0 effectuer de <strong>petites r\u00e9parations<\/strong>, \u00e0 <strong>am\u00e9liorer leur technique de conduite<\/strong> (maniabilit\u00e9 et s\u00e9curit\u00e9) et \u00e0 <strong>respecter le code de la route<\/strong>.<\/p>\n<p>Formule en 3 modules :<\/p>\n<ol>\n<li><strong>Code de la route (th\u00e9orie)<\/strong> : des policiers expliquent les <strong>r\u00e8gles. essentielles pour les cyclistes<\/strong> et donnent des conseils de s\u00e9curit\u00e9 pour la circulation \u00e0 v\u00e9lo.<\/li>\n<li><strong>Entretien du v\u00e9lo<\/strong> (pratique): conseils pratiques pour la <strong>maintenance et les petites r\u00e9parations sur un v\u00e9lo<\/strong>.<\/li>\n<li><strong>Technique de conduite<\/strong> (pratique): freinage, passage de vitesses, virages et \u00e9quilibre : exercices sur un parcours de maniabilit\u00e9 pour contr\u00f4ler sa conduite et am\u00e9liorer sa s\u00e9curit\u00e9 en tant que cycliste sur la route.<\/li>\n<\/ol>\n<p><strong>Ouvert \u00e0 tous types de v\u00e9los<\/strong> (E-bike, v\u00e9lo de course, VTT, gravel&#8230;).<br \/>\nChaque participant apporte son propre v\u00e9lo.<br \/>\nPossibilit\u00e9 de pr\u00eat de v\u00e9los sur demande.<\/p>\n<h3>Infos pratiques<\/h3>\n<ul>\n<li><strong>Lieu<\/strong> : Caserne Irmep Eupen, Bellmerin 46-48, 4700 Eupen<\/li>\n<li><strong>Date et heure<\/strong> : Date 2026 \u00e0 d\u00e9terminer, de 9h00 \u00e0 14h00<\/li>\n<li><strong>Co\u00fbt<\/strong> : Gratuit<\/li>\n<\/ul>\n<p><strong>Remarque<\/strong> : Tenue sportive recommand\u00e9e, casque obligatoire.<br \/>\nPr\u00e9voir un <strong>pique-nique pour la pause d\u00e9jeuner<\/strong>.<\/p>\n<p>L\u2019\u00e9quipe du LOS et les partenaires <strong>SOS-Fahrradwerkstatt, Zone de Police Weser-G\u00f6hl et Fahr mit<\/strong> se r\u00e9jouiront d&rsquo;accueillir de nombreux participants.<\/p>\n<h3><\/h3>\n<h3>Contact<\/h3>\n<p><strong>Daniel Baltus<\/strong><br \/>\n<a href=\"mailto:daniel.baltus@los-ostbelgien.be\">daniel.baltus@los-ostbelgien.be<\/a><br \/>\n0472\/85 87 09<\/p>\n<p><strong>Pour plus d\u2019informations<\/strong> : <a href=\"mailto:kontakt@los-ostbelgien.be\">kontakt@los-ostbelgien.be<\/a><\/p>\n<p><strong>Inscription<\/strong> : <a href=\"https:\/\/www.los-ostbelgien.be\/training\/trainerup-bike-basics-dein-einstieg-in-radpflege-und-fahrtechnik\/\">Bike Basics \u2013 LOS Ostbelgien<\/a>[\/vc_column_text][vc_empty_space][\/vc_column][\/vc_row]<\/p>\n<\/div>","protected":false},"excerpt":{"rendered":"<p>[vc_row][vc_column][vc_column_text css=\u00a0\u00bb\u00a0\u00bb] Atelier v\u00e9lo : parcours en ville et th\u00e9orie \u00ab\u202fBike Basics\u202f\u00bb [\/vc_column_text][vc_column_text css=\u00a0\u00bb\u00a0\u00bb][\/vc_column_text][vc_empty_space][vc_column_text css=\u00a0\u00bb\u00a0\u00bb]Bike Basics : Entretien et technique \u00e0 v\u00e9lo \u2013 Cours \u00e0 Eupen\u00a0 La Ligue des Sports de l\u2019Est de la Belgique (LOS), en collaboration avec l\u2019atelier de r\u00e9paration de v\u00e9lo SOS Fahrradwerkstatt, la Zone de Police Weser-G\u00f6hl et l\u2019ASBL Fahr mit,&hellip;<\/p>\n","protected":false},"author":3,"featured_media":7857,"parent":0,"menu_order":0,"comment_status":"closed","ping_status":"closed","template":"","meta":{"_monsterinsights_skip_tracking":false,"_monsterinsights_sitenote_active":false,"_monsterinsights_sitenote_note":"","_monsterinsights_sitenote_category":0,"footnotes":""},"class_list":["post-7889","page","type-page","status-publish","has-post-thumbnail","hentry","description-off"],"_links":{"self":[{"href":"https:\/\/fahrmit.be\/fr\/wp-json\/wp\/v2\/pages\/7889","targetHints":{"allow":["GET"]}}],"collection":[{"href":"https:\/\/fahrmit.be\/fr\/wp-json\/wp\/v2\/pages"}],"about":[{"href":"https:\/\/fahrmit.be\/fr\/wp-json\/wp\/v2\/types\/page"}],"author":[{"embeddable":true,"href":"https:\/\/fahrmit.be\/fr\/wp-json\/wp\/v2\/users\/3"}],"replies":[{"embeddable":true,"href":"https:\/\/fahrmit.be\/fr\/wp-json\/wp\/v2\/comments?post=7889"}],"version-history":[{"count":13,"href":"https:\/\/fahrmit.be\/fr\/wp-json\/wp\/v2\/pages\/7889\/revisions"}],"predecessor-version":[{"id":9686,"href":"https:\/\/fahrmit.be\/fr\/wp-json\/wp\/v2\/pages\/7889\/revisions\/9686"}],"wp:featuredmedia":[{"embeddable":true,"href":"https:\/\/fahrmit.be\/fr\/wp-json\/wp\/v2\/media\/7857"}],"wp:attachment":[{"href":"https:\/\/fahrmit.be\/fr\/wp-json\/wp\/v2\/media?parent=7889"}],"curies":[{"name":"wp","href":"https:\/\/api.w.org\/{rel}","templated":true}]}}