{"id":7882,"date":"2025-03-17T09:17:28","date_gmt":"2025-03-17T09:17:28","guid":{"rendered":"https:\/\/fahrmit.be\/?page_id=7882"},"modified":"2026-02-17T14:13:04","modified_gmt":"2026-02-17T14:13:04","slug":"my-bike-me","status":"publish","type":"page","link":"https:\/\/fahrmit.be\/fr\/my-bike-me\/","title":{"rendered":"My bike &#038; me : cours th\u00e9orique et pratique (gratuit et en petits groupes)"},"content":{"rendered":"<div class=\"wpb-content-wrapper\"><p>[vc_row][vc_column][vc_single_image image=\u00a0\u00bb7880&Prime; img_size=\u00a0\u00bbmedium\u00a0\u00bb alignment=\u00a0\u00bbcenter\u00a0\u00bb css=\u00a0\u00bb\u00a0\u00bb][vc_empty_space height=\u00a0\u00bb20px\u00a0\u00bb][vc_separator][vc_empty_space height=\u00a0\u00bb20px\u00a0\u00bb][\/vc_column][\/vc_row][vc_row css=\u00a0\u00bb.vc_custom_1533113308767{margin-top: 25px !important;}\u00a0\u00bb][vc_column width=\u00a0\u00bb1\/2&Prime;][vc_column_text css=\u00a0\u00bb\u00a0\u00bb]<\/p>\n<h2>Rouler \u00e0 v\u00e9lo en toute s\u00e9curit\u00e9<\/h2>\n<p>[\/vc_column_text][vc_empty_space][vc_column_text css=\u00a0\u00bb\u00a0\u00bb]<strong>Cyclistes, comment se sentir plus en s\u00e9curit\u00e9 sur la route?<\/strong><\/p>\n<p>Fahr mit a re\u00e7u des demandes de citoyens \u00e0 v\u00e9lo voulant <strong>apprendre \u00e0 se sentir plus s\u00fbr sur la route<\/strong>. C&rsquo;est pour cela qu&rsquo;un <strong>cours th\u00e9orique et pratique<\/strong> a \u00e9t\u00e9 d\u00e9velopp\u00e9 dans le nord des Cantons de l&rsquo;Est, sur le territoire du GAL Entre Vesdre et Gueule (Eupen, Lontzen, Kelmis et Raeren).<\/p>\n<p>L&rsquo;initiative a vu le jour en 2025 par un <strong>partenariat<\/strong> entre l&rsquo;<strong>asbl Fahr mit<\/strong> et des policiers de la <strong>Zone de police Weser-G\u00f6hl<\/strong>.<\/p>\n<p>D\u00e9sormais, dans le nord de la Communaut\u00e9 germanophone, des <strong>formations de 3 heures<\/strong> sont r\u00e9guli\u00e8rement propos\u00e9es, en allemand et en fran\u00e7ais.<\/p>\n<p><strong>D\u00e9roulement du cours :<\/strong><\/p>\n<ul>\n<li>Partie th\u00e9orique (1h30) : <strong>pr\u00e9sentation interactive<\/strong> pour tester ses connaissances de base et passer en revue les r\u00e8gles sp\u00e9cifiques du <strong>code de la route des cyclistes.<br \/>\n<\/strong><\/li>\n<li>Partie pratique (1h30) : <strong>chaque participant enfourche son v\u00e9lo<\/strong> et part en convoi exp\u00e9rimenter le terrain; 1 policier \u00e0 l&rsquo;avant et l&#8217;employ\u00e9e de Fahr mit derri\u00e8re. <strong>Passage par des points g\u00e9n\u00e9rateurs de trafic, des rues \u00e0 sens unique limit\u00e9, des ronds-points et des rues cyclables notamment.<\/strong><\/li>\n<\/ul>\n<p><strong>Conditions de participation :<\/strong><\/p>\n<ul>\n<li>\u00c2ge minimum : 18 ans<\/li>\n<li>Savoir rouler \u00e0 v\u00e9lo<\/li>\n<li>Apporter <strong>son casque et son propre v\u00e9lo en parfait \u00e9tat de fonctionnement<\/strong> : pneus gonfl\u00e9s, freins fonctionnels, phares et r\u00e9flecteurs correctement install\u00e9s<\/li>\n<li>Porter le <strong>gilet fluorescent<\/strong> qui lui est pr\u00eat\u00e9<\/li>\n<li>Respecter les consignes<\/li>\n<\/ul>\n<p>Vous souhaitez apprendre \u00e0 <strong>rouler \u00e0 v\u00e9lo en toute s\u00e9curit\u00e9 sur la route<\/strong> ?<br \/>\nEn 2026, ces cours seront \u00e9galement donn\u00e9s <strong>sur le territoire du GAL 100 Villages &#8211; 1 Avenir<\/strong> (Saint Vith, Burg-Reuland, Amel, B\u00fctgenbach et B\u00fcllingen) en partenariat avec la Zone de police de l&rsquo;Eifel belge<br \/>\net sur le territoire du <strong>GAL Fagnes Haute Ambl\u00e8ve<\/strong> (Waimes, Malmedy, Stavelot et Stoumont) en collaboration avec la Zone de police Malmedy-Stavelot.<br \/>\nLes dates et lieux seront disponibles tr\u00e8s prochainement sur cette page et les inscriptions se feront via le<strong>\u00a0formulaire en ligne<\/strong>.[\/vc_column_text][vc_empty_space][\/vc_column][vc_column width=\u00a0\u00bb1\/2&Prime;][vc_empty_space][vc_column_text css=\u00a0\u00bb\u00a0\u00bb]<strong>Groupes <\/strong><strong> de 10 \u00e0 15 personnes maximum. <\/strong>Possibilit\u00e9 de r\u00e9server un cours <strong>\u00e0 une autre date <\/strong>pour 1 groupe de min. 10 personnes (groupe scolaire, mouvement de jeunesse&#8230;).<\/p>\n<p><strong>Pour toute question<\/strong> : info@fahrmit.be<\/p>\n<p><strong>Lieux et dates des formations :<\/strong><\/p>\n<ul>\n<li><strong>Eupen<\/strong> : chez Fahr mit, N\u00f6retherstra\u00dfe 53<\/li>\n<li><strong>La Calamine \/ Kelmis<\/strong> : \u00e9cole communale Hergenrath, Altenberger Stra\u00dfe 15<\/li>\n<li><strong>Raeren<\/strong> : maison de village Eynatten, Lichtenbuscher Str. 27<\/li>\n<li><strong>Waimes<\/strong> (\u00e0 d\u00e9terminer)<\/li>\n<li><strong>Malmedy<\/strong> (\u00e0 d\u00e9terminer)<\/li>\n<li><strong>Stavelot<\/strong> (\u00e0 d\u00e9terminer)<\/li>\n<li><strong>Stoumont<\/strong> (\u00e0 d\u00e9terminer)<\/li>\n<li><strong>Saint Vith<\/strong> (\u00e0 d\u00e9terminer)<\/li>\n<\/ul>\n<p>[\/vc_column_text][vc_empty_space][vc_column_text css=\u00a0\u00bb\u00a0\u00bb]<strong>Dates prochainement d\u00e9termin\u00e9es\u00a0<\/strong><\/p>\n<p>[\/vc_column_text][vc_empty_space][vc_single_image image=\u00a0\u00bb7881&Prime; img_size=\u00a0\u00bbmedium\u00a0\u00bb css=\u00a0\u00bb\u00a0\u00bb][\/vc_column][\/vc_row][vc_row css=\u00a0\u00bb.vc_custom_1538381296199{padding-top: 40px !important;}\u00a0\u00bb][vc_column][vc_separator][\/vc_column][\/vc_row][vc_section][vc_row full_width=\u00a0\u00bbstretch_row\u00a0\u00bb css=\u00a0\u00bb.vc_custom_1533106395501{margin-top: 50px !important;}\u00a0\u00bb][vc_column width=\u00a0\u00bb1\/5&Prime; css=\u00a0\u00bb.vc_custom_1537790135452{padding-top: 50px !important;}\u00a0\u00bb][\/vc_column][vc_column width=\u00a0\u00bb3\/5&Prime;]<div class=\"dt-fancy-separator h3-size accent-title-color accent-border-color\" style=\"width: 100%;\"><div class=\"dt-fancy-title\"><span class=\"separator-holder separator-left\"><\/span>Avec le soutien de<span class=\"separator-holder separator-right\"><\/span><\/div><\/div>[\/vc_column][vc_column width=\u00a0\u00bb1\/5&Prime;][\/vc_column][\/vc_row][vc_row css=\u00a0\u00bb.vc_custom_1532951531627{margin-top: 50px !important;}\u00a0\u00bb][vc_column][vc_row_inner css=\u00a0\u00bb.vc_custom_1739263838297{margin-bottom: 30px !important;}\u00a0\u00bb][vc_column_inner width=\u00a0\u00bb1\/5&Prime;][vc_single_image image=\u00a0\u00bb7266&Prime; img_size=\u00a0\u00bbfull\u00a0\u00bb onclick=\u00a0\u00bbcustom_link\u00a0\u00bb img_link_target=\u00a0\u00bb_blank\u00a0\u00bb css=\u00a0\u00bb\u00a0\u00bb link=\u00a0\u00bbhttps:\/\/leader-ostbelgien.be\/lag-100-doerfer-1-zukunft\/\u00a0\u00bb][\/vc_column_inner][vc_column_inner width=\u00a0\u00bb1\/5&Prime;][vc_single_image image=\u00a0\u00bb7267&Prime; img_size=\u00a0\u00bbfull\u00a0\u00bb onclick=\u00a0\u00bbcustom_link\u00a0\u00bb img_link_target=\u00a0\u00bb_blank\u00a0\u00bb css=\u00a0\u00bb\u00a0\u00bb link=\u00a0\u00bbhttps:\/\/leader-ostbelgien.be\/lag-zwischen-weser-und-goehl\/\u00a0\u00bb][\/vc_column_inner][vc_column_inner width=\u00a0\u00bb1\/5&Prime;][vc_single_image image=\u00a0\u00bb7268&Prime; img_size=\u00a0\u00bbfull\u00a0\u00bb onclick=\u00a0\u00bbcustom_link\u00a0\u00bb img_link_target=\u00a0\u00bb_blank\u00a0\u00bb css=\u00a0\u00bb\u00a0\u00bb link=\u00a0\u00bbhttps:\/\/www.gal-fagnes-hauteambleve.be\/\u00a0\u00bb][\/vc_column_inner][vc_column_inner width=\u00a0\u00bb1\/5&Prime;][vc_single_image image=\u00a0\u00bb7269&Prime; img_size=\u00a0\u00bbfull\u00a0\u00bb css=\u00a0\u00bb\u00a0\u00bb][\/vc_column_inner][vc_column_inner width=\u00a0\u00bb1\/5&Prime;][vc_single_image image=\u00a0\u00bb7270&Prime; img_size=\u00a0\u00bbfull\u00a0\u00bb onclick=\u00a0\u00bbcustom_link\u00a0\u00bb img_link_target=\u00a0\u00bb_blank\u00a0\u00bb css=\u00a0\u00bb\u00a0\u00bb link=\u00a0\u00bbhttps:\/\/www.wallonie.be\/fr\u00a0\u00bb][\/vc_column_inner][\/vc_row_inner][vc_row_inner content_placement=\u00a0\u00bbmiddle\u00a0\u00bb css=\u00a0\u00bb.vc_custom_1739439137431{margin-bottom: 30px !important;}\u00a0\u00bb][vc_column_inner width=\u00a0\u00bb1\/5&Prime;][vc_single_image image=\u00a0\u00bb7271&Prime; img_size=\u00a0\u00bbfull\u00a0\u00bb onclick=\u00a0\u00bbcustom_link\u00a0\u00bb img_link_target=\u00a0\u00bb_blank\u00a0\u00bb css=\u00a0\u00bb\u00a0\u00bb link=\u00a0\u00bbhttps:\/\/miteinander.be\/\u00a0\u00bb][\/vc_column_inner][vc_column_inner width=\u00a0\u00bb1\/5&Prime;][vc_single_image image=\u00a0\u00bb7272&Prime; img_size=\u00a0\u00bbfull\u00a0\u00bb onclick=\u00a0\u00bbcustom_link\u00a0\u00bb img_link_target=\u00a0\u00bb_blank\u00a0\u00bb css=\u00a0\u00bb\u00a0\u00bb link=\u00a0\u00bbhttps:\/\/buergerfonds.be\/\u00a0\u00bb][\/vc_column_inner][vc_column_inner width=\u00a0\u00bb1\/5&Prime;][vc_single_image image=\u00a0\u00bb7273&Prime; img_size=\u00a0\u00bbfull\u00a0\u00bb onclick=\u00a0\u00bbcustom_link\u00a0\u00bb img_link_target=\u00a0\u00bb_blank\u00a0\u00bb css=\u00a0\u00bb\u00a0\u00bb link=\u00a0\u00bbhttps:\/\/clm-ostbelgien.be\/de\/\u00a0\u00bb][\/vc_column_inner][vc_column_inner width=\u00a0\u00bb1\/5&Prime;][vc_single_image image=\u00a0\u00bb7274&Prime; img_size=\u00a0\u00bbfull\u00a0\u00bb onclick=\u00a0\u00bbcustom_link\u00a0\u00bb img_link_target=\u00a0\u00bb_blank\u00a0\u00bb css=\u00a0\u00bb\u00a0\u00bb link=\u00a0\u00bbhttps:\/\/ostbelgienlive.be\/\u00a0\u00bb][\/vc_column_inner][vc_column_inner width=\u00a0\u00bb1\/5&Prime;][vc_column_text css=\u00a0\u00bb\u00a0\u00bb]<\/p>\n<p style=\"text-align: center;\"><strong>Avec le soutien des communes<\/strong><\/p>\n<p>[\/vc_column_text][\/vc_column_inner][\/vc_row_inner][\/vc_column][\/vc_row][\/vc_section]<\/p>\n<\/div>","protected":false},"excerpt":{"rendered":"<p>[vc_row][vc_column][vc_single_image image=\u00a0\u00bb7880&Prime; img_size=\u00a0\u00bbmedium\u00a0\u00bb alignment=\u00a0\u00bbcenter\u00a0\u00bb css=\u00a0\u00bb\u00a0\u00bb][vc_empty_space height=\u00a0\u00bb20px\u00a0\u00bb][vc_separator][vc_empty_space height=\u00a0\u00bb20px\u00a0\u00bb][\/vc_column][\/vc_row][vc_row css=\u00a0\u00bb.vc_custom_1533113308767{margin-top: 25px !important;}\u00a0\u00bb][vc_column width=\u00a0\u00bb1\/2&Prime;][vc_column_text css=\u00a0\u00bb\u00a0\u00bb] Rouler \u00e0 v\u00e9lo en toute s\u00e9curit\u00e9 [\/vc_column_text][vc_empty_space][vc_column_text css=\u00a0\u00bb\u00a0\u00bb]Cyclistes, comment se sentir plus en s\u00e9curit\u00e9 sur la route? Fahr mit a re\u00e7u des demandes de citoyens \u00e0 v\u00e9lo voulant apprendre \u00e0 se sentir plus s\u00fbr sur la route. C&rsquo;est pour cela qu&rsquo;un cours th\u00e9orique&hellip;<\/p>\n","protected":false},"author":3,"featured_media":0,"parent":0,"menu_order":0,"comment_status":"closed","ping_status":"closed","template":"","meta":{"_monsterinsights_skip_tracking":false,"_monsterinsights_sitenote_active":false,"_monsterinsights_sitenote_note":"","_monsterinsights_sitenote_category":0,"footnotes":""},"class_list":["post-7882","page","type-page","status-publish","hentry","description-off"],"_links":{"self":[{"href":"https:\/\/fahrmit.be\/fr\/wp-json\/wp\/v2\/pages\/7882","targetHints":{"allow":["GET"]}}],"collection":[{"href":"https:\/\/fahrmit.be\/fr\/wp-json\/wp\/v2\/pages"}],"about":[{"href":"https:\/\/fahrmit.be\/fr\/wp-json\/wp\/v2\/types\/page"}],"author":[{"embeddable":true,"href":"https:\/\/fahrmit.be\/fr\/wp-json\/wp\/v2\/users\/3"}],"replies":[{"embeddable":true,"href":"https:\/\/fahrmit.be\/fr\/wp-json\/wp\/v2\/comments?post=7882"}],"version-history":[{"count":11,"href":"https:\/\/fahrmit.be\/fr\/wp-json\/wp\/v2\/pages\/7882\/revisions"}],"predecessor-version":[{"id":9690,"href":"https:\/\/fahrmit.be\/fr\/wp-json\/wp\/v2\/pages\/7882\/revisions\/9690"}],"wp:attachment":[{"href":"https:\/\/fahrmit.be\/fr\/wp-json\/wp\/v2\/media?parent=7882"}],"curies":[{"name":"wp","href":"https:\/\/api.w.org\/{rel}","templated":true}]}}