{"id":7865,"date":"2025-02-13T09:01:56","date_gmt":"2025-02-13T09:01:56","guid":{"rendered":"https:\/\/fahrmit.be\/?page_id=7865"},"modified":"2026-02-17T12:45:41","modified_gmt":"2026-02-17T12:45:41","slug":"challenge-un-mois-avancer-autrement","status":"publish","type":"page","link":"https:\/\/fahrmit.be\/fr\/challenge-un-mois-avancer-autrement\/","title":{"rendered":"Challenge 2025 &#8211; 1 mois pour avancer autrement en milieu rural"},"content":{"rendered":"<div class=\"wpb-content-wrapper\"><p>[vc_row][vc_column][vc_empty_space height=\u00a0\u00bb75px\u00a0\u00bb][vc_single_image image=\u00a0\u00bb7863&Prime; img_size=\u00a0\u00bbmedium\u00a0\u00bb alignment=\u00a0\u00bbcenter\u00a0\u00bb css=\u00a0\u00bb\u00a0\u00bb][vc_empty_space height=\u00a0\u00bb20px\u00a0\u00bb][vc_separator][vc_empty_space height=\u00a0\u00bb20px\u00a0\u00bb][\/vc_column][\/vc_row][vc_row css=\u00a0\u00bb.vc_custom_1533113308767{margin-top: 25px !important;}\u00a0\u00bb][vc_column width=\u00a0\u00bb1\/2&Prime;][vc_column_text css=\u00a0\u00bb\u00a0\u00bb]<\/p>\n<h2>D\u00e9fi \u201c1 mois pour avancer autrement en milieu rural\u201d du 1er au 31 mai 2025 &#8211; \u00e9dition n\u00b01<\/h2>\n<p>[\/vc_column_text][vc_empty_space][vc_column_text css=\u00a0\u00bb\u00a0\u00bb]Une op\u00e9ration in\u00e9dite de <em>Fahr mit<\/em> r\u00e9alis\u00e9e en mai 2025 : \u00ab Un mois pour avancer autrement en milieu rural \u00bb.<\/p>\n<p><strong>Les objectifs ? Sensibiliser les citoyens aux bienfaits du v\u00e9lo, de la marche, inciter \u00e0 utiliser les transports en commun, le covoiturage et les voitures partag\u00e9es, passer \u00e0 l\u2019action et exp\u00e9rimenter des changements de comportement de mobilit\u00e9 pendant 1 mois!\u00a0<\/strong><\/p>\n<p><strong>Changer ses habitudes sur une p\u00e9riode de 4 semaines, relever un d\u00e9fi, essayer gratuitement un v\u00e9lo \u00e0 assistance \u00e9lectrique, constater les bienfaits pour soi-m\u00eame&#8230;\u00a0<\/strong>[\/vc_column_text][vc_empty_space][vc_column_text css=\u00a0\u00bb\u00a0\u00bb]<\/p>\n<h4><strong>Relevez le d\u00e9fi de la mobilit\u00e9! <\/strong><\/h4>\n<p>[\/vc_column_text][vc_column_text css=\u00a0\u00bb\u00a0\u00bb]Savez-vous que la deuxi\u00e8me voiture de la famille co\u00fbte en moyenne 400 euros par mois, soit 4.800 euros par an ? Imaginez tout ce que vous pourriez faire avec cette somme en prenant quelques nouvelles habitudes : des petits trajets \u00e0 pied ou en v\u00e9lo, du covoiturage pour se rendre au travail ou au cin\u00e9ma, pour conduire les enfants \u00e0 l\u2019\u00e9cole ou au sport\u2026[\/vc_column_text][vc_column_text css=\u00a0\u00bb\u00a0\u00bb]Vous \u00eates pr\u00eat(e) \u00e0 envisager de changer vos habitudes et \u00e0 tenter une nouvelle aventure ? Nous recherchons 20 candidats motiv\u00e9s pour vivre une exp\u00e9rience unique ![\/vc_column_text]<div class=\"uavc-list-icon uavc-list-icon-wrapper ult-adjust-bottom-margin   \"><ul class=\"uavc-list\"><li><div class=\"uavc-list-content\" id=\"list-icon-wrap-7759\">\n<div class=\"uavc-list-icon  \" data-animation=\"\" data-animation-delay=\"03\" style=\"margin-right:10px;\"><div class=\"ult-just-icon-wrapper  \"><div class=\"align-icon\" style=\"text-align:center;\">\n<div class=\"aio-icon none \"  style=\"color:#6aaf22;font-size:16px;display:inline-block;\">\n\t<i class=\"Defaults-circle-o\"><\/i>\n<\/div><\/div><\/div>\n<\/div><span  data-ultimate-target='#list-icon-wrap-7759 .uavc-list-desc'  data-responsive-json-new='{\"font-size\":\"\",\"line-height\":\"\"}'  class=\"uavc-list-desc ult-responsive\" style=\"\">Un encadrement personnel par notre \u00e9quipe de trois collaboratrices enthousiastes<\/p>\n<p><\/span><\/div><\/li><li><div class=\"uavc-list-content\" id=\"list-icon-wrap-8557\">\n<div class=\"uavc-list-icon  \" data-animation=\"\" data-animation-delay=\"03\" style=\"margin-right:10px;\"><div class=\"ult-just-icon-wrapper  \"><div class=\"align-icon\" style=\"text-align:center;\">\n<div class=\"aio-icon none \"  style=\"color:#6aaf22;font-size:16px;display:inline-block;\">\n\t<i class=\"Defaults-circle-o\"><\/i>\n<\/div><\/div><\/div>\n<\/div><span  data-ultimate-target='#list-icon-wrap-8557 .uavc-list-desc'  data-responsive-json-new='{\"font-size\":\"\",\"line-height\":\"\"}'  class=\"uavc-list-desc ult-responsive\" style=\"\">Des E-Bikes et des abonnements aux transports en commun offerts gratuitement.<\/span><\/div><\/li><li><div class=\"uavc-list-content\" id=\"list-icon-wrap-7586\">\n<div class=\"uavc-list-icon  \" data-animation=\"\" data-animation-delay=\"03\" style=\"margin-right:10px;\"><div class=\"ult-just-icon-wrapper  \"><div class=\"align-icon\" style=\"text-align:center;\">\n<div class=\"aio-icon none \"  style=\"color:#6aaf22;font-size:16px;display:inline-block;\">\n\t<i class=\"Defaults-circle-o\"><\/i>\n<\/div><\/div><\/div>\n<\/div><span  data-ultimate-target='#list-icon-wrap-7586 .uavc-list-desc'  data-responsive-json-new='{\"font-size\":\"\",\"line-height\":\"\"}'  class=\"uavc-list-desc ult-responsive\" style=\"\">Des avantages exclusifs et de nombreuses surprises \u00e0 d\u00e9couvrir en cours de route!<\/p>\n<p>Ne manquez pas cette opportunit\u00e9\u2026 Rejoignez-nous d\u00e8s maintenant !<\/span><\/div><\/li><\/ul><\/div>[vc_column_text css=\u00a0\u00bb\u00a0\u00bb]Une telle op\u00e9ration ne se met pas en place du jour au lendemain; elle est en pr\u00e9paration depuis plusieurs mois, avec le soutien pr\u00e9cieux de nombreux prestataires locaux des communes partenaires que nous remercions.<br \/>\nSans le soutien des autorit\u00e9s communales de la Communaut\u00e9 germanophone et des communes de Waimes, Malmedy, Stavelot et Stoumont, la r\u00e9ussite du challenge aurait pu \u00eatre compromise. Merci donc pour leur enthousiasme et leur aide dans la r\u00e9alisation de ce projet au c\u0153ur de notre territoire rural.<\/p>\n<p>&nbsp;<\/p>\n<p><strong>Quand ? du 1er au 31 mai 2025<\/strong><\/p>\n<p><strong>Vous aimeriez plus d\u2019infos\u00a0?<\/strong><\/p>\n<p>D\u00e9fi in\u00e9dit dans toute la Wallonie!<br \/>\nVous pensez pouvoir \u00eatre l\u2019un des 20 candidats ?<br \/>\nAlors contactez <a href=\"mailto:cl@fahrmit.be\">info@fahrmit.be<\/a> ou 0471\/02 73 27<\/p>\n<p>&nbsp;<\/p>\n<p>Voila 20 ans que l&rsquo;asbl FAHR MIT s&rsquo;investit pour am\u00e9liorer la mobilit\u00e9 en milieu rural et donner le droit \u00e0 tous de pouvoir se d\u00e9placer sur le territoire de la Communaut\u00e9 germanophone.<br \/>\nEn 2024, Le Groupe d&rsquo;Action Locale (GAL) Fagnes Haute Ambl\u00e8ve, tout r\u00e9cemment cr\u00e9\u00e9, accorde sa confiance \u00e0 Fahr mit pourson expertise et donc mener des actions similaires sur son territoire, soit les communes de Waimes, Malmedy, Stavelot et Stoumont.[\/vc_column_text][\/vc_column][vc_column width=\u00a0\u00bb1\/2&Prime;][vc_single_image image=\u00a0\u00bb7864&Prime; img_size=\u00a0\u00bbfull\u00a0\u00bb alignment=\u00a0\u00bbcenter\u00a0\u00bb onclick=\u00a0\u00bblink_image\u00a0\u00bb css=\u00a0\u00bb\u00a0\u00bb][vc_empty_space]\n<div id=\"interactive-banner-1-wrap-7933\" class=\"ult-banner-block ult-adjust-bottom-margin ult-bb-none ult-banner-block-custom-height banner-style01 \"   style=\"height:50px;\">\n\t<h3  data-ultimate-target='#interactive-banner-1-wrap-7933 .bb-top-title '  data-responsive-json-new='{\"font-size\":\"desktop:20px;\",\"line-height\":\"\"}'  class=\"title-center bb-top-title ult-responsive\" style=\"font-weight:bold;background:#9A0202;color:#ffffff;\">Les inscriptions sont cl\u00f4tur\u00e9es<i class=\"fas fa-info\"  style= \"color:#ffffff;\"><\/i><\/h3>\n\t<div class=\"mask opaque-background\" style=\"background:#FFFFFF;\">\n\t\t<div  data-ultimate-target='#interactive-banner-1-wrap-7933 .bb-description'  data-responsive-json-new='{\"font-size\":\"\",\"line-height\":\"\"}'  class=\"bb-description ult-responsive\" style=\"font-weight:normal;color:#ffffff;\"><\/div>\n\t<\/div>\n<\/div>[\/vc_column][\/vc_row][vc_row css=\u00a0\u00bb.vc_custom_1538381296199{padding-top: 40px !important;}\u00a0\u00bb][vc_column][vc_separator][\/vc_column][\/vc_row][vc_section][vc_row full_width=\u00a0\u00bbstretch_row\u00a0\u00bb css=\u00a0\u00bb.vc_custom_1533106395501{margin-top: 50px !important;}\u00a0\u00bb][vc_column width=\u00a0\u00bb1\/5&Prime; css=\u00a0\u00bb.vc_custom_1537790135452{padding-top: 50px !important;}\u00a0\u00bb][\/vc_column][vc_column width=\u00a0\u00bb3\/5&Prime;]<div class=\"dt-fancy-separator h3-size accent-title-color accent-border-color\" style=\"width: 100%;\"><div class=\"dt-fancy-title\"><span class=\"separator-holder separator-left\"><\/span>Avec le soutien de<span class=\"separator-holder separator-right\"><\/span><\/div><\/div>[\/vc_column][vc_column width=\u00a0\u00bb1\/5&Prime;][\/vc_column][\/vc_row][vc_row css=\u00a0\u00bb.vc_custom_1532951531627{margin-top: 50px !important;}\u00a0\u00bb][vc_column][vc_row_inner css=\u00a0\u00bb.vc_custom_1739263838297{margin-bottom: 30px !important;}\u00a0\u00bb][vc_column_inner width=\u00a0\u00bb1\/5&Prime;][vc_single_image image=\u00a0\u00bb7266&Prime; img_size=\u00a0\u00bbfull\u00a0\u00bb onclick=\u00a0\u00bbcustom_link\u00a0\u00bb img_link_target=\u00a0\u00bb_blank\u00a0\u00bb css=\u00a0\u00bb\u00a0\u00bb link=\u00a0\u00bbhttps:\/\/leader-ostbelgien.be\/lag-100-doerfer-1-zukunft\/\u00a0\u00bb][\/vc_column_inner][vc_column_inner width=\u00a0\u00bb1\/5&Prime;][vc_single_image image=\u00a0\u00bb7267&Prime; img_size=\u00a0\u00bbfull\u00a0\u00bb onclick=\u00a0\u00bbcustom_link\u00a0\u00bb img_link_target=\u00a0\u00bb_blank\u00a0\u00bb css=\u00a0\u00bb\u00a0\u00bb link=\u00a0\u00bbhttps:\/\/leader-ostbelgien.be\/lag-zwischen-weser-und-goehl\/\u00a0\u00bb][\/vc_column_inner][vc_column_inner width=\u00a0\u00bb1\/5&Prime;][vc_single_image image=\u00a0\u00bb7268&Prime; img_size=\u00a0\u00bbfull\u00a0\u00bb onclick=\u00a0\u00bbcustom_link\u00a0\u00bb img_link_target=\u00a0\u00bb_blank\u00a0\u00bb css=\u00a0\u00bb\u00a0\u00bb link=\u00a0\u00bbhttps:\/\/www.gal-fagnes-hauteambleve.be\/\u00a0\u00bb][\/vc_column_inner][vc_column_inner width=\u00a0\u00bb1\/5&Prime;][vc_single_image image=\u00a0\u00bb7269&Prime; img_size=\u00a0\u00bbfull\u00a0\u00bb css=\u00a0\u00bb\u00a0\u00bb][\/vc_column_inner][vc_column_inner width=\u00a0\u00bb1\/5&Prime;][vc_single_image image=\u00a0\u00bb7270&Prime; img_size=\u00a0\u00bbfull\u00a0\u00bb onclick=\u00a0\u00bbcustom_link\u00a0\u00bb img_link_target=\u00a0\u00bb_blank\u00a0\u00bb css=\u00a0\u00bb\u00a0\u00bb link=\u00a0\u00bbhttps:\/\/www.wallonie.be\/fr\u00a0\u00bb][\/vc_column_inner][\/vc_row_inner][vc_row_inner content_placement=\u00a0\u00bbmiddle\u00a0\u00bb css=\u00a0\u00bb.vc_custom_1739439137431{margin-bottom: 30px !important;}\u00a0\u00bb][vc_column_inner width=\u00a0\u00bb1\/5&Prime;][vc_single_image image=\u00a0\u00bb7271&Prime; img_size=\u00a0\u00bbfull\u00a0\u00bb onclick=\u00a0\u00bbcustom_link\u00a0\u00bb img_link_target=\u00a0\u00bb_blank\u00a0\u00bb css=\u00a0\u00bb\u00a0\u00bb link=\u00a0\u00bbhttps:\/\/miteinander.be\/\u00a0\u00bb][\/vc_column_inner][vc_column_inner width=\u00a0\u00bb1\/5&Prime;][vc_single_image image=\u00a0\u00bb7272&Prime; img_size=\u00a0\u00bbfull\u00a0\u00bb onclick=\u00a0\u00bbcustom_link\u00a0\u00bb img_link_target=\u00a0\u00bb_blank\u00a0\u00bb css=\u00a0\u00bb\u00a0\u00bb link=\u00a0\u00bbhttps:\/\/buergerfonds.be\/\u00a0\u00bb][\/vc_column_inner][vc_column_inner width=\u00a0\u00bb1\/5&Prime;][vc_single_image image=\u00a0\u00bb7273&Prime; img_size=\u00a0\u00bbfull\u00a0\u00bb onclick=\u00a0\u00bbcustom_link\u00a0\u00bb img_link_target=\u00a0\u00bb_blank\u00a0\u00bb css=\u00a0\u00bb\u00a0\u00bb link=\u00a0\u00bbhttps:\/\/clm-ostbelgien.be\/de\/\u00a0\u00bb][\/vc_column_inner][vc_column_inner width=\u00a0\u00bb1\/5&Prime;][vc_single_image image=\u00a0\u00bb7274&Prime; img_size=\u00a0\u00bbfull\u00a0\u00bb onclick=\u00a0\u00bbcustom_link\u00a0\u00bb img_link_target=\u00a0\u00bb_blank\u00a0\u00bb css=\u00a0\u00bb\u00a0\u00bb link=\u00a0\u00bbhttps:\/\/ostbelgienlive.be\/\u00a0\u00bb][\/vc_column_inner][vc_column_inner width=\u00a0\u00bb1\/5&Prime;][vc_column_text css=\u00a0\u00bb\u00a0\u00bb]<\/p>\n<p style=\"text-align: center;\"><strong>Avec le soutien des communes<\/strong><\/p>\n<p>[\/vc_column_text][\/vc_column_inner][\/vc_row_inner][\/vc_column][\/vc_row][\/vc_section]<\/p>\n<\/div>","protected":false},"excerpt":{"rendered":"<p>[vc_row][vc_column][vc_empty_space height=\u00a0\u00bb75px\u00a0\u00bb][vc_single_image image=\u00a0\u00bb7863&Prime; img_size=\u00a0\u00bbmedium\u00a0\u00bb alignment=\u00a0\u00bbcenter\u00a0\u00bb css=\u00a0\u00bb\u00a0\u00bb][vc_empty_space height=\u00a0\u00bb20px\u00a0\u00bb][vc_separator][vc_empty_space height=\u00a0\u00bb20px\u00a0\u00bb][\/vc_column][\/vc_row][vc_row css=\u00a0\u00bb.vc_custom_1533113308767{margin-top: 25px !important;}\u00a0\u00bb][vc_column width=\u00a0\u00bb1\/2&Prime;][vc_column_text css=\u00a0\u00bb\u00a0\u00bb] D\u00e9fi \u201c1 mois pour avancer autrement en milieu rural\u201d du 1er au 31 mai 2025 &#8211; \u00e9dition n\u00b01 [\/vc_column_text][vc_empty_space][vc_column_text css=\u00a0\u00bb\u00a0\u00bb]Une op\u00e9ration in\u00e9dite de Fahr mit r\u00e9alis\u00e9e en mai 2025 : \u00ab Un mois pour avancer autrement en milieu rural \u00bb. Les objectifs&hellip;<\/p>\n","protected":false},"author":3,"featured_media":0,"parent":0,"menu_order":0,"comment_status":"closed","ping_status":"closed","template":"","meta":{"_monsterinsights_skip_tracking":false,"_monsterinsights_sitenote_active":false,"_monsterinsights_sitenote_note":"","_monsterinsights_sitenote_category":0,"footnotes":""},"class_list":["post-7865","page","type-page","status-publish","hentry","description-off"],"_links":{"self":[{"href":"https:\/\/fahrmit.be\/fr\/wp-json\/wp\/v2\/pages\/7865","targetHints":{"allow":["GET"]}}],"collection":[{"href":"https:\/\/fahrmit.be\/fr\/wp-json\/wp\/v2\/pages"}],"about":[{"href":"https:\/\/fahrmit.be\/fr\/wp-json\/wp\/v2\/types\/page"}],"author":[{"embeddable":true,"href":"https:\/\/fahrmit.be\/fr\/wp-json\/wp\/v2\/users\/3"}],"replies":[{"embeddable":true,"href":"https:\/\/fahrmit.be\/fr\/wp-json\/wp\/v2\/comments?post=7865"}],"version-history":[{"count":11,"href":"https:\/\/fahrmit.be\/fr\/wp-json\/wp\/v2\/pages\/7865\/revisions"}],"predecessor-version":[{"id":9687,"href":"https:\/\/fahrmit.be\/fr\/wp-json\/wp\/v2\/pages\/7865\/revisions\/9687"}],"wp:attachment":[{"href":"https:\/\/fahrmit.be\/fr\/wp-json\/wp\/v2\/media?parent=7865"}],"curies":[{"name":"wp","href":"https:\/\/api.w.org\/{rel}","templated":true}]}}