{"id":7858,"date":"2020-02-27T14:09:10","date_gmt":"2020-02-27T14:09:10","guid":{"rendered":"https:\/\/fahrmit.be\/?page_id=7858"},"modified":"2026-02-17T12:45:04","modified_gmt":"2026-02-17T12:45:04","slug":"appels-a-projets","status":"publish","type":"page","link":"https:\/\/fahrmit.be\/fr\/appels-a-projets\/","title":{"rendered":"Appels \u00e0 projets"},"content":{"rendered":"<div class=\"wpb-content-wrapper\"><p>[vc_row][vc_column][vc_column_text css=\u00a0\u00bb\u00a0\u00bb]<\/p>\n<table width=\"1574\">\n<tbody>\n<tr>\n<td width=\"1574\">Au cours des pr\u00e9c\u00e9dentes p\u00e9riodes LEADER, Fahr mit a soutenu financi\u00e8rement <strong>34 initiatives de mobilit\u00e9 durable<\/strong>\u00a0\u00e0 travers 6 appels \u00e0 projets, certains communs pour le sud et pour le nord de la Communaut\u00e9 germanophone et certains sp\u00e9cifiques \u00e0 l\u2019un ou l\u2019autre des territoires.\u00a0Le montant engag\u00e9 est de 79 600 \u20ac.<\/td>\n<\/tr>\n<tr>\n<td>Fahr mit poursuit actuellement cet engagement pour la <strong>p\u00e9riode LEADER 2024 \u2013 2027<\/strong>.<\/td>\n<\/tr>\n<tr>\n<td>Les initiatives soutenues portent sur des <strong>propositions d\u2019alternatives \u00e0 l\u2019utilisation de la voiture individuelle en solo<\/strong> (autosolisme) dans les 9 communes de la DG. Cela va du covoiturage aux transports sociaux et\u00a0 solidaires, en passant par le covoiturage, l&rsquo;autopartage et les transports en commun.<\/td>\n<\/tr>\n<tr>\n<td>Les actions men\u00e9es jusqu\u2019en 2023 ont b\u00e9n\u00e9fici\u00e9 \u00e0 des <strong>groupes villageois, des asbl, diverses associations, des conseils de parents, des \u00e9coles, des mouvements de jeunesse et des initiatives locales<\/strong> en Communaut\u00e9 germanophone.<\/td>\n<\/tr>\n<tr>\n<td>Les actions en cours depuis juillet 2024 portent \u00e9galement le territoire du Groupe d&rsquo;Action Locale (GAL) Fagnes Haute Ambl\u00e8ve, soit les communes de Waimes, Malmedy, Stavelot et Stoumont.<\/td>\n<\/tr>\n<tr>\n<td><\/td>\n<\/tr>\n<tr>\n<td>Les Groupes d&rsquo;Action Locale (GALs) font confiance \u00e0 Fahr mit et confient \u00e0 l&rsquo;asbl ces missions importantes de sensibilisation \u00e0 un changement de comportement de mobilit\u00e9.<\/p>\n<p><strong>Le GAL 100 Villages &#8211; 1 Avenir regroupe les communes de Sankt Vith, Burg-Reuland, Amel, B\u00fctgenbach et B\u00fcllingen.<\/strong><br \/>\n<strong>Le GAL Entre Vesdre et Gueule : Eupen, Lontzen, Kelmis et Raeren.<\/strong><br \/>\n<strong>Le GAL Fagnes Haute Ambl\u00e8ve : Waimes, Malmedy, Stavelot et Stoumont.<\/strong><\/td>\n<\/tr>\n<tr>\n<td><\/td>\n<\/tr>\n<tr>\n<td><\/td>\n<\/tr>\n<tr>\n<td><\/td>\n<\/tr>\n<\/tbody>\n<\/table>\n<p>[\/vc_column_text][vc_empty_space][vc_column_text css=\u00a0\u00bb\u00a0\u00bb]Quelques exemples de projets r\u00e9alis\u00e9s par Fahr mit :<\/p>\n<ul>\n<li><strong>Pr\u00eats de v\u00e9los \u00e9lectriques<\/strong> pour la p\u00e9dagogie par l\u2019exp\u00e9rience, les employ\u00e9s d\u2019une entreprise de services, le transport de marchandises<\/li>\n<li><strong>Mise en place de bornes de recharge pour v\u00e9los \u00e9lectriques<\/strong> et caissons de rangement pour casques et sacs<\/li>\n<li><strong>Mise \u00e0 disposition de stations de r\u00e9paration de v\u00e9los<\/strong><\/li>\n<li><strong>Achat d&rsquo;un rickshaw \u00e0 v\u00e9lo<\/strong> pour les sorties avec des seniors<\/li>\n<li><strong>Mise \u00e0 disposition d&rsquo;un v\u00e9lo cargo<\/strong> \u00e0 emprunter pour le transport d\u2019enfants<\/li>\n<li><strong>Mise \u00e0 disposition de remorques \u00e0 v\u00e9lo<\/strong> \u00e0 emprunter<\/li>\n<li><strong>Achat de mat\u00e9riel de mobilit\u00e9 pour les \u00e9coles<\/strong><\/li>\n<li><strong>Mise en place d&rsquo;abris \/ supports \u00e0 v\u00e9los<\/strong> pour des \u00e9coles<\/li>\n<li><strong>Don de mat\u00e9riel de sensibilisation et de s\u00e9curit\u00e9<\/strong> pour les abords d&rsquo;\u00e9coles<\/li>\n<li><strong>Organisation d&rsquo;un transport en bus<\/strong> pour les groupes de jeunes et de sport adapt\u00e9<\/li>\n<li><strong>Organisation d&rsquo;un parcours d\u2019agilit\u00e9<\/strong> pour les jeunes enfants<\/li>\n<li><strong>Mise en place de services de transport \u00e0 la demande<\/strong><\/li>\n<li><strong>Achat de mat\u00e9riel de r\u00e9paration de v\u00e9los<\/strong><\/li>\n<\/ul>\n<p>[\/vc_column_text][\/vc_column][\/vc_row][vc_row bg_type=\u00a0\u00bbimage\u00a0\u00bb parallax_style=\u00a0\u00bbvcpb-default\u00a0\u00bb bg_image_new=\u00a0\u00bbid^1031|url^https:\/\/fahrmit.be\/wp-content\/uploads\/2018\/08\/Fahrmit-banner-footer.jpg|caption^null|alt^null|title^Fahrmit-banner-footer|description^null\u00a0\u00bb css=\u00a0\u00bb.vc_custom_1681298659400{margin-top: 50px !important;border-radius: 2px !important;}\u00a0\u00bb][vc_column][vc_column_text css=\u00a0\u00bb.vc_custom_1760603792210{margin-top: 20px !important;margin-right: 20px !important;margin-bottom: 20px !important;margin-left: 20px !important;border-radius: 1px !important;}\u00a0\u00bb]<span style=\"color: #ffffff;\"><strong>Nous vous tiendrons inform\u00e9s du lancement du prochain appel \u00e0 projets et des initiatives que nous souhaitons soutenir, ainsi que du montant des financements pr\u00e9vus. Restez \u00e0 l\u2019\u00e9coute !<br \/>\n<\/strong><\/span>[\/vc_column_text][\/vc_column][\/vc_row][vc_row][vc_column][vc_empty_space][vc_masonry_media_grid css=\u00a0\u00bb\u00a0\u00bb grid_id=\u00a0\u00bbvc_gid:1770133100405-d8a18f8e-f508-9&Prime; include=\u00a0\u00bb7848,7849,7850,7851,7852,7853,7854,7855,7856&Prime;][\/vc_column][\/vc_row]<\/p>\n<\/div>","protected":false},"excerpt":{"rendered":"<p>[vc_row][vc_column][vc_column_text css=\u00a0\u00bb\u00a0\u00bb] Au cours des pr\u00e9c\u00e9dentes p\u00e9riodes LEADER, Fahr mit a soutenu financi\u00e8rement 34 initiatives de mobilit\u00e9 durable\u00a0\u00e0 travers 6 appels \u00e0 projets, certains communs pour le sud et pour le nord de la Communaut\u00e9 germanophone et certains sp\u00e9cifiques \u00e0 l\u2019un ou l\u2019autre des territoires.\u00a0Le montant engag\u00e9 est de 79 600 \u20ac. Fahr mit poursuit&hellip;<\/p>\n","protected":false},"author":3,"featured_media":7857,"parent":0,"menu_order":0,"comment_status":"closed","ping_status":"closed","template":"","meta":{"_monsterinsights_skip_tracking":false,"_monsterinsights_sitenote_active":false,"_monsterinsights_sitenote_note":"","_monsterinsights_sitenote_category":0,"footnotes":""},"class_list":["post-7858","page","type-page","status-publish","has-post-thumbnail","hentry","description-off"],"_links":{"self":[{"href":"https:\/\/fahrmit.be\/fr\/wp-json\/wp\/v2\/pages\/7858","targetHints":{"allow":["GET"]}}],"collection":[{"href":"https:\/\/fahrmit.be\/fr\/wp-json\/wp\/v2\/pages"}],"about":[{"href":"https:\/\/fahrmit.be\/fr\/wp-json\/wp\/v2\/types\/page"}],"author":[{"embeddable":true,"href":"https:\/\/fahrmit.be\/fr\/wp-json\/wp\/v2\/users\/3"}],"replies":[{"embeddable":true,"href":"https:\/\/fahrmit.be\/fr\/wp-json\/wp\/v2\/comments?post=7858"}],"version-history":[{"count":8,"href":"https:\/\/fahrmit.be\/fr\/wp-json\/wp\/v2\/pages\/7858\/revisions"}],"predecessor-version":[{"id":8503,"href":"https:\/\/fahrmit.be\/fr\/wp-json\/wp\/v2\/pages\/7858\/revisions\/8503"}],"wp:featuredmedia":[{"embeddable":true,"href":"https:\/\/fahrmit.be\/fr\/wp-json\/wp\/v2\/media\/7857"}],"wp:attachment":[{"href":"https:\/\/fahrmit.be\/fr\/wp-json\/wp\/v2\/media?parent=7858"}],"curies":[{"name":"wp","href":"https:\/\/api.w.org\/{rel}","templated":true}]}}