{"id":7844,"date":"2025-07-01T07:30:39","date_gmt":"2025-07-01T07:30:39","guid":{"rendered":"https:\/\/fahrmit.be\/?page_id=7844"},"modified":"2026-02-17T14:12:39","modified_gmt":"2026-02-17T14:12:39","slug":"projet-interreg","status":"publish","type":"page","link":"https:\/\/fahrmit.be\/fr\/projet-interreg\/","title":{"rendered":"Projet INTERREG : Un projet Interreg est une initiative de coop\u00e9ration transfrontali\u00e8re, transnationale ou interr\u00e9gionale financ\u00e9e par l&rsquo;Union europ\u00e9enne via le Fonds europ\u00e9en de d\u00e9veloppement r\u00e9gional (FEDER). Il rassemble des partenaires de plusieurs pays pour r\u00e9soudre des d\u00e9fis communs (mobilit\u00e9, environnement, \u00e9conomie) et am\u00e9liorer la vie des citoyens frontaliers."},"content":{"rendered":"<div class=\"wpb-content-wrapper\"><p>[vc_row][vc_column][vc_row_inner][vc_column_inner][\/vc_column_inner][\/vc_row_inner]<div class=\"dt-fancy-separator title-left h3-size style-dashed accent-title-color\" style=\"width: 100%;\"><div class=\"dt-fancy-title\"><span class=\"separator-holder separator-left\" style=\"border-color: #6aaf22;\"><\/span>Depuis janvier 2025, l\u2019asbl Fahr mit est partenaire du projet INTERREG TRANSIT de l\u2019Euregio Meuse-Rhin, dont l\u2019objectif est de promouvoir la coop\u00e9ration transfrontali\u00e8re entre acteurs de la mobilit\u00e9 en Belgique, aux Pays-Bas et en Allemagne et de favoriser\/d\u00e9velopper une mobilit\u00e9 active et plus durable, notamment pour les navetteurs transfrontaliers.<span class=\"separator-holder separator-right\" style=\"border-color: #6aaf22;\"><\/span><\/div><\/div>[\/vc_column][\/vc_row][vc_row css=\u00a0\u00bb.vc_custom_1533113308767{margin-top: 25px !important;}\u00a0\u00bb][vc_column][vc_column_text css=\u00a0\u00bb\u00a0\u00bb]Le <strong>Projet Interreg<\/strong> a pour mission de rassemble les acteurs de la mobilit\u00e9 (<strong>SNCB, TEC, AVV, Arriva.<\/strong>..) et de d\u00e9velopper la <strong>gestion et l&rsquo;organisation transfrontali\u00e8re de la mobilit\u00e9<\/strong>, afin de permettre aux <strong>travailleurs frontaliers<\/strong> (navetteurs) de se d\u00e9placer <strong>entre la Belgique, l&rsquo;Allemagne et les Pays-Bas<\/strong> de mani\u00e8re plus facile, plus fluide et plus respectueuse de l\u2019environnement.<\/p>\n<p>Pour ce projet subventionn\u00e9, les partenaires de coop\u00e9ration ont con\u00e7u de <strong>nombreuses mesures<\/strong>, dont le <strong>conseil aux employeurs<\/strong> qui incite leurs travailleurs\/salari\u00e9s \u00e0 adopter une mobilit\u00e9 quotidienne \u00e9cologique.<\/p>\n<p>L\u2019asbl Fahr mit est tr\u00e8s enthousiaste de participer \u00e0 ce premier projet de mobilit\u00e9 transfrontali\u00e8re et se r\u00e9jouit de la collaboration avec les acteurs de la mobilit\u00e9 belges, allemands et n\u00e9erlandais.<\/p>\n<p>P\u00e9riode du projet: 2025-2027.<br \/>\nPour en savoir plus sur le projet : <a href=\"https:\/\/avv.de\/de\/ueber-uns\/projekte\/transit\"><strong>https:\/\/avv.de\/de\/ueber-uns\/projekte\/transit.<\/strong><\/a>[\/vc_column_text][vc_empty_space height=\u00a0\u00bb50px\u00a0\u00bb][vc_single_image image=\u00a0\u00bb7843&Prime; img_size=\u00a0\u00bbfull\u00a0\u00bb css=\u00a0\u00bb\u00a0\u00bb][\/vc_column][\/vc_row][vc_row][vc_column][vc_separator][\/vc_column][\/vc_row][vc_section][vc_row full_width=\u00a0\u00bbstretch_row\u00a0\u00bb css=\u00a0\u00bb.vc_custom_1533106395501{margin-top: 50px !important;}\u00a0\u00bb][vc_column width=\u00a0\u00bb1\/5&Prime; css=\u00a0\u00bb.vc_custom_1537790135452{padding-top: 50px !important;}\u00a0\u00bb][\/vc_column][vc_column width=\u00a0\u00bb3\/5&Prime;]<div class=\"dt-fancy-separator h3-size accent-title-color accent-border-color\" style=\"width: 100%;\"><div class=\"dt-fancy-title\"><span class=\"separator-holder separator-left\"><\/span>Avec le soutien de<span class=\"separator-holder separator-right\"><\/span><\/div><\/div>[\/vc_column][vc_column width=\u00a0\u00bb1\/5&Prime;][\/vc_column][\/vc_row][vc_row css=\u00a0\u00bb.vc_custom_1532951531627{margin-top: 50px !important;}\u00a0\u00bb][vc_column][vc_row_inner css=\u00a0\u00bb.vc_custom_1739263838297{margin-bottom: 30px !important;}\u00a0\u00bb][vc_column_inner width=\u00a0\u00bb1\/5&Prime;][vc_single_image image=\u00a0\u00bb7266&Prime; img_size=\u00a0\u00bbfull\u00a0\u00bb onclick=\u00a0\u00bbcustom_link\u00a0\u00bb img_link_target=\u00a0\u00bb_blank\u00a0\u00bb css=\u00a0\u00bb\u00a0\u00bb link=\u00a0\u00bbhttps:\/\/leader-ostbelgien.be\/lag-100-doerfer-1-zukunft\/\u00a0\u00bb][\/vc_column_inner][vc_column_inner width=\u00a0\u00bb1\/5&Prime;][vc_single_image image=\u00a0\u00bb7267&Prime; img_size=\u00a0\u00bbfull\u00a0\u00bb onclick=\u00a0\u00bbcustom_link\u00a0\u00bb img_link_target=\u00a0\u00bb_blank\u00a0\u00bb css=\u00a0\u00bb\u00a0\u00bb link=\u00a0\u00bbhttps:\/\/leader-ostbelgien.be\/lag-zwischen-weser-und-goehl\/\u00a0\u00bb][\/vc_column_inner][vc_column_inner width=\u00a0\u00bb1\/5&Prime;][vc_single_image image=\u00a0\u00bb7268&Prime; img_size=\u00a0\u00bbfull\u00a0\u00bb onclick=\u00a0\u00bbcustom_link\u00a0\u00bb img_link_target=\u00a0\u00bb_blank\u00a0\u00bb css=\u00a0\u00bb\u00a0\u00bb link=\u00a0\u00bbhttps:\/\/www.gal-fagnes-hauteambleve.be\/\u00a0\u00bb][\/vc_column_inner][vc_column_inner width=\u00a0\u00bb1\/5&Prime;][vc_single_image image=\u00a0\u00bb7269&Prime; img_size=\u00a0\u00bbfull\u00a0\u00bb css=\u00a0\u00bb\u00a0\u00bb][\/vc_column_inner][vc_column_inner width=\u00a0\u00bb1\/5&Prime;][vc_single_image image=\u00a0\u00bb7270&Prime; img_size=\u00a0\u00bbfull\u00a0\u00bb onclick=\u00a0\u00bbcustom_link\u00a0\u00bb img_link_target=\u00a0\u00bb_blank\u00a0\u00bb css=\u00a0\u00bb\u00a0\u00bb link=\u00a0\u00bbhttps:\/\/www.wallonie.be\/fr\u00a0\u00bb][\/vc_column_inner][\/vc_row_inner][vc_row_inner content_placement=\u00a0\u00bbmiddle\u00a0\u00bb css=\u00a0\u00bb.vc_custom_1739439137431{margin-bottom: 30px !important;}\u00a0\u00bb][vc_column_inner width=\u00a0\u00bb1\/5&Prime;][vc_single_image image=\u00a0\u00bb7271&Prime; img_size=\u00a0\u00bbfull\u00a0\u00bb onclick=\u00a0\u00bbcustom_link\u00a0\u00bb img_link_target=\u00a0\u00bb_blank\u00a0\u00bb css=\u00a0\u00bb\u00a0\u00bb link=\u00a0\u00bbhttps:\/\/miteinander.be\/\u00a0\u00bb][\/vc_column_inner][vc_column_inner width=\u00a0\u00bb1\/5&Prime;][vc_single_image image=\u00a0\u00bb7272&Prime; img_size=\u00a0\u00bbfull\u00a0\u00bb onclick=\u00a0\u00bbcustom_link\u00a0\u00bb img_link_target=\u00a0\u00bb_blank\u00a0\u00bb css=\u00a0\u00bb\u00a0\u00bb link=\u00a0\u00bbhttps:\/\/buergerfonds.be\/\u00a0\u00bb][\/vc_column_inner][vc_column_inner width=\u00a0\u00bb1\/5&Prime;][vc_single_image image=\u00a0\u00bb7273&Prime; img_size=\u00a0\u00bbfull\u00a0\u00bb onclick=\u00a0\u00bbcustom_link\u00a0\u00bb img_link_target=\u00a0\u00bb_blank\u00a0\u00bb css=\u00a0\u00bb\u00a0\u00bb link=\u00a0\u00bbhttps:\/\/clm-ostbelgien.be\/de\/\u00a0\u00bb][\/vc_column_inner][vc_column_inner width=\u00a0\u00bb1\/5&Prime;][vc_single_image image=\u00a0\u00bb7274&Prime; img_size=\u00a0\u00bbfull\u00a0\u00bb onclick=\u00a0\u00bbcustom_link\u00a0\u00bb img_link_target=\u00a0\u00bb_blank\u00a0\u00bb css=\u00a0\u00bb\u00a0\u00bb link=\u00a0\u00bbhttps:\/\/ostbelgienlive.be\/\u00a0\u00bb][\/vc_column_inner][vc_column_inner width=\u00a0\u00bb1\/5&Prime;][vc_column_text css=\u00a0\u00bb\u00a0\u00bb]<\/p>\n<p style=\"text-align: center;\"><strong>Avec le soutien des communes<\/strong><\/p>\n<p>[\/vc_column_text][\/vc_column_inner][\/vc_row_inner][\/vc_column][\/vc_row][\/vc_section]<\/p>\n<\/div>","protected":false},"excerpt":{"rendered":"<p>[vc_row][vc_column][vc_row_inner][vc_column_inner][\/vc_column_inner][\/vc_row_inner][\/vc_column][\/vc_row][vc_row css=\u00a0\u00bb.vc_custom_1533113308767{margin-top: 25px !important;}\u00a0\u00bb][vc_column][vc_column_text css=\u00a0\u00bb\u00a0\u00bb]Le Projet Interreg a pour mission de rassemble les acteurs de la mobilit\u00e9 (SNCB, TEC, AVV, Arriva&#8230;) et de d\u00e9velopper la gestion et l&rsquo;organisation transfrontali\u00e8re de la mobilit\u00e9, afin de permettre aux travailleurs frontaliers (navetteurs) de se d\u00e9placer entre la Belgique, l&rsquo;Allemagne et les Pays-Bas de mani\u00e8re plus facile, plus fluide&hellip;<\/p>\n","protected":false},"author":3,"featured_media":9977,"parent":0,"menu_order":0,"comment_status":"closed","ping_status":"closed","template":"","meta":{"_monsterinsights_skip_tracking":false,"_monsterinsights_sitenote_active":false,"_monsterinsights_sitenote_note":"","_monsterinsights_sitenote_category":0,"footnotes":""},"class_list":["post-7844","page","type-page","status-publish","has-post-thumbnail","hentry","description-off"],"_links":{"self":[{"href":"https:\/\/fahrmit.be\/fr\/wp-json\/wp\/v2\/pages\/7844","targetHints":{"allow":["GET"]}}],"collection":[{"href":"https:\/\/fahrmit.be\/fr\/wp-json\/wp\/v2\/pages"}],"about":[{"href":"https:\/\/fahrmit.be\/fr\/wp-json\/wp\/v2\/types\/page"}],"author":[{"embeddable":true,"href":"https:\/\/fahrmit.be\/fr\/wp-json\/wp\/v2\/users\/3"}],"replies":[{"embeddable":true,"href":"https:\/\/fahrmit.be\/fr\/wp-json\/wp\/v2\/comments?post=7844"}],"version-history":[{"count":13,"href":"https:\/\/fahrmit.be\/fr\/wp-json\/wp\/v2\/pages\/7844\/revisions"}],"predecessor-version":[{"id":9700,"href":"https:\/\/fahrmit.be\/fr\/wp-json\/wp\/v2\/pages\/7844\/revisions\/9700"}],"wp:featuredmedia":[{"embeddable":true,"href":"https:\/\/fahrmit.be\/fr\/wp-json\/wp\/v2\/media\/9977"}],"wp:attachment":[{"href":"https:\/\/fahrmit.be\/fr\/wp-json\/wp\/v2\/media?parent=7844"}],"curies":[{"name":"wp","href":"https:\/\/api.w.org\/{rel}","templated":true}]}}