{"id":7670,"date":"2018-08-01T08:10:11","date_gmt":"2018-08-01T08:10:11","guid":{"rendered":"https:\/\/fahrmit.be\/?page_id=7670"},"modified":"2025-10-08T13:12:22","modified_gmt":"2025-10-08T13:12:22","slug":"fahrdienst-eifelsued","status":"publish","type":"page","link":"https:\/\/fahrmit.be\/fr\/solutions-de-mobilite\/services-solidaires\/fahrdienst-eifelsued\/","title":{"rendered":"Fahrdienst Eifels\u00fcd"},"content":{"rendered":"<div class=\"wpb-content-wrapper\"><p>[vc_row][vc_column width=\u00a0\u00bb1\/4&Prime;][vc_single_image image=\u00a0\u00bb7669&Prime; img_size=\u00a0\u00bbfull\u00a0\u00bb][\/vc_column][vc_column width=\u00a0\u00bb3\/4&Prime;][vc_column_text css=\u00a0\u00bb\u00a0\u00bb]<\/p>\n<h2>\u00d6SHZ St. Vith et Burg Reuland<\/h2>\n<h3>La mobilit\u00e9 est un \u00e9l\u00e9ment de participation sociale<\/h3>\n<p>[\/vc_column_text][\/vc_column][\/vc_row][vc_row css=\u00a0\u00bb.vc_custom_1533112300423{margin-top: 50px !important;}\u00a0\u00bb][vc_column][vc_column_text css=\u00a0\u00bb\u00a0\u00bb]Depuis 2010, les CPAS de Burg-Reuland et de Saint-Vith proposent un service de transport commun aux habitants de ces deux communes. Ce service s&rsquo;adresse principalement aux seniors, aux personnes \u00e0 mobilit\u00e9 r\u00e9duite et aux personnes en situation de d\u00e9tresse sociale.<\/p>\n<p>Les destinations des trajets se situent principalement dans les deux communes, mais les h\u00f4pitaux et m\u00e9decins \u00e0 proximit\u00e9 peuvent \u00e9galement \u00eatre pris en compte. Les trajets sont effectu\u00e9s par des b\u00e9n\u00e9voles.<\/p>\n<p>Les priorit\u00e9s sont les suivantes : rendez-vous m\u00e9dicaux, activit\u00e9s pour seniors, pharmacie, trajets param\u00e9dicaux, gestion du quotidien, loisirs.<\/p>\n<p>Ce service ne fera pas concurrence aux services de transport existants, mais n&rsquo;interviendra que lorsqu&rsquo;il n&rsquo;y aura pas d&rsquo;autre possibilit\u00e9 de transport.<\/p>\n<p>&nbsp;<\/p>\n<p>&nbsp;<\/p>\n<p><strong>F\u00fcr Nutznie\u00dfer<\/strong><br \/>\nSie geh\u00f6ren zu den Menschen, die selten eine Fahrgelegenheit f\u00fcr ihre n\u00e4chsten Termine haben? Dann ist vielleicht der Fahrdienst Eifels\u00fcd das Richtige f\u00fcr Sie:<\/p>\n<p>Wir bitten Sie, folgende Punkte zu beachten:<\/p>\n<ul>\n<li>Pr\u00fcfen Sie zuerst, ob sich f\u00fcr Ihren Zweck ein anderer Dienst zust\u00e4ndig erkl\u00e4rt.<\/li>\n<li>Melden Sie sich bitte 3 Tage im Voraus bei uns.<\/li>\n<li>F\u00fcr Fahrten unter 7 km wird ein Pauschalpreis von 2,4 \u20ac erhoben, dar\u00fcber hinaus werden 0,4449 \u20ac pro km berechnet.<\/li>\n<li>Der ehrenamtliche Fahrer wird nicht bar bezahlt, Sie erhalten im darauffolgenden Monat eine Rechnung von uns.<\/li>\n<li>Bitte besorgen Sie uns dienliche Unterlagen (Bescheinigung des Sozialdienstes des \u00d6SHZ oder Bescheinigung Vipo oder OMNIO-Statut).<\/li>\n<\/ul>\n<p>[\/vc_column_text][\/vc_column][\/vc_row][vc_row css=\u00a0\u00bb.vc_custom_1533112379408{margin-top: 25px !important;}\u00a0\u00bb][vc_column][vc_separator][\/vc_column][\/vc_row][vc_row css=\u00a0\u00bb.vc_custom_1533112384143{margin-top: 25px !important;}\u00a0\u00bb][vc_column][vc_column_text]<\/p>\n<h3>Fahrdienst Eifel-S\u00fcd<\/h3>\n<p>Susanne Hoffmann<br \/>\nWiesenbach 159<br \/>\n4780 Sankt Vith<\/p>\n<p>Tel. Zentrale: 080 28 20 30<br \/>\nTel. Susanne Hoffmann: 080 29 20 11<br \/>\nE-Mail: susanne.hoffmann@oshz.be<br \/>\nWebsite: www.st.vith.be\/oshz[\/vc_column_text][\/vc_column][\/vc_row][vc_row css=\u00a0\u00bb.vc_custom_1538381296199{padding-top: 40px !important;}\u00a0\u00bb][vc_column][vc_separator][\/vc_column][\/vc_row][vc_section][vc_row full_width=\u00a0\u00bbstretch_row\u00a0\u00bb css=\u00a0\u00bb.vc_custom_1533106395501{margin-top: 50px !important;}\u00a0\u00bb][vc_column width=\u00a0\u00bb1\/5&Prime; css=\u00a0\u00bb.vc_custom_1537790135452{padding-top: 50px !important;}\u00a0\u00bb][\/vc_column][vc_column width=\u00a0\u00bb3\/5&Prime;]<div class=\"dt-fancy-separator h3-size accent-title-color accent-border-color\" style=\"width: 100%;\"><div class=\"dt-fancy-title\"><span class=\"separator-holder separator-left\"><\/span>Mit freundlicher Unterst\u00fctzung von<span class=\"separator-holder separator-right\"><\/span><\/div><\/div>[\/vc_column][vc_column width=\u00a0\u00bb1\/5&Prime;][\/vc_column][\/vc_row][vc_row css=\u00a0\u00bb.vc_custom_1532951531627{margin-top: 50px !important;}\u00a0\u00bb][vc_column][vc_row_inner css=\u00a0\u00bb.vc_custom_1739263838297{margin-bottom: 30px !important;}\u00a0\u00bb][vc_column_inner width=\u00a0\u00bb1\/5&Prime;][vc_single_image image=\u00a0\u00bb7266&Prime; img_size=\u00a0\u00bbfull\u00a0\u00bb onclick=\u00a0\u00bbcustom_link\u00a0\u00bb img_link_target=\u00a0\u00bb_blank\u00a0\u00bb css=\u00a0\u00bb\u00a0\u00bb link=\u00a0\u00bbhttps:\/\/leader-ostbelgien.be\/lag-100-doerfer-1-zukunft\/\u00a0\u00bb][\/vc_column_inner][vc_column_inner width=\u00a0\u00bb1\/5&Prime;][vc_single_image image=\u00a0\u00bb7267&Prime; img_size=\u00a0\u00bbfull\u00a0\u00bb onclick=\u00a0\u00bbcustom_link\u00a0\u00bb img_link_target=\u00a0\u00bb_blank\u00a0\u00bb css=\u00a0\u00bb\u00a0\u00bb link=\u00a0\u00bbhttps:\/\/leader-ostbelgien.be\/lag-zwischen-weser-und-goehl\/\u00a0\u00bb][\/vc_column_inner][vc_column_inner width=\u00a0\u00bb1\/5&Prime;][vc_single_image image=\u00a0\u00bb7268&Prime; img_size=\u00a0\u00bbfull\u00a0\u00bb onclick=\u00a0\u00bbcustom_link\u00a0\u00bb img_link_target=\u00a0\u00bb_blank\u00a0\u00bb css=\u00a0\u00bb\u00a0\u00bb link=\u00a0\u00bbhttps:\/\/www.gal-fagnes-hauteambleve.be\/\u00a0\u00bb][\/vc_column_inner][vc_column_inner width=\u00a0\u00bb1\/5&Prime;][vc_single_image image=\u00a0\u00bb7269&Prime; img_size=\u00a0\u00bbfull\u00a0\u00bb css=\u00a0\u00bb\u00a0\u00bb][\/vc_column_inner][vc_column_inner width=\u00a0\u00bb1\/5&Prime;][vc_single_image image=\u00a0\u00bb7270&Prime; img_size=\u00a0\u00bbfull\u00a0\u00bb onclick=\u00a0\u00bbcustom_link\u00a0\u00bb img_link_target=\u00a0\u00bb_blank\u00a0\u00bb css=\u00a0\u00bb\u00a0\u00bb link=\u00a0\u00bbhttps:\/\/www.wallonie.be\/fr\u00a0\u00bb][\/vc_column_inner][\/vc_row_inner][vc_row_inner content_placement=\u00a0\u00bbmiddle\u00a0\u00bb css=\u00a0\u00bb.vc_custom_1739439137431{margin-bottom: 30px !important;}\u00a0\u00bb][vc_column_inner width=\u00a0\u00bb1\/5&Prime;][vc_single_image image=\u00a0\u00bb7271&Prime; img_size=\u00a0\u00bbfull\u00a0\u00bb onclick=\u00a0\u00bbcustom_link\u00a0\u00bb img_link_target=\u00a0\u00bb_blank\u00a0\u00bb css=\u00a0\u00bb\u00a0\u00bb link=\u00a0\u00bbhttps:\/\/miteinander.be\/\u00a0\u00bb][\/vc_column_inner][vc_column_inner width=\u00a0\u00bb1\/5&Prime;][vc_single_image image=\u00a0\u00bb7272&Prime; img_size=\u00a0\u00bbfull\u00a0\u00bb onclick=\u00a0\u00bbcustom_link\u00a0\u00bb img_link_target=\u00a0\u00bb_blank\u00a0\u00bb css=\u00a0\u00bb\u00a0\u00bb link=\u00a0\u00bbhttps:\/\/buergerfonds.be\/\u00a0\u00bb][\/vc_column_inner][vc_column_inner width=\u00a0\u00bb1\/5&Prime;][vc_single_image image=\u00a0\u00bb7273&Prime; img_size=\u00a0\u00bbfull\u00a0\u00bb onclick=\u00a0\u00bbcustom_link\u00a0\u00bb img_link_target=\u00a0\u00bb_blank\u00a0\u00bb css=\u00a0\u00bb\u00a0\u00bb link=\u00a0\u00bbhttps:\/\/clm-ostbelgien.be\/de\/\u00a0\u00bb][\/vc_column_inner][vc_column_inner width=\u00a0\u00bb1\/5&Prime;][vc_single_image image=\u00a0\u00bb7274&Prime; img_size=\u00a0\u00bbfull\u00a0\u00bb onclick=\u00a0\u00bbcustom_link\u00a0\u00bb img_link_target=\u00a0\u00bb_blank\u00a0\u00bb css=\u00a0\u00bb\u00a0\u00bb link=\u00a0\u00bbhttps:\/\/ostbelgienlive.be\/\u00a0\u00bb][\/vc_column_inner][vc_column_inner width=\u00a0\u00bb1\/5&Prime;][vc_column_text css=\u00a0\u00bb\u00a0\u00bb]<\/p>\n<p style=\"text-align: center;\"><strong>Mit Unterst\u00fctzung der Gemeinden<\/strong><\/p>\n<p>[\/vc_column_text][\/vc_column_inner][\/vc_row_inner][\/vc_column][\/vc_row][\/vc_section]<\/p>\n<\/div>","protected":false},"excerpt":{"rendered":"<p>[vc_row][vc_column width=\u00a0\u00bb1\/4&Prime;][vc_single_image image=\u00a0\u00bb7669&Prime; img_size=\u00a0\u00bbfull\u00a0\u00bb][\/vc_column][vc_column width=\u00a0\u00bb3\/4&Prime;][vc_column_text css=\u00a0\u00bb\u00a0\u00bb] \u00d6SHZ St. Vith et Burg Reuland La mobilit\u00e9 est un \u00e9l\u00e9ment de participation sociale [\/vc_column_text][\/vc_column][\/vc_row][vc_row css=\u00a0\u00bb.vc_custom_1533112300423{margin-top: 50px !important;}\u00a0\u00bb][vc_column][vc_column_text css=\u00a0\u00bb\u00a0\u00bb]Depuis 2010, les CPAS de Burg-Reuland et de Saint-Vith proposent un service de transport commun aux habitants de ces deux communes. Ce service s&rsquo;adresse principalement aux seniors, aux personnes \u00e0 mobilit\u00e9&hellip;<\/p>\n","protected":false},"author":1,"featured_media":0,"parent":7597,"menu_order":0,"comment_status":"closed","ping_status":"closed","template":"","meta":{"_monsterinsights_skip_tracking":false,"_monsterinsights_sitenote_active":false,"_monsterinsights_sitenote_note":"","_monsterinsights_sitenote_category":0,"footnotes":""},"class_list":["post-7670","page","type-page","status-publish","hentry","description-off"],"_links":{"self":[{"href":"https:\/\/fahrmit.be\/fr\/wp-json\/wp\/v2\/pages\/7670","targetHints":{"allow":["GET"]}}],"collection":[{"href":"https:\/\/fahrmit.be\/fr\/wp-json\/wp\/v2\/pages"}],"about":[{"href":"https:\/\/fahrmit.be\/fr\/wp-json\/wp\/v2\/types\/page"}],"author":[{"embeddable":true,"href":"https:\/\/fahrmit.be\/fr\/wp-json\/wp\/v2\/users\/1"}],"replies":[{"embeddable":true,"href":"https:\/\/fahrmit.be\/fr\/wp-json\/wp\/v2\/comments?post=7670"}],"version-history":[{"count":3,"href":"https:\/\/fahrmit.be\/fr\/wp-json\/wp\/v2\/pages\/7670\/revisions"}],"predecessor-version":[{"id":7674,"href":"https:\/\/fahrmit.be\/fr\/wp-json\/wp\/v2\/pages\/7670\/revisions\/7674"}],"up":[{"embeddable":true,"href":"https:\/\/fahrmit.be\/fr\/wp-json\/wp\/v2\/pages\/7597"}],"wp:attachment":[{"href":"https:\/\/fahrmit.be\/fr\/wp-json\/wp\/v2\/media?parent=7670"}],"curies":[{"name":"wp","href":"https:\/\/api.w.org\/{rel}","templated":true}]}}