{"id":7651,"date":"2018-08-01T08:09:17","date_gmt":"2018-08-01T08:09:17","guid":{"rendered":"https:\/\/fahrmit.be\/?page_id=7651"},"modified":"2026-04-27T13:16:03","modified_gmt":"2026-04-27T13:16:03","slug":"beschuetzende-werkstaette-behindertenstaetten-eupen-tuavia","status":"publish","type":"page","link":"https:\/\/fahrmit.be\/fr\/solutions-de-mobilite\/services-solidaires\/beschuetzende-werkstaette-behindertenstaetten-eupen-tuavia\/","title":{"rendered":"Ateliers prot\u00e9g\u00e9s pour PMR \u00e0 Eupen (TUAVIA)"},"content":{"rendered":"<div class=\"wpb-content-wrapper\"><p>[vc_row][vc_column width=\u00a0\u00bb1\/4&Prime;][vc_single_image image=\u00a0\u00bb7650&Prime; img_size=\u00a0\u00bbfull\u00a0\u00bb][\/vc_column][vc_column width=\u00a0\u00bb3\/4&Prime;][vc_column_text css=\u00a0\u00bb\u00a0\u00bb]<\/p>\n<h2>Bus \u00e0 la demande pour les personnes \u00e0 mobilit\u00e9 r\u00e9duite<\/h2>\n<p>[\/vc_column_text][\/vc_column][\/vc_row][vc_row css=\u00a0\u00bb.vc_custom_1533112300423{margin-top: 50px !important;}\u00a0\u00bb][vc_column][vc_column_text css=\u00a0\u00bb\u00a0\u00bb]L&rsquo;atelier prot\u00e9g\u00e9 \u00ab\u00a0Die Zukunft\u00a0\u00bb, \u00e0 Meyerode (Amel) et le centre de jour \u00ab\u00a0TUAVIA &#8211; Am Garnstock\u00a0\u00bb (Baelen) permettent \u00e0 de nombreuses personnes \u00e0 mobilit\u00e9 r\u00e9duite d&rsquo;avoir acc\u00e8s \u00e0 un emploi r\u00e9gulier gr\u00e2ce \u00e0 un service de bus \u00e0 la demande. <strong>Ce service de transport \u00e0 la demande est accessible \u00e0 toute personne \u00e2g\u00e9e de plus de 18 ans vivant dans l&rsquo;Est de la Belgique et pouvant justifier d&rsquo;un handicap moteur.<\/strong><\/p>\n<p>Les deux \u00e9tablissements disposent chacun de deux bus accessibles aux fauteuils roulants et qui pouvent accueillir jusqu&rsquo;\u00e0 8 personnes.<br \/>\nLes chauffeurs sont des professionnelset ils conduisent les personnes \u00e0 l&rsquo;h\u00f4pital ou \u00e0 des rendez-vous m\u00e9dicaux de th\u00e9rapies sp\u00e9cialis\u00e9es.<br \/>\nSi un trajet d\u00e9passe les limites du territoire de la Communaut\u00e9 germanophone, c&rsquo;est le TEC qui doit donner son accord.<br \/>\nLes tarifs sont les m\u00eames que ceux des lignes classiques du TEC.[\/vc_column_text][\/vc_column][\/vc_row][vc_row bg_type=\u00a0\u00bbgrad\u00a0\u00bb css=\u00a0\u00bb.vc_custom_1533112373249{margin-top: 25px !important;}\u00a0\u00bb bg_grad=\u00a0\u00bbbackground: -webkit-gradient(linear, left top, left bottom, color-stop(0%, #8BD938), color-stop(100%, #40A529));background: -moz-linear-gradient(left,#8BD938 0%,#40A529 100%);background: -webkit-linear-gradient(left,#8BD938 0%,#40A529 100%);background: -o-linear-gradient(left,#8BD938 0%,#40A529 100%);background: -ms-linear-gradient(left,#8BD938 0%,#40A529 100%);background: linear-gradient(left,#8BD938 0%,#40A529 100%);\u00a0\u00bb][vc_column]<div class=\"aio-icon-component  vc_custom_1759928726740   style_2\"><div id=\"Info-box-wrap-5299\" class=\"aio-icon-box left-icon\" style=\"\"  ><div class=\"aio-icon-left\"><div class=\"ult-just-icon-wrapper  \"><div class=\"align-icon\" style=\"text-align:center;\">\n<div class=\"aio-icon none \"  style=\"color:#ffffff;font-size:50px;display:inline-block;\">\n\t<i class=\"Defaults-lightbulb-o\"><\/i>\n<\/div><\/div><\/div><\/div><div class=\"aio-ibd-block\"><div class=\"aio-icon-description ult-responsive\"  data-ultimate-target='#Info-box-wrap-5299 .aio-icon-description'  data-responsive-json-new='{\"font-size\":\"\",\"line-height\":\"\"}'  style=\"\"><span style=\"color: #ffffff;\">Pour b\u00e9n\u00e9ficier de ce service, vous devez r\u00e9server votre trajet au moins trois jours ouvrables avant la date pr\u00e9vue, de pr\u00e9f\u00e9rence par t\u00e9l\u00e9phone pendant les heures d&rsquo;ouverture.<\/span><\/p>\n<p>&nbsp;<\/p>\n<p><\/div> <!-- description --><\/div> <!-- aio-ibd-block --><\/div> <!-- aio-icon-box --><\/div> <!-- aio-icon-component -->[\/vc_column][\/vc_row][vc_row css=\u00a0\u00bb.vc_custom_1533112379408{margin-top: 25px !important;}\u00a0\u00bb][vc_column][vc_separator][\/vc_column][\/vc_row][vc_row css=\u00a0\u00bb.vc_custom_1533112384143{margin-top: 25px !important;}\u00a0\u00bb][vc_column width=\u00a0\u00bb1\/2&Prime;][vc_column_text css=\u00a0\u00bb\u00a0\u00bb]<\/p>\n<h3>Die Zukunft &#8211;\u00a0Besch\u00fctzende Werkst\u00e4tte (Atelier prot\u00e9g\u00e9)<\/h3>\n<p>J\u00e4seberg 12<br \/>\n4770 Amel<br \/>\nT\u00e9l.: 080\/34 82 10<\/p>\n<p>Mail : <a href=\"mailto:info@zukunft.be\">info@zukunft.be<\/a><br \/>\nSite internet : <a href=\"http:\/\/www.zukunft.be\/\" target=\"_blank\" rel=\"noopener noreferrer\">www.zukunft.be<\/a><\/p>\n<p>Heures d&rsquo;ouverture : du lundi au vendredi, de 8h30 \u00e0 16h30.[\/vc_column_text][\/vc_column][vc_column width=\u00a0\u00bb1\/2&Prime;][vc_column_text css=\u00a0\u00bb\u00a0\u00bb]<\/p>\n<h3>Tuavia Am Garnstock &#8211; Tagesst\u00e4tte (centre de jour)<\/h3>\n<p>Route d\u2019Eupen 191<br \/>\n4837 Baelen<br \/>\nT\u00e9l.: 087\/59 17 40<br \/>\nTEC\u00a0 (TAD) : 0472\/31 62 44<\/p>\n<p>Mail : tec@tuavia.be<\/p>\n<p>Heures d&rsquo;ouverture : du lundi au vendredi, de 8 h \u00e0 16 h.[\/vc_column_text][\/vc_column][\/vc_row][vc_row css=\u00a0\u00bb.vc_custom_1538381296199{padding-top: 40px !important;}\u00a0\u00bb][vc_column][vc_separator][\/vc_column][\/vc_row][vc_section][vc_row full_width=\u00a0\u00bbstretch_row\u00a0\u00bb css=\u00a0\u00bb.vc_custom_1533106395501{margin-top: 50px !important;}\u00a0\u00bb][vc_column width=\u00a0\u00bb1\/5&Prime; css=\u00a0\u00bb.vc_custom_1537790135452{padding-top: 50px !important;}\u00a0\u00bb][\/vc_column][vc_column width=\u00a0\u00bb3\/5&Prime;]<div class=\"dt-fancy-separator h3-size accent-title-color accent-border-color\" style=\"width: 100%;\"><div class=\"dt-fancy-title\"><span class=\"separator-holder separator-left\"><\/span>Avec le soutien de<span class=\"separator-holder separator-right\"><\/span><\/div><\/div>[\/vc_column][vc_column width=\u00a0\u00bb1\/5&Prime;][\/vc_column][\/vc_row][vc_row css=\u00a0\u00bb.vc_custom_1532951531627{margin-top: 50px !important;}\u00a0\u00bb][vc_column][vc_row_inner css=\u00a0\u00bb.vc_custom_1739263838297{margin-bottom: 30px !important;}\u00a0\u00bb][vc_column_inner width=\u00a0\u00bb1\/5&Prime;][vc_single_image image=\u00a0\u00bb7266&Prime; img_size=\u00a0\u00bbfull\u00a0\u00bb onclick=\u00a0\u00bbcustom_link\u00a0\u00bb img_link_target=\u00a0\u00bb_blank\u00a0\u00bb css=\u00a0\u00bb\u00a0\u00bb link=\u00a0\u00bbhttps:\/\/leader-ostbelgien.be\/lag-100-doerfer-1-zukunft\/\u00a0\u00bb][\/vc_column_inner][vc_column_inner width=\u00a0\u00bb1\/5&Prime;][vc_single_image image=\u00a0\u00bb7267&Prime; img_size=\u00a0\u00bbfull\u00a0\u00bb onclick=\u00a0\u00bbcustom_link\u00a0\u00bb img_link_target=\u00a0\u00bb_blank\u00a0\u00bb css=\u00a0\u00bb\u00a0\u00bb link=\u00a0\u00bbhttps:\/\/leader-ostbelgien.be\/lag-zwischen-weser-und-goehl\/\u00a0\u00bb][\/vc_column_inner][vc_column_inner width=\u00a0\u00bb1\/5&Prime;][vc_single_image image=\u00a0\u00bb7268&Prime; img_size=\u00a0\u00bbfull\u00a0\u00bb onclick=\u00a0\u00bbcustom_link\u00a0\u00bb img_link_target=\u00a0\u00bb_blank\u00a0\u00bb css=\u00a0\u00bb\u00a0\u00bb link=\u00a0\u00bbhttps:\/\/www.gal-fagnes-hauteambleve.be\/\u00a0\u00bb][\/vc_column_inner][vc_column_inner width=\u00a0\u00bb1\/5&Prime;][vc_single_image image=\u00a0\u00bb7269&Prime; img_size=\u00a0\u00bbfull\u00a0\u00bb css=\u00a0\u00bb\u00a0\u00bb][\/vc_column_inner][vc_column_inner width=\u00a0\u00bb1\/5&Prime;][vc_single_image image=\u00a0\u00bb7270&Prime; img_size=\u00a0\u00bbfull\u00a0\u00bb onclick=\u00a0\u00bbcustom_link\u00a0\u00bb img_link_target=\u00a0\u00bb_blank\u00a0\u00bb css=\u00a0\u00bb\u00a0\u00bb link=\u00a0\u00bbhttps:\/\/www.wallonie.be\/fr\u00a0\u00bb][\/vc_column_inner][\/vc_row_inner][vc_row_inner content_placement=\u00a0\u00bbmiddle\u00a0\u00bb css=\u00a0\u00bb.vc_custom_1739439137431{margin-bottom: 30px !important;}\u00a0\u00bb][vc_column_inner width=\u00a0\u00bb1\/5&Prime;][vc_single_image image=\u00a0\u00bb7271&Prime; img_size=\u00a0\u00bbfull\u00a0\u00bb onclick=\u00a0\u00bbcustom_link\u00a0\u00bb img_link_target=\u00a0\u00bb_blank\u00a0\u00bb css=\u00a0\u00bb\u00a0\u00bb link=\u00a0\u00bbhttps:\/\/miteinander.be\/\u00a0\u00bb][\/vc_column_inner][vc_column_inner width=\u00a0\u00bb1\/5&Prime;][vc_single_image image=\u00a0\u00bb7272&Prime; img_size=\u00a0\u00bbfull\u00a0\u00bb onclick=\u00a0\u00bbcustom_link\u00a0\u00bb img_link_target=\u00a0\u00bb_blank\u00a0\u00bb css=\u00a0\u00bb\u00a0\u00bb link=\u00a0\u00bbhttps:\/\/buergerfonds.be\/\u00a0\u00bb][\/vc_column_inner][vc_column_inner width=\u00a0\u00bb1\/5&Prime;][vc_single_image image=\u00a0\u00bb7273&Prime; img_size=\u00a0\u00bbfull\u00a0\u00bb onclick=\u00a0\u00bbcustom_link\u00a0\u00bb img_link_target=\u00a0\u00bb_blank\u00a0\u00bb css=\u00a0\u00bb\u00a0\u00bb link=\u00a0\u00bbhttps:\/\/clm-ostbelgien.be\/de\/\u00a0\u00bb][\/vc_column_inner][vc_column_inner width=\u00a0\u00bb1\/5&Prime;][vc_single_image image=\u00a0\u00bb7274&Prime; img_size=\u00a0\u00bbfull\u00a0\u00bb onclick=\u00a0\u00bbcustom_link\u00a0\u00bb img_link_target=\u00a0\u00bb_blank\u00a0\u00bb css=\u00a0\u00bb\u00a0\u00bb link=\u00a0\u00bbhttps:\/\/ostbelgienlive.be\/\u00a0\u00bb][\/vc_column_inner][vc_column_inner width=\u00a0\u00bb1\/5&Prime;][vc_column_text css=\u00a0\u00bb\u00a0\u00bb]<\/p>\n<p style=\"text-align: center;\"><strong>Avec le soutien des communes<\/strong><\/p>\n<p>[\/vc_column_text][\/vc_column_inner][\/vc_row_inner][\/vc_column][\/vc_row][\/vc_section]<\/p>\n<\/div>","protected":false},"excerpt":{"rendered":"<p>[vc_row][vc_column width=\u00a0\u00bb1\/4&Prime;][vc_single_image image=\u00a0\u00bb7650&Prime; img_size=\u00a0\u00bbfull\u00a0\u00bb][\/vc_column][vc_column width=\u00a0\u00bb3\/4&Prime;][vc_column_text css=\u00a0\u00bb\u00a0\u00bb] Bus \u00e0 la demande pour les personnes \u00e0 mobilit\u00e9 r\u00e9duite [\/vc_column_text][\/vc_column][\/vc_row][vc_row css=\u00a0\u00bb.vc_custom_1533112300423{margin-top: 50px !important;}\u00a0\u00bb][vc_column][vc_column_text css=\u00a0\u00bb\u00a0\u00bb]L&rsquo;atelier prot\u00e9g\u00e9 \u00ab\u00a0Die Zukunft\u00a0\u00bb, \u00e0 Meyerode (Amel) et le centre de jour \u00ab\u00a0TUAVIA &#8211; Am Garnstock\u00a0\u00bb (Baelen) permettent \u00e0 de nombreuses personnes \u00e0 mobilit\u00e9 r\u00e9duite d&rsquo;avoir acc\u00e8s \u00e0 un emploi r\u00e9gulier gr\u00e2ce \u00e0 un service&hellip;<\/p>\n","protected":false},"author":3,"featured_media":0,"parent":7597,"menu_order":0,"comment_status":"closed","ping_status":"closed","template":"","meta":{"_monsterinsights_skip_tracking":false,"_monsterinsights_sitenote_active":false,"_monsterinsights_sitenote_note":"","_monsterinsights_sitenote_category":0,"footnotes":""},"class_list":["post-7651","page","type-page","status-publish","hentry","description-off"],"_links":{"self":[{"href":"https:\/\/fahrmit.be\/fr\/wp-json\/wp\/v2\/pages\/7651","targetHints":{"allow":["GET"]}}],"collection":[{"href":"https:\/\/fahrmit.be\/fr\/wp-json\/wp\/v2\/pages"}],"about":[{"href":"https:\/\/fahrmit.be\/fr\/wp-json\/wp\/v2\/types\/page"}],"author":[{"embeddable":true,"href":"https:\/\/fahrmit.be\/fr\/wp-json\/wp\/v2\/users\/3"}],"replies":[{"embeddable":true,"href":"https:\/\/fahrmit.be\/fr\/wp-json\/wp\/v2\/comments?post=7651"}],"version-history":[{"count":6,"href":"https:\/\/fahrmit.be\/fr\/wp-json\/wp\/v2\/pages\/7651\/revisions"}],"predecessor-version":[{"id":10890,"href":"https:\/\/fahrmit.be\/fr\/wp-json\/wp\/v2\/pages\/7651\/revisions\/10890"}],"up":[{"embeddable":true,"href":"https:\/\/fahrmit.be\/fr\/wp-json\/wp\/v2\/pages\/7597"}],"wp:attachment":[{"href":"https:\/\/fahrmit.be\/fr\/wp-json\/wp\/v2\/media?parent=7651"}],"curies":[{"name":"wp","href":"https:\/\/api.w.org\/{rel}","templated":true}]}}