{"id":7643,"date":"2018-08-01T08:09:29","date_gmt":"2018-08-01T08:09:29","guid":{"rendered":"https:\/\/fahrmit.be\/?page_id=7643"},"modified":"2025-10-08T13:03:33","modified_gmt":"2025-10-08T13:03:33","slug":"stundenblume","status":"publish","type":"page","link":"https:\/\/fahrmit.be\/fr\/solutions-de-mobilite\/services-solidaires\/stundenblume\/","title":{"rendered":"Stundenblume"},"content":{"rendered":"<div class=\"wpb-content-wrapper\"><p>[vc_row][vc_column width=\u00a0\u00bb1\/4&Prime;][vc_single_image image=\u00a0\u00bb7640&Prime; img_size=\u00a0\u00bbfull\u00a0\u00bb][\/vc_column][vc_column width=\u00a0\u00bb3\/4&Prime;][vc_column_text css=\u00a0\u00bb\u00a0\u00bb]<\/p>\n<h2>Stundenblume<\/h2>\n<h3>Du temps pour les personnes \u00e0 mobilit\u00e9 r\u00e9duite<\/h3>\n<p>[\/vc_column_text][\/vc_column][\/vc_row][vc_row css=\u00a0\u00bb.vc_custom_1533112300423{margin-top: 50px !important;}\u00a0\u00bb][vc_column][vc_column_text css=\u00a0\u00bb\u00a0\u00bb]Stundenblume est un projet b\u00e9n\u00e9vole de l&rsquo;association des femmes rurales destin\u00e9 aux seniors \u00e0 mobilit\u00e9 r\u00e9duite de la Communaut\u00e9 germanophone.<br \/>\nLa centaine de b\u00e9n\u00e9voles interviennent l\u00e0 o\u00f9 le r\u00e9seau social pr\u00e9sente des lacunes. Ils jouent un r\u00f4le important en soulageant les proches aidants et proposent \u00e9galement un service d&rsquo;accompagnement en voiture.<\/p>\n<p>Les b\u00e9n\u00e9voles viennent en aide aux seniors lorsqu&rsquo;aucun service professionnel et aucun membre de la famille ou du voisinage n&rsquo;est disponible. De Ouren \u00e0 La Calamine*, ils accompagnent les seniors pour faire leurs courses, aller chez le m\u00e9decin, \u00e0 l&rsquo;administration, chez le coiffeur ou encore \u00e0 des activit\u00e9s culturelles ou des visites (* les habitants d&rsquo;Eupen sont pri\u00e9s de s&rsquo;adresser au service Josephine-Koch).<\/p>\n<p>Les seniors paient trois euros, quelle que soit la dur\u00e9e de l&rsquo;accompagnement. \u00c0 cela s&rsquo;ajoute une indemnit\u00e9 kilom\u00e9trique pour rembourser les frais du b\u00e9n\u00e9vole. Ils participent \u00e9galement aux frais administratifs \u00e0 hauteur de cinq euros par facture.<\/p>\n<p>[\/vc_column_text][\/vc_column][\/vc_row][vc_row bg_type=\u00a0\u00bbgrad\u00a0\u00bb css=\u00a0\u00bb.vc_custom_1533112373249{margin-top: 25px !important;}\u00a0\u00bb bg_grad=\u00a0\u00bbbackground: -webkit-gradient(linear, left top, left bottom, color-stop(0%, #8BD938), color-stop(100%, #40A529));background: -moz-linear-gradient(left,#8BD938 0%,#40A529 100%);background: -webkit-linear-gradient(left,#8BD938 0%,#40A529 100%);background: -o-linear-gradient(left,#8BD938 0%,#40A529 100%);background: -ms-linear-gradient(left,#8BD938 0%,#40A529 100%);background: linear-gradient(left,#8BD938 0%,#40A529 100%);\u00a0\u00bb][vc_column]<div class=\"aio-icon-component  vc_custom_1759928563073   style_2\"><div id=\"Info-box-wrap-5264\" class=\"aio-icon-box left-icon\" style=\"\"  ><div class=\"aio-icon-left\"><div class=\"ult-just-icon-wrapper  \"><div class=\"align-icon\" style=\"text-align:center;\">\n<div class=\"aio-icon none \"  style=\"color:#ffffff;font-size:50px;display:inline-block;\">\n\t<i class=\"Defaults-lightbulb-o\"><\/i>\n<\/div><\/div><\/div><\/div><div class=\"aio-ibd-block\"><div class=\"aio-icon-description ult-responsive\"  data-ultimate-target='#Info-box-wrap-5264 .aio-icon-description'  data-responsive-json-new='{\"font-size\":\"\",\"line-height\":\"\"}'  style=\"\"><span style=\"color: #ffffff;\">Le soutien apport\u00e9 par les b\u00e9n\u00e9voles de Stundenblume jouit d&rsquo;une popularit\u00e9 croissante d&rsquo;ann\u00e9e en ann\u00e9e. En 2017, ils ont parcouru environ 170 000 kilom\u00e8tres pour le compte de personnes \u00e0 mobilit\u00e9 r\u00e9duite. Les chauffeurs b\u00e9n\u00e9voles sont les bienvenus \u00e0 tout moment pour renforcer l&rsquo;\u00e9quipe !<\/span><\/p>\n<p><span style=\"color: #ffffff;\">\u00a0<\/span><\/p>\n<p><\/div> <!-- description --><\/div> <!-- aio-ibd-block --><\/div> <!-- aio-icon-box --><\/div> <!-- aio-icon-component -->[\/vc_column][\/vc_row][vc_row css=\u00a0\u00bb.vc_custom_1533112379408{margin-top: 25px !important;}\u00a0\u00bb][vc_column][vc_separator][\/vc_column][\/vc_row][vc_row][vc_column width=\u00a0\u00bb1\/2&Prime;][vc_single_image image=\u00a0\u00bb7641&Prime; img_size=\u00a0\u00bbfull\u00a0\u00bb][\/vc_column][vc_column width=\u00a0\u00bb1\/2&Prime;][vc_single_image image=\u00a0\u00bb7642&Prime; img_size=\u00a0\u00bbfull\u00a0\u00bb][\/vc_column][\/vc_row][vc_row][vc_column]<div class=\"ult-spacer spacer-69dd313debee4\" data-id=\"69dd313debee4\" data-height=\"20\" data-height-mobile=\"20\" data-height-tab=\"20\" data-height-tab-portrait=\"\" data-height-mobile-landscape=\"\" style=\"clear:both;display:block;\"><\/div>[vc_column_text]<\/p>\n<h3>Stundenblume<\/h3>\n<p>[\/vc_column_text][vc_row_inner][vc_column_inner width=\u00a0\u00bb1\/2&Prime;][vc_column_text css=\u00a0\u00bb\u00a0\u00bb]Gospertstra\u00dfe 57,<br \/>\n4700 Eupen<\/p>\n<p>T\u00e9l.: 0486 97 02 72<\/p>\n<p>E-Mail : info@stundenblume.be<br \/>\nwww.stundenblume.be<\/p>\n<p>[\/vc_column_text][\/vc_column_inner][vc_column_inner width=\u00a0\u00bb1\/2&Prime;][vc_column_text css=\u00a0\u00bb\u00a0\u00bb]Malmedyerstra\u00dfe 9<br \/>\n4780 St.Vith<\/p>\n<p>Tel.: 080 34 10 05<\/p>\n<p>E-Mail : info@stundenblume.be<br \/>\nwww.stundenblume.be<\/p>\n<p>[\/vc_column_text][\/vc_column_inner][\/vc_row_inner][\/vc_column][\/vc_row][vc_row css=\u00a0\u00bb.vc_custom_1538381296199{padding-top: 40px !important;}\u00a0\u00bb][vc_column][vc_separator][\/vc_column][\/vc_row][vc_section][vc_row full_width=\u00a0\u00bbstretch_row\u00a0\u00bb css=\u00a0\u00bb.vc_custom_1533106395501{margin-top: 50px !important;}\u00a0\u00bb][vc_column width=\u00a0\u00bb1\/5&Prime; css=\u00a0\u00bb.vc_custom_1537790135452{padding-top: 50px !important;}\u00a0\u00bb][\/vc_column][vc_column width=\u00a0\u00bb3\/5&Prime;]<div class=\"dt-fancy-separator h3-size accent-title-color accent-border-color\" style=\"width: 100%;\"><div class=\"dt-fancy-title\"><span class=\"separator-holder separator-left\"><\/span>Avec l&#039;aimable soutien de<span class=\"separator-holder separator-right\"><\/span><\/div><\/div>[\/vc_column][vc_column width=\u00a0\u00bb1\/5&Prime;][\/vc_column][\/vc_row][vc_row css=\u00a0\u00bb.vc_custom_1532951531627{margin-top: 50px !important;}\u00a0\u00bb][vc_column][vc_row_inner css=\u00a0\u00bb.vc_custom_1739263838297{margin-bottom: 30px !important;}\u00a0\u00bb][vc_column_inner width=\u00a0\u00bb1\/5&Prime;][vc_single_image image=\u00a0\u00bb7266&Prime; img_size=\u00a0\u00bbfull\u00a0\u00bb onclick=\u00a0\u00bbcustom_link\u00a0\u00bb img_link_target=\u00a0\u00bb_blank\u00a0\u00bb css=\u00a0\u00bb\u00a0\u00bb link=\u00a0\u00bbhttps:\/\/leader-ostbelgien.be\/lag-100-doerfer-1-zukunft\/\u00a0\u00bb][\/vc_column_inner][vc_column_inner width=\u00a0\u00bb1\/5&Prime;][vc_single_image image=\u00a0\u00bb7267&Prime; img_size=\u00a0\u00bbfull\u00a0\u00bb onclick=\u00a0\u00bbcustom_link\u00a0\u00bb img_link_target=\u00a0\u00bb_blank\u00a0\u00bb css=\u00a0\u00bb\u00a0\u00bb link=\u00a0\u00bbhttps:\/\/leader-ostbelgien.be\/lag-zwischen-weser-und-goehl\/\u00a0\u00bb][\/vc_column_inner][vc_column_inner width=\u00a0\u00bb1\/5&Prime;][vc_single_image image=\u00a0\u00bb7268&Prime; img_size=\u00a0\u00bbfull\u00a0\u00bb onclick=\u00a0\u00bbcustom_link\u00a0\u00bb img_link_target=\u00a0\u00bb_blank\u00a0\u00bb css=\u00a0\u00bb\u00a0\u00bb link=\u00a0\u00bbhttps:\/\/www.gal-fagnes-hauteambleve.be\/\u00a0\u00bb][\/vc_column_inner][vc_column_inner width=\u00a0\u00bb1\/5&Prime;][vc_single_image image=\u00a0\u00bb7269&Prime; img_size=\u00a0\u00bbfull\u00a0\u00bb css=\u00a0\u00bb\u00a0\u00bb][\/vc_column_inner][vc_column_inner width=\u00a0\u00bb1\/5&Prime;][vc_single_image image=\u00a0\u00bb7270&Prime; img_size=\u00a0\u00bbfull\u00a0\u00bb onclick=\u00a0\u00bbcustom_link\u00a0\u00bb img_link_target=\u00a0\u00bb_blank\u00a0\u00bb css=\u00a0\u00bb\u00a0\u00bb link=\u00a0\u00bbhttps:\/\/www.wallonie.be\/fr\u00a0\u00bb][\/vc_column_inner][\/vc_row_inner][vc_row_inner content_placement=\u00a0\u00bbmiddle\u00a0\u00bb css=\u00a0\u00bb.vc_custom_1739439137431{margin-bottom: 30px !important;}\u00a0\u00bb][vc_column_inner width=\u00a0\u00bb1\/5&Prime;][vc_single_image image=\u00a0\u00bb7271&Prime; img_size=\u00a0\u00bbfull\u00a0\u00bb onclick=\u00a0\u00bbcustom_link\u00a0\u00bb img_link_target=\u00a0\u00bb_blank\u00a0\u00bb css=\u00a0\u00bb\u00a0\u00bb link=\u00a0\u00bbhttps:\/\/miteinander.be\/\u00a0\u00bb][\/vc_column_inner][vc_column_inner width=\u00a0\u00bb1\/5&Prime;][vc_single_image image=\u00a0\u00bb7272&Prime; img_size=\u00a0\u00bbfull\u00a0\u00bb onclick=\u00a0\u00bbcustom_link\u00a0\u00bb img_link_target=\u00a0\u00bb_blank\u00a0\u00bb css=\u00a0\u00bb\u00a0\u00bb link=\u00a0\u00bbhttps:\/\/buergerfonds.be\/\u00a0\u00bb][\/vc_column_inner][vc_column_inner width=\u00a0\u00bb1\/5&Prime;][vc_single_image image=\u00a0\u00bb7273&Prime; img_size=\u00a0\u00bbfull\u00a0\u00bb onclick=\u00a0\u00bbcustom_link\u00a0\u00bb img_link_target=\u00a0\u00bb_blank\u00a0\u00bb css=\u00a0\u00bb\u00a0\u00bb link=\u00a0\u00bbhttps:\/\/clm-ostbelgien.be\/de\/\u00a0\u00bb][\/vc_column_inner][vc_column_inner width=\u00a0\u00bb1\/5&Prime;][vc_single_image image=\u00a0\u00bb7274&Prime; img_size=\u00a0\u00bbfull\u00a0\u00bb onclick=\u00a0\u00bbcustom_link\u00a0\u00bb img_link_target=\u00a0\u00bb_blank\u00a0\u00bb css=\u00a0\u00bb\u00a0\u00bb link=\u00a0\u00bbhttps:\/\/ostbelgienlive.be\/\u00a0\u00bb][\/vc_column_inner][vc_column_inner width=\u00a0\u00bb1\/5&Prime;][vc_column_text css=\u00a0\u00bb\u00a0\u00bb]<\/p>\n<p style=\"text-align: center;\"><strong>Avec le soutien des communes<\/strong><\/p>\n<p>[\/vc_column_text][\/vc_column_inner][\/vc_row_inner][\/vc_column][\/vc_row][\/vc_section]<\/p>\n<\/div>","protected":false},"excerpt":{"rendered":"<p>[vc_row][vc_column width=\u00a0\u00bb1\/4&Prime;][vc_single_image image=\u00a0\u00bb7640&Prime; img_size=\u00a0\u00bbfull\u00a0\u00bb][\/vc_column][vc_column width=\u00a0\u00bb3\/4&Prime;][vc_column_text css=\u00a0\u00bb\u00a0\u00bb] Stundenblume Du temps pour les personnes \u00e0 mobilit\u00e9 r\u00e9duite [\/vc_column_text][\/vc_column][\/vc_row][vc_row css=\u00a0\u00bb.vc_custom_1533112300423{margin-top: 50px !important;}\u00a0\u00bb][vc_column][vc_column_text css=\u00a0\u00bb\u00a0\u00bb]Stundenblume est un projet b\u00e9n\u00e9vole de l&rsquo;association des femmes rurales destin\u00e9 aux seniors \u00e0 mobilit\u00e9 r\u00e9duite de la Communaut\u00e9 germanophone. La centaine de b\u00e9n\u00e9voles interviennent l\u00e0 o\u00f9 le r\u00e9seau social pr\u00e9sente des lacunes. Ils jouent un&hellip;<\/p>\n","protected":false},"author":1,"featured_media":0,"parent":7597,"menu_order":0,"comment_status":"closed","ping_status":"closed","template":"","meta":{"_monsterinsights_skip_tracking":false,"_monsterinsights_sitenote_active":false,"_monsterinsights_sitenote_note":"","_monsterinsights_sitenote_category":0,"footnotes":""},"class_list":["post-7643","page","type-page","status-publish","hentry","description-off"],"_links":{"self":[{"href":"https:\/\/fahrmit.be\/fr\/wp-json\/wp\/v2\/pages\/7643","targetHints":{"allow":["GET"]}}],"collection":[{"href":"https:\/\/fahrmit.be\/fr\/wp-json\/wp\/v2\/pages"}],"about":[{"href":"https:\/\/fahrmit.be\/fr\/wp-json\/wp\/v2\/types\/page"}],"author":[{"embeddable":true,"href":"https:\/\/fahrmit.be\/fr\/wp-json\/wp\/v2\/users\/1"}],"replies":[{"embeddable":true,"href":"https:\/\/fahrmit.be\/fr\/wp-json\/wp\/v2\/comments?post=7643"}],"version-history":[{"count":4,"href":"https:\/\/fahrmit.be\/fr\/wp-json\/wp\/v2\/pages\/7643\/revisions"}],"predecessor-version":[{"id":7649,"href":"https:\/\/fahrmit.be\/fr\/wp-json\/wp\/v2\/pages\/7643\/revisions\/7649"}],"up":[{"embeddable":true,"href":"https:\/\/fahrmit.be\/fr\/wp-json\/wp\/v2\/pages\/7597"}],"wp:attachment":[{"href":"https:\/\/fahrmit.be\/fr\/wp-json\/wp\/v2\/media?parent=7643"}],"curies":[{"name":"wp","href":"https:\/\/api.w.org\/{rel}","templated":true}]}}