{"id":7630,"date":"2021-06-16T10:45:21","date_gmt":"2021-06-16T10:45:21","guid":{"rendered":"https:\/\/fahrmit.be\/?page_id=7630"},"modified":"2026-04-30T09:39:00","modified_gmt":"2026-04-30T09:39:00","slug":"seniorbus-kelmis","status":"publish","type":"page","link":"https:\/\/fahrmit.be\/fr\/solutions-de-mobilite\/services-solidaires\/seniorbus-kelmis\/","title":{"rendered":"Bus des s\u00e9niors de La Calamine\/Kelmis"},"content":{"rendered":"<div class=\"wpb-content-wrapper\"><p>[vc_row][vc_column][vc_column_text css=\u00a0\u00bb\u00a0\u00bb]<\/p>\n<h2>Bus des s\u00e9niors de La Calamine \/ Kelmis<\/h2>\n<p>[\/vc_column_text][\/vc_column][\/vc_row][vc_row css=\u00a0\u00bb.vc_custom_1533112300423{margin-top: 50px !important;}\u00a0\u00bb][vc_column][vc_column_text css=\u00a0\u00bb\u00a0\u00bb]En collaboration avec l\u2019Intercommunale INAGO, la Commune de La Calamine propose un service de transport t<strong>ous les jeudis matin<\/strong> vers le march\u00e9 de La Calamine.<\/p>\n<p>Le minibus part \u00e0 9 heures de Hergenrath, puis vers La Calamine pour prendre en charge les personnes \u00e0 mobilit\u00e9 r\u00e9duite qui ont r\u00e9serv\u00e9.<br \/>\nVers 11h30, le bus repart de La Calamine.<\/p>\n<p>INAGO met \u00e0 disposition le bus et le chauffeur. Le chauffeur b\u00e9n\u00e9vole aide \u00e0 charger et d\u00e9charger les courses.<br \/>\nCe service co\u00fbte 3 \u20ac \/ personne pour l&rsquo;aller-retour.<\/p>\n<p>R\u00e9servation obligatoire le lundi entre 9 h et 16h30 au secr\u00e9tariat d\u2019INAGO : 087\/78 98 90[\/vc_column_text][\/vc_column][\/vc_row][vc_row css=\u00a0\u00bb.vc_custom_1538381296199{padding-top: 40px !important;}\u00a0\u00bb][vc_column][vc_separator][\/vc_column][\/vc_row][vc_section][vc_row full_width=\u00a0\u00bbstretch_row\u00a0\u00bb css=\u00a0\u00bb.vc_custom_1533106395501{margin-top: 50px !important;}\u00a0\u00bb][vc_column width=\u00a0\u00bb1\/5&Prime; css=\u00a0\u00bb.vc_custom_1537790135452{padding-top: 50px !important;}\u00a0\u00bb][\/vc_column][vc_column width=\u00a0\u00bb3\/5&Prime;]<div class=\"dt-fancy-separator h3-size accent-title-color accent-border-color\" style=\"width: 100%;\"><div class=\"dt-fancy-title\"><span class=\"separator-holder separator-left\"><\/span>Avec le soutien de<span class=\"separator-holder separator-right\"><\/span><\/div><\/div>[\/vc_column][vc_column width=\u00a0\u00bb1\/5&Prime;][\/vc_column][\/vc_row][vc_row css=\u00a0\u00bb.vc_custom_1532951531627{margin-top: 50px !important;}\u00a0\u00bb][vc_column][vc_row_inner css=\u00a0\u00bb.vc_custom_1739263838297{margin-bottom: 30px !important;}\u00a0\u00bb][vc_column_inner width=\u00a0\u00bb1\/5&Prime;][vc_single_image image=\u00a0\u00bb7266&Prime; img_size=\u00a0\u00bbfull\u00a0\u00bb onclick=\u00a0\u00bbcustom_link\u00a0\u00bb img_link_target=\u00a0\u00bb_blank\u00a0\u00bb css=\u00a0\u00bb\u00a0\u00bb link=\u00a0\u00bbhttps:\/\/leader-ostbelgien.be\/lag-100-doerfer-1-zukunft\/\u00a0\u00bb][\/vc_column_inner][vc_column_inner width=\u00a0\u00bb1\/5&Prime;][vc_single_image image=\u00a0\u00bb7267&Prime; img_size=\u00a0\u00bbfull\u00a0\u00bb onclick=\u00a0\u00bbcustom_link\u00a0\u00bb img_link_target=\u00a0\u00bb_blank\u00a0\u00bb css=\u00a0\u00bb\u00a0\u00bb link=\u00a0\u00bbhttps:\/\/leader-ostbelgien.be\/lag-zwischen-weser-und-goehl\/\u00a0\u00bb][\/vc_column_inner][vc_column_inner width=\u00a0\u00bb1\/5&Prime;][vc_single_image image=\u00a0\u00bb7268&Prime; img_size=\u00a0\u00bbfull\u00a0\u00bb onclick=\u00a0\u00bbcustom_link\u00a0\u00bb img_link_target=\u00a0\u00bb_blank\u00a0\u00bb css=\u00a0\u00bb\u00a0\u00bb link=\u00a0\u00bbhttps:\/\/www.gal-fagnes-hauteambleve.be\/\u00a0\u00bb][\/vc_column_inner][vc_column_inner width=\u00a0\u00bb1\/5&Prime;][vc_single_image image=\u00a0\u00bb7269&Prime; img_size=\u00a0\u00bbfull\u00a0\u00bb css=\u00a0\u00bb\u00a0\u00bb][\/vc_column_inner][vc_column_inner width=\u00a0\u00bb1\/5&Prime;][vc_single_image image=\u00a0\u00bb7270&Prime; img_size=\u00a0\u00bbfull\u00a0\u00bb onclick=\u00a0\u00bbcustom_link\u00a0\u00bb img_link_target=\u00a0\u00bb_blank\u00a0\u00bb css=\u00a0\u00bb\u00a0\u00bb link=\u00a0\u00bbhttps:\/\/www.wallonie.be\/fr\u00a0\u00bb][\/vc_column_inner][\/vc_row_inner][vc_row_inner content_placement=\u00a0\u00bbmiddle\u00a0\u00bb css=\u00a0\u00bb.vc_custom_1739439137431{margin-bottom: 30px !important;}\u00a0\u00bb][vc_column_inner width=\u00a0\u00bb1\/5&Prime;][vc_single_image image=\u00a0\u00bb7271&Prime; img_size=\u00a0\u00bbfull\u00a0\u00bb onclick=\u00a0\u00bbcustom_link\u00a0\u00bb img_link_target=\u00a0\u00bb_blank\u00a0\u00bb css=\u00a0\u00bb\u00a0\u00bb link=\u00a0\u00bbhttps:\/\/miteinander.be\/\u00a0\u00bb][\/vc_column_inner][vc_column_inner width=\u00a0\u00bb1\/5&Prime;][vc_single_image image=\u00a0\u00bb7272&Prime; img_size=\u00a0\u00bbfull\u00a0\u00bb onclick=\u00a0\u00bbcustom_link\u00a0\u00bb img_link_target=\u00a0\u00bb_blank\u00a0\u00bb css=\u00a0\u00bb\u00a0\u00bb link=\u00a0\u00bbhttps:\/\/buergerfonds.be\/\u00a0\u00bb][\/vc_column_inner][vc_column_inner width=\u00a0\u00bb1\/5&Prime;][vc_single_image image=\u00a0\u00bb7273&Prime; img_size=\u00a0\u00bbfull\u00a0\u00bb onclick=\u00a0\u00bbcustom_link\u00a0\u00bb img_link_target=\u00a0\u00bb_blank\u00a0\u00bb css=\u00a0\u00bb\u00a0\u00bb link=\u00a0\u00bbhttps:\/\/clm-ostbelgien.be\/de\/\u00a0\u00bb][\/vc_column_inner][vc_column_inner width=\u00a0\u00bb1\/5&Prime;][vc_single_image image=\u00a0\u00bb7274&Prime; img_size=\u00a0\u00bbfull\u00a0\u00bb onclick=\u00a0\u00bbcustom_link\u00a0\u00bb img_link_target=\u00a0\u00bb_blank\u00a0\u00bb css=\u00a0\u00bb\u00a0\u00bb link=\u00a0\u00bbhttps:\/\/ostbelgienlive.be\/\u00a0\u00bb][\/vc_column_inner][vc_column_inner width=\u00a0\u00bb1\/5&Prime;][vc_column_text css=\u00a0\u00bb\u00a0\u00bb]<\/p>\n<p style=\"text-align: center;\"><strong>Avec le soutien des communes<\/strong><\/p>\n<p>[\/vc_column_text][\/vc_column_inner][\/vc_row_inner][\/vc_column][\/vc_row][\/vc_section]<\/p>\n<\/div>","protected":false},"excerpt":{"rendered":"<p>[vc_row][vc_column][vc_column_text css=\u00a0\u00bb\u00a0\u00bb] Bus des s\u00e9niors de La Calamine \/ Kelmis [\/vc_column_text][\/vc_column][\/vc_row][vc_row css=\u00a0\u00bb.vc_custom_1533112300423{margin-top: 50px !important;}\u00a0\u00bb][vc_column][vc_column_text css=\u00a0\u00bb\u00a0\u00bb]En collaboration avec l\u2019Intercommunale INAGO, la Commune de La Calamine propose un service de transport tous les jeudis matin vers le march\u00e9 de La Calamine. Le minibus part \u00e0 9 heures de Hergenrath, puis vers La Calamine pour prendre en charge&hellip;<\/p>\n","protected":false},"author":3,"featured_media":0,"parent":7597,"menu_order":0,"comment_status":"closed","ping_status":"closed","template":"","meta":{"_monsterinsights_skip_tracking":false,"_monsterinsights_sitenote_active":false,"_monsterinsights_sitenote_note":"","_monsterinsights_sitenote_category":0,"footnotes":""},"class_list":["post-7630","page","type-page","status-publish","hentry","description-off"],"_links":{"self":[{"href":"https:\/\/fahrmit.be\/fr\/wp-json\/wp\/v2\/pages\/7630","targetHints":{"allow":["GET"]}}],"collection":[{"href":"https:\/\/fahrmit.be\/fr\/wp-json\/wp\/v2\/pages"}],"about":[{"href":"https:\/\/fahrmit.be\/fr\/wp-json\/wp\/v2\/types\/page"}],"author":[{"embeddable":true,"href":"https:\/\/fahrmit.be\/fr\/wp-json\/wp\/v2\/users\/3"}],"replies":[{"embeddable":true,"href":"https:\/\/fahrmit.be\/fr\/wp-json\/wp\/v2\/comments?post=7630"}],"version-history":[{"count":6,"href":"https:\/\/fahrmit.be\/fr\/wp-json\/wp\/v2\/pages\/7630\/revisions"}],"predecessor-version":[{"id":10918,"href":"https:\/\/fahrmit.be\/fr\/wp-json\/wp\/v2\/pages\/7630\/revisions\/10918"}],"up":[{"embeddable":true,"href":"https:\/\/fahrmit.be\/fr\/wp-json\/wp\/v2\/pages\/7597"}],"wp:attachment":[{"href":"https:\/\/fahrmit.be\/fr\/wp-json\/wp\/v2\/media?parent=7630"}],"curies":[{"name":"wp","href":"https:\/\/api.w.org\/{rel}","templated":true}]}}