{"id":7573,"date":"2018-07-30T12:25:09","date_gmt":"2018-07-30T12:25:09","guid":{"rendered":"https:\/\/fahrmit.be\/?page_id=7573"},"modified":"2025-10-08T12:31:45","modified_gmt":"2025-10-08T12:31:45","slug":"service-de-covoiturage","status":"publish","type":"page","link":"https:\/\/fahrmit.be\/fr\/solutions-de-mobilite\/covoiturage\/service-de-covoiturage\/","title":{"rendered":"Service de covoiturage"},"content":{"rendered":"<div class=\"wpb-content-wrapper\"><p>[vc_row][vc_column][vc_accordion active_tab=\u00a0\u00bb1&Prime; collapsible=\u00a0\u00bbyes\u00a0\u00bb title_size=\u00a0\u00bbh3&Prime; style=\u00a0\u00bb2&Prime;][vc_accordion_tab title=\u00a0\u00bbComment fonctionne le principe du \u00ab covoiturage \u00bb ?\u00a0\u00bb][vc_column_text css=\u00a0\u00bb\u00a0\u00bb]<\/p>\n<h4>La mobilit\u00e9 partag\u00e9e<\/h4>\n<p>La \u00ab mobilit\u00e9 partag\u00e9e \u00bb fonctionne comme suit : un automobiliste a encore de la place dans sa voiture et prend donc un ou plusieurs passagers, que ce soit pour tout le trajet ou seulement pour une partie.<\/p>\n<p>Le covoiturage fonctionne selon le principe simple du partage. Un automobiliste dispose de places libres dans sa voiture et prend d&rsquo;autres personnes pour tout ou partie du trajet. Cela peut \u00eatre r\u00e9gulier, par exemple pour se rendre au travail, ou occasionnel, par exemple pour faire les courses.<\/p>\n<p><img loading=\"lazy\" decoding=\"async\" class=\"aligncenter wp-image-1279 size-full\" src=\"https:\/\/fahrmit.be\/wp-content\/uploads\/2018\/08\/fahrmit-mitfahrerzentrale.jpg\" alt=\"\" width=\"826\" height=\"400\" srcset=\"https:\/\/fahrmit.be\/wp-content\/uploads\/2018\/08\/fahrmit-mitfahrerzentrale.jpg 826w, https:\/\/fahrmit.be\/wp-content\/uploads\/2018\/08\/fahrmit-mitfahrerzentrale-300x145.jpg 300w, https:\/\/fahrmit.be\/wp-content\/uploads\/2018\/08\/fahrmit-mitfahrerzentrale-768x372.jpg 768w\" sizes=\"auto, (max-width: 826px) 100vw, 826px\" \/><\/p>\n<h4><\/h4>\n<h4>Pour un covoiturage r\u00e9ussi<\/h4>\n<ul>\n<li>Contactez au pr\u00e9alable le prestataire ou la personne \u00e0 la recherche d&rsquo;un covoiturage.<\/li>\n<li>D\u00e9cidez si vous souhaitez voyager ensemble. Indiquez dans la description du trajet si vous souhaitez voyager uniquement avec des femmes ou des hommes.<\/li>\n<li>Convenez du partage des frais.<\/li>\n<li>Convenez d&rsquo;un lieu et d&rsquo;une heure de rendez-vous et respectez-les.<\/li>\n<li>Pr\u00e9venez votre conducteur\/passager \u00e0 temps si vous \u00eates emp\u00each\u00e9 par un cas de force majeure, une maladie, etc.<\/li>\n<li>En tant que conducteur, vous devez \u00eatre un usager de la route responsable et conduire une voiture bien entretenue.<\/li>\n<li>En tant que passager, vous devez respecter les souhaits du conducteur concernant la radio et l&rsquo;interdiction de fumer.<\/li>\n<li>Ne vous sentez pas oblig\u00e9 de parler pendant tout le trajet.<\/li>\n<li>Pour les covoiturages r\u00e9guliers : mettez-vous d&rsquo;accord sur qui conduit et \u00e0 quelle fr\u00e9quence.<\/li>\n<\/ul>\n<p>&nbsp;<\/p>\n<p>[\/vc_column_text][\/vc_accordion_tab][vc_accordion_tab title=\u00a0\u00bbParticipation aux co\u00fbts\u00a0\u00bb][vc_column_text css=\u00a0\u00bb\u00a0\u00bb]<\/p>\n<h4>Partager les frais ?<\/h4>\n<p>Une indemnit\u00e9 est pr\u00e9vue pour le transport lui-m\u00eame ; il est pr\u00e9f\u00e9rable que le conducteur et le passager s&rsquo;accordent \u00e0 l&rsquo;avance sur son montant. En r\u00e8gle g\u00e9n\u00e9rale, elle s&rsquo;\u00e9l\u00e8ve \u00e0 0,08 \u20ac par kilom\u00e8tre si le conducteur n&rsquo;a pas \u00e0 faire de d\u00e9tour. Le montant re\u00e7u par le conducteur n&rsquo;est pas imposable, car il s&rsquo;agit uniquement d&rsquo;une participation aux frais de d\u00e9placement.<br \/>\nSi le conducteur doit parcourir des kilom\u00e8tres suppl\u00e9mentaires pour aller chercher ou d\u00e9poser le passager, il est g\u00e9n\u00e9ralement recommand\u00e9 de verser 0,21 \u20ac par kilom\u00e8tre. Ce montant peut alors \u00eatre rembours\u00e9 par l&#8217;employeur au titre de d\u00e9placement professionnel. Si les conducteurs se relaient, il va de soi qu&rsquo;aucun frais de d\u00e9placement ne doit \u00eatre vers\u00e9.<\/p>\n<h4><\/h4>\n<h4>Attention : pas de gain !<\/h4>\n<p>Nous attirons votre attention sur le fait que l&rsquo;indemnit\u00e9 kilom\u00e9trique doit \u00eatre consid\u00e9r\u00e9e comme une simple compensation des frais et que les trajets ne doivent pas g\u00e9n\u00e9rer de b\u00e9n\u00e9fices. Cela signifie que la participation aux frais de transport de tous les passagers ne doit pas d\u00e9passer 0,3573 \u20ac par km.<br \/>\nSi un b\u00e9n\u00e9fice est r\u00e9alis\u00e9, le trajet serait consid\u00e9r\u00e9 comme un transport commercial, ce qui aurait des cons\u00e9quences pratiques en mati\u00e8re d&rsquo;assurance, de certificat d&rsquo;aptitude \u00e0 la conduite, d&rsquo;imp\u00f4ts, etc.<br \/>\nComme il s&rsquo;agit uniquement d&rsquo;une participation aux frais, le covoiturage n&rsquo;est pas concern\u00e9 par la l\u00e9gislation sur l&rsquo;\u00e9conomie collaborative en vigueur depuis mars 2017. Les revenus ne doivent donc pas \u00eatre d\u00e9clar\u00e9s dans la d\u00e9claration d&rsquo;imp\u00f4ts s&rsquo;ils ne d\u00e9passent pas 0,3573 EUR\/km (montants index\u00e9s, juillet 2018).<\/p>\n<p>&nbsp;<\/p>\n<p>[\/vc_column_text][\/vc_accordion_tab][vc_accordion_tab title=\u00a0\u00bbAssurance et imp\u00f4ts\u00a0\u00bb][vc_column_text css=\u00a0\u00bb\u00a0\u00bb]<\/p>\n<h4>Assurances<\/h4>\n<p>Les passagers sont couverts par l&rsquo;assurance responsabilit\u00e9 civile. La souscription d&rsquo;une assurance responsabilit\u00e9 civile pour les voitures particuli\u00e8res est obligatoire en Belgique.<\/p>\n<p>&nbsp;<\/p>\n<h4>Taxes<\/h4>\n<p>Si vous indiquez en d\u00e9tail les frais professionnels r\u00e9els dans votre d\u00e9claration d&rsquo;imp\u00f4ts, vous pouvez continuer \u00e0 d\u00e9duire vos frais de d\u00e9placement \u00e0 hauteur de 0,15 EUR par km pour vos trajets entre votre domicile et votre lieu de travail en tant que conducteur. Les indemnit\u00e9s vers\u00e9es par vos passagers ne doivent pas \u00eatre d\u00e9clar\u00e9es.<\/p>\n<p>En tant que passager, vous pouvez \u00e9galement d\u00e9duire les frais li\u00e9s aux trajets professionnels entre votre domicile et votre lieu de travail, mais le nombre de kilom\u00e8tres ne doit pas d\u00e9passer 100 km par trajet (aller ou retour).<\/p>\n<p>[\/vc_column_text][\/vc_accordion_tab][vc_accordion_tab title=\u00a0\u00bbCovoiturage et conduite : tout ce que vous devez savoir\u00a0\u00bb][vc_column_text css=\u00a0\u00bb\u00a0\u00bb]Attention ! Les explications fournies ici concernant les questions fiscales ne concernent que la l\u00e9gislation belge ! En cas d&rsquo;imposition \u00e0 l&rsquo;\u00e9tranger, des r\u00e8gles diff\u00e9rentes s&rsquo;appliquent.<\/p>\n<p>&nbsp;<\/p>\n<h4>Quelles sont les possibilit\u00e9s ?<\/h4>\n<p>D&rsquo;un point de vue fiscal, plusieurs possibilit\u00e9s s&rsquo;offrent \u00e0 vous : vous pouvez soit d\u00e9clarer le montant de vos frais professionnels r\u00e9els, soit d\u00e9clarer le forfait pr\u00e9vu \u00e0 cet effet.<\/p>\n<p>Les deux formules sont possibles, tant pour le conducteur que pour le passager.<\/p>\n<p>Si vous d\u00e9clarez les frais professionnels r\u00e9els (ligne 1258 et\/ou 2258 de la d\u00e9claration de revenus), voici quelques conditions g\u00e9n\u00e9rales qui s&rsquo;appliquent en cas de trajets communs :<\/p>\n<p>&nbsp;<\/p>\n<p>&nbsp;<\/p>\n<h4>Frais professionnels<\/h4>\n<p>Deux types de frais professionnels peuvent \u00eatre d\u00e9clar\u00e9s fiscalement pour l&rsquo;utilisation d&rsquo;un v\u00e9hicule<\/p>\n<ul>\n<li>D&rsquo;une part, les frais de d\u00e9placement entre le domicile et le lieu de travail fixe : ceux-ci peuvent \u00eatre d\u00e9clar\u00e9s \u00e0 hauteur de 0,15 \u20ac\/km (ce montant forfaitaire par kilom\u00e8tre comprend tous les frais d&rsquo;acquisition, de r\u00e9paration et d&rsquo;utilisation du v\u00e9hicule. Les int\u00e9r\u00eats d&rsquo;un cr\u00e9dit ou, le cas \u00e9ch\u00e9ant, les frais de t\u00e9l\u00e9phone portable peuvent \u00eatre d\u00e9clar\u00e9s dans leur int\u00e9gralit\u00e9, mais uniquement au prorata du nombre de kilom\u00e8tres parcourus entre le domicile et le lieu de travail par rapport au nombre total de kilom\u00e8tres parcourus).<\/li>\n<li>D&rsquo;autre part, les autres frais de d\u00e9placement professionnels (par exemple, pour un trajet entre le lieu de travail et un client). Ceux-ci peuvent \u00eatre d\u00e9duits \u00e0 hauteur de 75 % (\u00e0 partir de 2010, 75 % \u00e9galement pour les frais de carburant).<\/li>\n<\/ul>\n<p>&nbsp;<\/p>\n<h4>Avantages fiscaux<\/h4>\n<p>Trois conditions pour b\u00e9n\u00e9ficier du tarif de 0,15 \u20ac\/km :<\/p>\n<ul>\n<li>Le v\u00e9hicule utilis\u00e9 doit \u00eatre une voiture particuli\u00e8re, un v\u00e9hicule \u00e0 usage mixte ou un minibus.<\/li>\n<li>Le v\u00e9hicule doit vous appartenir, appartenir \u00e0 votre conjoint ou \u00e0 votre employeur, \u00eatre immatricul\u00e9 \u00e0 votre nom ou faire l&rsquo;objet d&rsquo;un contrat de location \u00e0 long terme.<\/li>\n<li>Le trajet ne peut avoir lieu qu&rsquo;entre votre domicile et votre lieu de travail habituel.<\/li>\n<\/ul>\n<p>Cependant, les passagers peuvent \u00e9galement b\u00e9n\u00e9ficier de cette d\u00e9ductibilit\u00e9 fiscale de 0,15 \u20ac par km, dans la limite de 100 km par trajet (il est donc possible de d\u00e9clarer jusqu&rsquo;\u00e0 200 km par jour).<\/p>\n<p>&nbsp;<\/p>\n<h4>Remboursement des frais que vous devez d\u00e9clarer<\/h4>\n<ul>\n<li>Si votre employeur vous rembourse tout ou partie de vos frais de transport pour vous rendre au travail, vous devez indiquer ces montants dans votre d\u00e9claration d&rsquo;imp\u00f4ts. Dans le cas d&rsquo;un calcul forfaitaire des frais professionnels, 350 \u20ac sont exon\u00e9r\u00e9s d&rsquo;imp\u00f4t. Si vous indiquez vos frais professionnels r\u00e9els, vous devez \u00e9galement mentionner les remboursements de votre employeur et vous pouvez d\u00e9duire vos frais de d\u00e9placement pour vous rendre au travail \u00e0 hauteur de 0,15 \u20ac. Le fait que vous preniez quelqu&rsquo;un avec vous ne change rien \u00e0 cela.<\/li>\n<li>Le montant que vous recevez de votre passager \u00e0 titre de participation aux frais de d\u00e9placement est en principe exon\u00e9r\u00e9 d&rsquo;imp\u00f4t. Cela ne vaut toutefois que s&rsquo;il s&rsquo;agit de montants relativement faibles (au sens de la gestion d&rsquo;un \u00ab bon p\u00e8re de famille \u00bb, mais pas s&rsquo;il en r\u00e9sulte un gain).<\/li>\n<\/ul>\n<p>&nbsp;<\/p>\n<h4>Si vous n&rsquo;\u00eates pas s\u00fbr<\/h4>\n<p>Pour plus d&rsquo;informations, veuillez consulter votre conseiller fiscal, les autorit\u00e9s fiscales www.finanzen.belgium.be\/de ou www.fisconetplus.<\/p>\n<p>&nbsp;<\/p>\n<h4>Fixer les tarifs avant le d\u00e9but du trajet dans tous les cas<\/h4>\n<p>Afin d&rsquo;\u00e9viter tout malentendu ou mauvaise surprise, il est judicieux de convenir d\u00e8s le premier contact (par t\u00e9l\u00e9phone ou par e-mail) du montant de la participation aux frais.<\/p>\n<p>[\/vc_column_text][\/vc_accordion_tab][\/vc_accordion][\/vc_column][\/vc_row][vc_row][vc_column][vc_column_text]<\/p>\n<p>[\/vc_column_text][\/vc_column][\/vc_row][vc_row css=\u00a0\u00bb.vc_custom_1538381296199{padding-top: 40px !important;}\u00a0\u00bb][vc_column][vc_separator][\/vc_column][\/vc_row][vc_section][vc_row full_width=\u00a0\u00bbstretch_row\u00a0\u00bb css=\u00a0\u00bb.vc_custom_1533106395501{margin-top: 50px !important;}\u00a0\u00bb][vc_column width=\u00a0\u00bb1\/5&Prime; css=\u00a0\u00bb.vc_custom_1537790135452{padding-top: 50px !important;}\u00a0\u00bb][\/vc_column][vc_column width=\u00a0\u00bb3\/5&Prime;]<div class=\"dt-fancy-separator h3-size accent-title-color accent-border-color\" style=\"width: 100%;\"><div class=\"dt-fancy-title\"><span class=\"separator-holder separator-left\"><\/span>Avec l&#039;aimable soutien de<span class=\"separator-holder separator-right\"><\/span><\/div><\/div>[\/vc_column][vc_column width=\u00a0\u00bb1\/5&Prime;][\/vc_column][\/vc_row][vc_row css=\u00a0\u00bb.vc_custom_1532951531627{margin-top: 50px !important;}\u00a0\u00bb][vc_column][vc_row_inner css=\u00a0\u00bb.vc_custom_1739263838297{margin-bottom: 30px !important;}\u00a0\u00bb][vc_column_inner width=\u00a0\u00bb1\/5&Prime;][vc_single_image image=\u00a0\u00bb7266&Prime; img_size=\u00a0\u00bbfull\u00a0\u00bb onclick=\u00a0\u00bbcustom_link\u00a0\u00bb img_link_target=\u00a0\u00bb_blank\u00a0\u00bb css=\u00a0\u00bb\u00a0\u00bb link=\u00a0\u00bbhttps:\/\/leader-ostbelgien.be\/lag-100-doerfer-1-zukunft\/\u00a0\u00bb][\/vc_column_inner][vc_column_inner width=\u00a0\u00bb1\/5&Prime;][vc_single_image image=\u00a0\u00bb7267&Prime; img_size=\u00a0\u00bbfull\u00a0\u00bb onclick=\u00a0\u00bbcustom_link\u00a0\u00bb img_link_target=\u00a0\u00bb_blank\u00a0\u00bb css=\u00a0\u00bb\u00a0\u00bb link=\u00a0\u00bbhttps:\/\/leader-ostbelgien.be\/lag-zwischen-weser-und-goehl\/\u00a0\u00bb][\/vc_column_inner][vc_column_inner width=\u00a0\u00bb1\/5&Prime;][vc_single_image image=\u00a0\u00bb7268&Prime; img_size=\u00a0\u00bbfull\u00a0\u00bb onclick=\u00a0\u00bbcustom_link\u00a0\u00bb img_link_target=\u00a0\u00bb_blank\u00a0\u00bb css=\u00a0\u00bb\u00a0\u00bb link=\u00a0\u00bbhttps:\/\/www.gal-fagnes-hauteambleve.be\/\u00a0\u00bb][\/vc_column_inner][vc_column_inner width=\u00a0\u00bb1\/5&Prime;][vc_single_image image=\u00a0\u00bb7269&Prime; img_size=\u00a0\u00bbfull\u00a0\u00bb css=\u00a0\u00bb\u00a0\u00bb][\/vc_column_inner][vc_column_inner width=\u00a0\u00bb1\/5&Prime;][vc_single_image image=\u00a0\u00bb7270&Prime; img_size=\u00a0\u00bbfull\u00a0\u00bb onclick=\u00a0\u00bbcustom_link\u00a0\u00bb img_link_target=\u00a0\u00bb_blank\u00a0\u00bb css=\u00a0\u00bb\u00a0\u00bb link=\u00a0\u00bbhttps:\/\/www.wallonie.be\/fr\u00a0\u00bb][\/vc_column_inner][\/vc_row_inner][vc_row_inner content_placement=\u00a0\u00bbmiddle\u00a0\u00bb css=\u00a0\u00bb.vc_custom_1739439137431{margin-bottom: 30px !important;}\u00a0\u00bb][vc_column_inner width=\u00a0\u00bb1\/5&Prime;][vc_single_image image=\u00a0\u00bb7271&Prime; img_size=\u00a0\u00bbfull\u00a0\u00bb onclick=\u00a0\u00bbcustom_link\u00a0\u00bb img_link_target=\u00a0\u00bb_blank\u00a0\u00bb css=\u00a0\u00bb\u00a0\u00bb link=\u00a0\u00bbhttps:\/\/miteinander.be\/\u00a0\u00bb][\/vc_column_inner][vc_column_inner width=\u00a0\u00bb1\/5&Prime;][vc_single_image image=\u00a0\u00bb7272&Prime; img_size=\u00a0\u00bbfull\u00a0\u00bb onclick=\u00a0\u00bbcustom_link\u00a0\u00bb img_link_target=\u00a0\u00bb_blank\u00a0\u00bb css=\u00a0\u00bb\u00a0\u00bb link=\u00a0\u00bbhttps:\/\/buergerfonds.be\/\u00a0\u00bb][\/vc_column_inner][vc_column_inner width=\u00a0\u00bb1\/5&Prime;][vc_single_image image=\u00a0\u00bb7273&Prime; img_size=\u00a0\u00bbfull\u00a0\u00bb onclick=\u00a0\u00bbcustom_link\u00a0\u00bb img_link_target=\u00a0\u00bb_blank\u00a0\u00bb css=\u00a0\u00bb\u00a0\u00bb link=\u00a0\u00bbhttps:\/\/clm-ostbelgien.be\/de\/\u00a0\u00bb][\/vc_column_inner][vc_column_inner width=\u00a0\u00bb1\/5&Prime;][vc_single_image image=\u00a0\u00bb7274&Prime; img_size=\u00a0\u00bbfull\u00a0\u00bb onclick=\u00a0\u00bbcustom_link\u00a0\u00bb img_link_target=\u00a0\u00bb_blank\u00a0\u00bb css=\u00a0\u00bb\u00a0\u00bb link=\u00a0\u00bbhttps:\/\/ostbelgienlive.be\/\u00a0\u00bb][\/vc_column_inner][vc_column_inner width=\u00a0\u00bb1\/5&Prime;][vc_column_text css=\u00a0\u00bb\u00a0\u00bb]<\/p>\n<p style=\"text-align: center;\"><strong>Avec le soutien des communes<\/strong><\/p>\n<p>[\/vc_column_text][\/vc_column_inner][\/vc_row_inner][\/vc_column][\/vc_row][\/vc_section][vc_column][vc_column_text]<\/p>\n<p style=\"text-align: center;\">Europ\u00e4ischer Landwirtschaftsfonds f\u00fcr die Entwicklung des l\u00e4ndlichen Raums: Hier investiert Europa in l\u00e4ndliche Gebiete.<\/p>\n<p>[\/vc_column_text][\/vc_column]<\/p>\n<\/div>","protected":false},"excerpt":{"rendered":"<p>[vc_row][vc_column][vc_accordion active_tab=\u00a0\u00bb1&Prime; collapsible=\u00a0\u00bbyes\u00a0\u00bb title_size=\u00a0\u00bbh3&Prime; style=\u00a0\u00bb2&Prime;][vc_accordion_tab title=\u00a0\u00bbComment fonctionne le principe du \u00ab covoiturage \u00bb ?\u00a0\u00bb][vc_column_text css=\u00a0\u00bb\u00a0\u00bb] La mobilit\u00e9 partag\u00e9e La \u00ab mobilit\u00e9 partag\u00e9e \u00bb fonctionne comme suit : un automobiliste a encore de la place dans sa voiture et prend donc un ou plusieurs passagers, que ce soit pour tout le trajet ou seulement pour une&hellip;<\/p>\n","protected":false},"author":1,"featured_media":0,"parent":7492,"menu_order":0,"comment_status":"closed","ping_status":"closed","template":"","meta":{"_monsterinsights_skip_tracking":false,"_monsterinsights_sitenote_active":false,"_monsterinsights_sitenote_note":"","_monsterinsights_sitenote_category":0,"footnotes":""},"class_list":["post-7573","page","type-page","status-publish","hentry","description-off"],"_links":{"self":[{"href":"https:\/\/fahrmit.be\/fr\/wp-json\/wp\/v2\/pages\/7573","targetHints":{"allow":["GET"]}}],"collection":[{"href":"https:\/\/fahrmit.be\/fr\/wp-json\/wp\/v2\/pages"}],"about":[{"href":"https:\/\/fahrmit.be\/fr\/wp-json\/wp\/v2\/types\/page"}],"author":[{"embeddable":true,"href":"https:\/\/fahrmit.be\/fr\/wp-json\/wp\/v2\/users\/1"}],"replies":[{"embeddable":true,"href":"https:\/\/fahrmit.be\/fr\/wp-json\/wp\/v2\/comments?post=7573"}],"version-history":[{"count":5,"href":"https:\/\/fahrmit.be\/fr\/wp-json\/wp\/v2\/pages\/7573\/revisions"}],"predecessor-version":[{"id":7581,"href":"https:\/\/fahrmit.be\/fr\/wp-json\/wp\/v2\/pages\/7573\/revisions\/7581"}],"up":[{"embeddable":true,"href":"https:\/\/fahrmit.be\/fr\/wp-json\/wp\/v2\/pages\/7492"}],"wp:attachment":[{"href":"https:\/\/fahrmit.be\/fr\/wp-json\/wp\/v2\/media?parent=7573"}],"curies":[{"name":"wp","href":"https:\/\/api.w.org\/{rel}","templated":true}]}}