{"id":7565,"date":"2022-06-29T11:29:45","date_gmt":"2022-06-29T11:29:45","guid":{"rendered":"https:\/\/fahrmit.be\/?page_id=7565"},"modified":"2026-04-24T09:37:04","modified_gmt":"2026-04-24T09:37:04","slug":"ensemble-a-des-evenements","status":"publish","type":"page","link":"https:\/\/fahrmit.be\/fr\/solutions-de-mobilite\/covoiturage\/ensemble-a-des-evenements\/","title":{"rendered":"Se rendre ensemble \u00e0 des \u00e9v\u00e9nements musicaux, culturels ou folkloriques"},"content":{"rendered":"<div class=\"wpb-content-wrapper\"><p>[vc_row][vc_column][vc_column_text css=\u00a0\u00bb\u00a0\u00bb]<\/p>\n<h2>Covoiturer pour se rendre \u00e0 un \u00e9v\u00e9nement :<br \/>\n+ convivial, &#8211; cher et + pour l&rsquo;environnement<\/h2>\n<h3>Vous \u00eates organisateur d&rsquo;\u00e9v\u00e9nements ?<\/h3>\n<p>-&gt; Proposez \u00e0 vos publics de faire du covoiturage pour se rendre \u00e0 vos spectacles.<\/p>\n<p><strong>Plateforme de covoiturage COVIEVENT : https:\/\/www.covievent.org\/<\/strong><\/p>\n<p>Cr\u00e9er un lien sur la plateforme, li\u00e9 \u00e0 chacun de vos \u00e9v\u00e9nements.<br \/>\nLes potentiels covoitureurs s&rsquo;inscrivent facilement en tant que chauffeurs ou passagers et visualisent directement les trajets encod\u00e9s.<\/p>\n<h3>Avantages pour les organisateurs :<\/h3>\n<ul>\n<li style=\"list-style-type: none;\">\n<ul>\n<li>R\u00e9duction de l&#8217;empreinte \u00e9cologique de l&rsquo;\u00e9v\u00e9nement (les trajets aller-retour repr\u00e9sentent en moyenne 45 % des \u00e9missions de CO\u00b2 d&rsquo;un \u00e9v\u00e9nement)<\/li>\n<li>R\u00e9duction du nombre de places de stationnement n\u00e9cessaires<\/li>\n<li>Moins de circulation = moins de chaos sur les routes<\/li>\n<li>Moins de circulation \u00e0 proximit\u00e9 de l&rsquo;\u00e9v\u00e9nement = plus de s\u00e9curit\u00e9<\/li>\n<li>Toucher un plus large public (ceux qui n&rsquo;ont pas de moyen de mobilit\u00e9 ou qui n&rsquo;aiment pas rouler de nuit p. ex.)<\/li>\n<\/ul>\n<\/li>\n<\/ul>\n<h3>Avantages pour les chauffeurs :<\/h3>\n<ul>\n<li style=\"list-style-type: none;\">\n<ul>\n<li>R\u00e9duction des frais de carburant<\/li>\n<li>Convivialit\u00e9<\/li>\n<li>Etablir du lien social avec des personnes qui partagent les m\u00eames int\u00e9r\u00eats que soi-m\u00eames<\/li>\n<li>Rendre service \u00e0 des personnes qui n&rsquo;ont pas de moyen de mobilit\u00e9 ou qui n&rsquo;aiment pas rouler le soir<\/li>\n<li>Participer \u00e0 la r\u00e9duction d&rsquo;\u00e9mission de CO2<\/li>\n<\/ul>\n<\/li>\n<\/ul>\n<h3>Avantages pour les passagers :<\/h3>\n<ul>\n<li>Acceder \u00e0 des \u00e9v\u00e9nements m\u00eame si on n&rsquo;a pas de voiture ou de permis de conduire<\/li>\n<li>Faire des \u00e9conomies en ne prenant pas sa propre voiture<\/li>\n<li>Pas de stress de devoir rouler<\/li>\n<li>Convivialit\u00e9<\/li>\n<li>Etablir du lien social avec des personnes qui partagent les m\u00eames int\u00e9r\u00eats que soi-m\u00eames<\/li>\n<li>Permission de boire un verre.<\/li>\n<\/ul>\n<p><!--more-->[\/vc_column_text][vc_row_inner][vc_column_inner][vc_empty_space height=\u00a0\u00bb50px\u00a0\u00bb][vc_single_image image=\u00a0\u00bb7564&Prime; img_size=\u00a0\u00bbfull\u00a0\u00bb onclick=\u00a0\u00bbcustom_link\u00a0\u00bb img_link_target=\u00a0\u00bb_blank\u00a0\u00bb link=\u00a0\u00bbhttps:\/\/my-ostbelgien-fahrmit.be\u00a0\u00bb][\/vc_column_inner][\/vc_row_inner][\/vc_column][\/vc_row][vc_row css=\u00a0\u00bb.vc_custom_1538381296199{padding-top: 40px !important;}\u00a0\u00bb][vc_column][vc_separator][\/vc_column][\/vc_row][vc_section][vc_row full_width=\u00a0\u00bbstretch_row\u00a0\u00bb css=\u00a0\u00bb.vc_custom_1533106395501{margin-top: 50px !important;}\u00a0\u00bb][vc_column width=\u00a0\u00bb1\/5&Prime; css=\u00a0\u00bb.vc_custom_1537790135452{padding-top: 50px !important;}\u00a0\u00bb][\/vc_column][vc_column width=\u00a0\u00bb3\/5&Prime;]<div class=\"dt-fancy-separator h3-size accent-title-color accent-border-color\" style=\"width: 100%;\"><div class=\"dt-fancy-title\"><span class=\"separator-holder separator-left\"><\/span>Avec le soutien de<span class=\"separator-holder separator-right\"><\/span><\/div><\/div>[\/vc_column][vc_column width=\u00a0\u00bb1\/5&Prime;][\/vc_column][\/vc_row][vc_row css=\u00a0\u00bb.vc_custom_1532951531627{margin-top: 50px !important;}\u00a0\u00bb][vc_column][vc_row_inner css=\u00a0\u00bb.vc_custom_1739263838297{margin-bottom: 30px !important;}\u00a0\u00bb][vc_column_inner width=\u00a0\u00bb1\/5&Prime;][vc_single_image image=\u00a0\u00bb7266&Prime; img_size=\u00a0\u00bbfull\u00a0\u00bb onclick=\u00a0\u00bbcustom_link\u00a0\u00bb img_link_target=\u00a0\u00bb_blank\u00a0\u00bb css=\u00a0\u00bb\u00a0\u00bb link=\u00a0\u00bbhttps:\/\/leader-ostbelgien.be\/lag-100-doerfer-1-zukunft\/\u00a0\u00bb][\/vc_column_inner][vc_column_inner width=\u00a0\u00bb1\/5&Prime;][vc_single_image image=\u00a0\u00bb7267&Prime; img_size=\u00a0\u00bbfull\u00a0\u00bb onclick=\u00a0\u00bbcustom_link\u00a0\u00bb img_link_target=\u00a0\u00bb_blank\u00a0\u00bb css=\u00a0\u00bb\u00a0\u00bb link=\u00a0\u00bbhttps:\/\/leader-ostbelgien.be\/lag-zwischen-weser-und-goehl\/\u00a0\u00bb][\/vc_column_inner][vc_column_inner width=\u00a0\u00bb1\/5&Prime;][vc_single_image image=\u00a0\u00bb7268&Prime; img_size=\u00a0\u00bbfull\u00a0\u00bb onclick=\u00a0\u00bbcustom_link\u00a0\u00bb img_link_target=\u00a0\u00bb_blank\u00a0\u00bb css=\u00a0\u00bb\u00a0\u00bb link=\u00a0\u00bbhttps:\/\/www.gal-fagnes-hauteambleve.be\/\u00a0\u00bb][\/vc_column_inner][vc_column_inner width=\u00a0\u00bb1\/5&Prime;][vc_single_image image=\u00a0\u00bb7269&Prime; img_size=\u00a0\u00bbfull\u00a0\u00bb css=\u00a0\u00bb\u00a0\u00bb][\/vc_column_inner][vc_column_inner width=\u00a0\u00bb1\/5&Prime;][vc_single_image image=\u00a0\u00bb7270&Prime; img_size=\u00a0\u00bbfull\u00a0\u00bb onclick=\u00a0\u00bbcustom_link\u00a0\u00bb img_link_target=\u00a0\u00bb_blank\u00a0\u00bb css=\u00a0\u00bb\u00a0\u00bb link=\u00a0\u00bbhttps:\/\/www.wallonie.be\/fr\u00a0\u00bb][\/vc_column_inner][\/vc_row_inner][vc_row_inner content_placement=\u00a0\u00bbmiddle\u00a0\u00bb css=\u00a0\u00bb.vc_custom_1739439137431{margin-bottom: 30px !important;}\u00a0\u00bb][vc_column_inner width=\u00a0\u00bb1\/5&Prime;][vc_single_image image=\u00a0\u00bb7271&Prime; img_size=\u00a0\u00bbfull\u00a0\u00bb onclick=\u00a0\u00bbcustom_link\u00a0\u00bb img_link_target=\u00a0\u00bb_blank\u00a0\u00bb css=\u00a0\u00bb\u00a0\u00bb link=\u00a0\u00bbhttps:\/\/miteinander.be\/\u00a0\u00bb][\/vc_column_inner][vc_column_inner width=\u00a0\u00bb1\/5&Prime;][vc_single_image image=\u00a0\u00bb7272&Prime; img_size=\u00a0\u00bbfull\u00a0\u00bb onclick=\u00a0\u00bbcustom_link\u00a0\u00bb img_link_target=\u00a0\u00bb_blank\u00a0\u00bb css=\u00a0\u00bb\u00a0\u00bb link=\u00a0\u00bbhttps:\/\/buergerfonds.be\/\u00a0\u00bb][\/vc_column_inner][vc_column_inner width=\u00a0\u00bb1\/5&Prime;][vc_single_image image=\u00a0\u00bb7273&Prime; img_size=\u00a0\u00bbfull\u00a0\u00bb onclick=\u00a0\u00bbcustom_link\u00a0\u00bb img_link_target=\u00a0\u00bb_blank\u00a0\u00bb css=\u00a0\u00bb\u00a0\u00bb link=\u00a0\u00bbhttps:\/\/clm-ostbelgien.be\/de\/\u00a0\u00bb][\/vc_column_inner][vc_column_inner width=\u00a0\u00bb1\/5&Prime;][vc_single_image image=\u00a0\u00bb7274&Prime; img_size=\u00a0\u00bbfull\u00a0\u00bb onclick=\u00a0\u00bbcustom_link\u00a0\u00bb img_link_target=\u00a0\u00bb_blank\u00a0\u00bb css=\u00a0\u00bb\u00a0\u00bb link=\u00a0\u00bbhttps:\/\/ostbelgienlive.be\/\u00a0\u00bb][\/vc_column_inner][vc_column_inner width=\u00a0\u00bb1\/5&Prime;][vc_column_text css=\u00a0\u00bb\u00a0\u00bb]<\/p>\n<p style=\"text-align: center;\"><strong>Avec le soutien des communes<\/strong><\/p>\n<p>[\/vc_column_text][\/vc_column_inner][\/vc_row_inner][\/vc_column][\/vc_row][\/vc_section]<\/p>\n<\/div>","protected":false},"excerpt":{"rendered":"<p>[vc_row][vc_column][vc_column_text css=\u00a0\u00bb\u00a0\u00bb] Covoiturer pour se rendre \u00e0 un \u00e9v\u00e9nement : + convivial, &#8211; cher et + pour l&rsquo;environnement Vous \u00eates organisateur d&rsquo;\u00e9v\u00e9nements ? -&gt; Proposez \u00e0 vos publics de faire du covoiturage pour se rendre \u00e0 vos spectacles. Plateforme de covoiturage COVIEVENT : https:\/\/www.covievent.org\/ Cr\u00e9er un lien sur la plateforme, li\u00e9 \u00e0 chacun de vos&hellip;<\/p>\n","protected":false},"author":3,"featured_media":0,"parent":7492,"menu_order":0,"comment_status":"closed","ping_status":"closed","template":"","meta":{"_monsterinsights_skip_tracking":false,"_monsterinsights_sitenote_active":false,"_monsterinsights_sitenote_note":"","_monsterinsights_sitenote_category":0,"footnotes":""},"class_list":["post-7565","page","type-page","status-publish","hentry","description-off"],"_links":{"self":[{"href":"https:\/\/fahrmit.be\/fr\/wp-json\/wp\/v2\/pages\/7565","targetHints":{"allow":["GET"]}}],"collection":[{"href":"https:\/\/fahrmit.be\/fr\/wp-json\/wp\/v2\/pages"}],"about":[{"href":"https:\/\/fahrmit.be\/fr\/wp-json\/wp\/v2\/types\/page"}],"author":[{"embeddable":true,"href":"https:\/\/fahrmit.be\/fr\/wp-json\/wp\/v2\/users\/3"}],"replies":[{"embeddable":true,"href":"https:\/\/fahrmit.be\/fr\/wp-json\/wp\/v2\/comments?post=7565"}],"version-history":[{"count":8,"href":"https:\/\/fahrmit.be\/fr\/wp-json\/wp\/v2\/pages\/7565\/revisions"}],"predecessor-version":[{"id":10873,"href":"https:\/\/fahrmit.be\/fr\/wp-json\/wp\/v2\/pages\/7565\/revisions\/10873"}],"up":[{"embeddable":true,"href":"https:\/\/fahrmit.be\/fr\/wp-json\/wp\/v2\/pages\/7492"}],"wp:attachment":[{"href":"https:\/\/fahrmit.be\/fr\/wp-json\/wp\/v2\/media?parent=7565"}],"curies":[{"name":"wp","href":"https:\/\/api.w.org\/{rel}","templated":true}]}}