{"id":7470,"date":"2018-07-30T12:26:06","date_gmt":"2018-07-30T12:26:06","guid":{"rendered":"https:\/\/fahrmit.be\/?page_id=7470"},"modified":"2025-10-08T11:59:29","modified_gmt":"2025-10-08T11:59:29","slug":"voiture-de-ville-saint-vith","status":"publish","type":"page","link":"https:\/\/fahrmit.be\/fr\/solutions-de-mobilite\/voiture\/voiture-de-ville-saint-vith\/","title":{"rendered":"Voiture de ville Saint-Vith"},"content":{"rendered":"<div class=\"wpb-content-wrapper\"><p>[vc_row][vc_column][vc_column_text css=\u00a0\u00bb\u00a0\u00bb]<\/p>\n<h4><img loading=\"lazy\" decoding=\"async\" class=\"wp-image-1775 size-medium alignleft\" src=\"https:\/\/fahrmit.be\/wp-content\/uploads\/2019\/08\/Movith-Logo-Fahrmit-300x225.jpg\" alt=\"\" width=\"300\" height=\"225\" srcset=\"https:\/\/fahrmit.be\/wp-content\/uploads\/2019\/08\/Movith-Logo-Fahrmit-300x225.jpg 300w, https:\/\/fahrmit.be\/wp-content\/uploads\/2019\/08\/Movith-Logo-Fahrmit-768x576.jpg 768w, https:\/\/fahrmit.be\/wp-content\/uploads\/2019\/08\/Movith-Logo-Fahrmit-1024x768.jpg 1024w\" sizes=\"auto, (max-width: 300px) 100vw, 300px\" \/>Une voiture urbaine pour Saint-Vith<\/h4>\n<p>La coop\u00e9rative citoyenne pour les \u00e9nergies renouvelables <strong>Courant d&rsquo;Air<\/strong> et la centrale de mobilit\u00e9 <strong>Fahr mit VoG<\/strong> \u00e0 Saint-Vith ont lanc\u00e9 conjointement une voiture urbaine \u00e0 Saint-Vith, la <strong>MOVITH<\/strong>.<\/p>\n<p>&nbsp;<\/p>\n<h4>Comment \u00e7a marche ?<\/h4>\n<p>Pour pouvoir utiliser la voiture urbaine de Saint-Vith, la MOVITH, vous devez \u00eatre un utilisateur enregistr\u00e9. Prenez rendez-vous avec Fahr mit \u00e0 Saint-Vith pour vous inscrire \u00e0 l&rsquo;utilisation de la voiture \u00e9lectrique.<\/p>\n<p>Chaque nouvel utilisateur effectuera un essai routier au cours duquel l&rsquo;utilisation de la voiture et de l&rsquo;application de r\u00e9servation et d&rsquo;utilisation lui sera expliqu\u00e9e. L&rsquo;utilisation de la voiture peut \u00eatre lanc\u00e9e \u00e0 l&rsquo;aide de l&rsquo;application de r\u00e9servation et d&rsquo;utilisation via un smartphone ou, \u00e0 d\u00e9faut, \u00e0 l&rsquo;aide d&rsquo;une cl\u00e9 magn\u00e9tique (porte-cl\u00e9s avec identification RFID). L&rsquo;ouverture et la fermeture de la voiture s&rsquo;effectuent \u00e9galement \u00e0 l&rsquo;aide de ces deux options.<\/p>\n<p>&nbsp;<\/p>\n<h4>La voiture qui a \u00e9t\u00e9 utilis\u00e9e \u00e0 Saint-Vith&#8230;<\/h4>\n<p>Il s&rsquo;agit d&rsquo;une Renault Zoe, une petite voiture \u00e0 5 portes. L&rsquo;autonomie de la derni\u00e8re g\u00e9n\u00e9ration de ce v\u00e9hicule \u00e9lectrique varie entre 200 et 280 km (le double du mod\u00e8le pr\u00e9c\u00e9dent) en fonction du style de conduite et de la temp\u00e9rature ext\u00e9rieure. Une recharge compl\u00e8te prend entre 2 et 15 heures, en fonction de la puissance de charge (3,7 \u00e0 43 kW). Gr\u00e2ce \u00e0 la borne de recharge situ\u00e9e \u00e0 la B\u00fcschelturm, la batterie du v\u00e9hicule peut \u00eatre recharg\u00e9e compl\u00e8tement en 2 heures et 40 minutes.<\/p>\n<p>&nbsp;<\/p>\n<h4>Le covoiturage \u2013 une solution \u00e9conomique<\/h4>\n<p>Une famille moyenne d\u00e9pense environ 4 000 \u20ac par an pour sa propre voiture. Cela montre qu&rsquo;avoir sa propre voiture n&rsquo;est pas vraiment bon march\u00e9. Partager une voiture avec plusieurs personnes est une solution durable, mais aussi rentable. Vous partagez non seulement l&rsquo;utilisation du v\u00e9hicule, mais aussi les co\u00fbts associ\u00e9s.<\/p>\n<p><strong>Courant d\u2019Air et Fahr mit poursuivent les objectifs suivants avec ce projet :<\/strong><\/p>\n<ul>\n<li>Offrir aux personnes, aux organisations et aux administrations une nouvelle possibilit\u00e9 de mobilit\u00e9 flexible, principalement pour les trajets courts et limit\u00e9s dans le temps.<\/li>\n<li>L&rsquo;objectif est que la voiture puisse \u00eatre utilis\u00e9e par plusieurs utilisateurs au cours d&rsquo;une m\u00eame journ\u00e9e. Il existe d\u00e9j\u00e0 des offres pour les trajets d&rsquo;une journ\u00e9e ou de plusieurs jours.<\/li>\n<li>Rendre plus mobiles les personnes qui ne poss\u00e8dent pas de voiture. Les possibilit\u00e9s de se d\u00e9placer entre les villages dans notre r\u00e9gion sont limit\u00e9es.<\/li>\n<li>Offrir une alternative aux m\u00e9nages qui poss\u00e8dent une deuxi\u00e8me voiture, mais qui ne l&rsquo;utilisent que rarement, afin qu&rsquo;ils puissent s&rsquo;en s\u00e9parer.<\/li>\n<li>Donner plus de visibilit\u00e9 \u00e0 la mobilit\u00e9 \u00e9lectrique.<\/li>\n<\/ul>\n<p>[\/vc_column_text][\/vc_column][\/vc_row][vc_row][vc_column][vc_single_image image=\u00a0\u00bb7469&Prime; img_size=\u00a0\u00bbfull\u00a0\u00bb alignment=\u00a0\u00bbcenter\u00a0\u00bb onclick=\u00a0\u00bbcustom_link\u00a0\u00bb link=\u00a0\u00bbhttps:\/\/fahrmit.be\/wp-content\/uploads\/2021\/01\/fv2_lag_leader_fahrmit_interview.mp4&Prime;][\/vc_column][\/vc_row][vc_row css=\u00a0\u00bb.vc_custom_1538381296199{padding-top: 40px !important;}\u00a0\u00bb][vc_column][vc_separator][\/vc_column][\/vc_row][vc_section][vc_row full_width=\u00a0\u00bbstretch_row\u00a0\u00bb css=\u00a0\u00bb.vc_custom_1533106395501{margin-top: 50px !important;}\u00a0\u00bb][vc_column width=\u00a0\u00bb1\/5&Prime; css=\u00a0\u00bb.vc_custom_1537790135452{padding-top: 50px !important;}\u00a0\u00bb][\/vc_column][vc_column width=\u00a0\u00bb3\/5&Prime;]<div class=\"dt-fancy-separator h3-size accent-title-color accent-border-color\" style=\"width: 100%;\"><div class=\"dt-fancy-title\"><span class=\"separator-holder separator-left\"><\/span>Avec l&#039;aimable soutien de<span class=\"separator-holder separator-right\"><\/span><\/div><\/div>[\/vc_column][vc_column width=\u00a0\u00bb1\/5&Prime;][\/vc_column][\/vc_row][vc_row css=\u00a0\u00bb.vc_custom_1532951531627{margin-top: 50px !important;}\u00a0\u00bb][vc_column][vc_row_inner css=\u00a0\u00bb.vc_custom_1739263838297{margin-bottom: 30px !important;}\u00a0\u00bb][vc_column_inner width=\u00a0\u00bb1\/5&Prime;][vc_single_image image=\u00a0\u00bb7266&Prime; img_size=\u00a0\u00bbfull\u00a0\u00bb onclick=\u00a0\u00bbcustom_link\u00a0\u00bb img_link_target=\u00a0\u00bb_blank\u00a0\u00bb css=\u00a0\u00bb\u00a0\u00bb link=\u00a0\u00bbhttps:\/\/leader-ostbelgien.be\/lag-100-doerfer-1-zukunft\/\u00a0\u00bb][\/vc_column_inner][vc_column_inner width=\u00a0\u00bb1\/5&Prime;][vc_single_image image=\u00a0\u00bb7267&Prime; img_size=\u00a0\u00bbfull\u00a0\u00bb onclick=\u00a0\u00bbcustom_link\u00a0\u00bb img_link_target=\u00a0\u00bb_blank\u00a0\u00bb css=\u00a0\u00bb\u00a0\u00bb link=\u00a0\u00bbhttps:\/\/leader-ostbelgien.be\/lag-zwischen-weser-und-goehl\/\u00a0\u00bb][\/vc_column_inner][vc_column_inner width=\u00a0\u00bb1\/5&Prime;][vc_single_image image=\u00a0\u00bb7268&Prime; img_size=\u00a0\u00bbfull\u00a0\u00bb onclick=\u00a0\u00bbcustom_link\u00a0\u00bb img_link_target=\u00a0\u00bb_blank\u00a0\u00bb css=\u00a0\u00bb\u00a0\u00bb link=\u00a0\u00bbhttps:\/\/www.gal-fagnes-hauteambleve.be\/\u00a0\u00bb][\/vc_column_inner][vc_column_inner width=\u00a0\u00bb1\/5&Prime;][vc_single_image image=\u00a0\u00bb7269&Prime; img_size=\u00a0\u00bbfull\u00a0\u00bb css=\u00a0\u00bb\u00a0\u00bb][\/vc_column_inner][vc_column_inner width=\u00a0\u00bb1\/5&Prime;][vc_single_image image=\u00a0\u00bb7270&Prime; img_size=\u00a0\u00bbfull\u00a0\u00bb onclick=\u00a0\u00bbcustom_link\u00a0\u00bb img_link_target=\u00a0\u00bb_blank\u00a0\u00bb css=\u00a0\u00bb\u00a0\u00bb link=\u00a0\u00bbhttps:\/\/www.wallonie.be\/fr\u00a0\u00bb][\/vc_column_inner][\/vc_row_inner][vc_row_inner content_placement=\u00a0\u00bbmiddle\u00a0\u00bb css=\u00a0\u00bb.vc_custom_1739439137431{margin-bottom: 30px !important;}\u00a0\u00bb][vc_column_inner width=\u00a0\u00bb1\/5&Prime;][vc_single_image image=\u00a0\u00bb7271&Prime; img_size=\u00a0\u00bbfull\u00a0\u00bb onclick=\u00a0\u00bbcustom_link\u00a0\u00bb img_link_target=\u00a0\u00bb_blank\u00a0\u00bb css=\u00a0\u00bb\u00a0\u00bb link=\u00a0\u00bbhttps:\/\/miteinander.be\/\u00a0\u00bb][\/vc_column_inner][vc_column_inner width=\u00a0\u00bb1\/5&Prime;][vc_single_image image=\u00a0\u00bb7272&Prime; img_size=\u00a0\u00bbfull\u00a0\u00bb onclick=\u00a0\u00bbcustom_link\u00a0\u00bb img_link_target=\u00a0\u00bb_blank\u00a0\u00bb css=\u00a0\u00bb\u00a0\u00bb link=\u00a0\u00bbhttps:\/\/buergerfonds.be\/\u00a0\u00bb][\/vc_column_inner][vc_column_inner width=\u00a0\u00bb1\/5&Prime;][vc_single_image image=\u00a0\u00bb7273&Prime; img_size=\u00a0\u00bbfull\u00a0\u00bb onclick=\u00a0\u00bbcustom_link\u00a0\u00bb img_link_target=\u00a0\u00bb_blank\u00a0\u00bb css=\u00a0\u00bb\u00a0\u00bb link=\u00a0\u00bbhttps:\/\/clm-ostbelgien.be\/de\/\u00a0\u00bb][\/vc_column_inner][vc_column_inner width=\u00a0\u00bb1\/5&Prime;][vc_single_image image=\u00a0\u00bb7274&Prime; img_size=\u00a0\u00bbfull\u00a0\u00bb onclick=\u00a0\u00bbcustom_link\u00a0\u00bb img_link_target=\u00a0\u00bb_blank\u00a0\u00bb css=\u00a0\u00bb\u00a0\u00bb link=\u00a0\u00bbhttps:\/\/ostbelgienlive.be\/\u00a0\u00bb][\/vc_column_inner][vc_column_inner width=\u00a0\u00bb1\/5&Prime;][vc_column_text css=\u00a0\u00bb\u00a0\u00bb]<\/p>\n<p style=\"text-align: center;\"><strong>Avec le soutien des communes<\/strong><\/p>\n<p>\u00a0[\/vc_column_text][\/vc_column_inner][\/vc_row_inner][\/vc_column][\/vc_row][\/vc_section]<\/p>\n<\/div>","protected":false},"excerpt":{"rendered":"<p>[vc_row][vc_column][vc_column_text css=\u00a0\u00bb\u00a0\u00bb] Une voiture urbaine pour Saint-Vith La coop\u00e9rative citoyenne pour les \u00e9nergies renouvelables Courant d&rsquo;Air et la centrale de mobilit\u00e9 Fahr mit VoG \u00e0 Saint-Vith ont lanc\u00e9 conjointement une voiture urbaine \u00e0 Saint-Vith, la MOVITH. &nbsp; Comment \u00e7a marche ? Pour pouvoir utiliser la voiture urbaine de Saint-Vith, la MOVITH, vous devez \u00eatre un&hellip;<\/p>\n","protected":false},"author":1,"featured_media":0,"parent":7443,"menu_order":0,"comment_status":"closed","ping_status":"closed","template":"","meta":{"_monsterinsights_skip_tracking":false,"_monsterinsights_sitenote_active":false,"_monsterinsights_sitenote_note":"","_monsterinsights_sitenote_category":0,"footnotes":""},"class_list":["post-7470","page","type-page","status-publish","hentry","description-off"],"_links":{"self":[{"href":"https:\/\/fahrmit.be\/fr\/wp-json\/wp\/v2\/pages\/7470","targetHints":{"allow":["GET"]}}],"collection":[{"href":"https:\/\/fahrmit.be\/fr\/wp-json\/wp\/v2\/pages"}],"about":[{"href":"https:\/\/fahrmit.be\/fr\/wp-json\/wp\/v2\/types\/page"}],"author":[{"embeddable":true,"href":"https:\/\/fahrmit.be\/fr\/wp-json\/wp\/v2\/users\/1"}],"replies":[{"embeddable":true,"href":"https:\/\/fahrmit.be\/fr\/wp-json\/wp\/v2\/comments?post=7470"}],"version-history":[{"count":4,"href":"https:\/\/fahrmit.be\/fr\/wp-json\/wp\/v2\/pages\/7470\/revisions"}],"predecessor-version":[{"id":7474,"href":"https:\/\/fahrmit.be\/fr\/wp-json\/wp\/v2\/pages\/7470\/revisions\/7474"}],"up":[{"embeddable":true,"href":"https:\/\/fahrmit.be\/fr\/wp-json\/wp\/v2\/pages\/7443"}],"wp:attachment":[{"href":"https:\/\/fahrmit.be\/fr\/wp-json\/wp\/v2\/media?parent=7470"}],"curies":[{"name":"wp","href":"https:\/\/api.w.org\/{rel}","templated":true}]}}