{"id":7461,"date":"2025-08-28T08:45:54","date_gmt":"2025-08-28T08:45:54","guid":{"rendered":"https:\/\/fahrmit.be\/?page_id=7461"},"modified":"2025-10-08T11:54:31","modified_gmt":"2025-10-08T11:54:31","slug":"carsharing-maison-de-village-eynatten","status":"publish","type":"page","link":"https:\/\/fahrmit.be\/fr\/solutions-de-mobilite\/voiture\/carsharing-maison-de-village-eynatten\/","title":{"rendered":"Carsharing Maison de village Eynatten"},"content":{"rendered":"<div class=\"wpb-content-wrapper\"><p>[vc_row][vc_column][vc_column_text css=\u00a0\u00bb\u00a0\u00bb]<\/p>\n<h2>Carsharing \u00e0 la maison communale d&rsquo;Eynatten<\/h2>\n<p>\u00c0 partir d&rsquo;ao\u00fbt 2025, les personnes int\u00e9ress\u00e9es pourront facilement louer une voiture \u00e9lectrique \u00e0 la maison communale d&rsquo;Eynatten \u2013 id\u00e9ale pour les trajets courts, les courses ou les excursions !<\/p>\n<h4><\/h4>\n<h4>Voici comment cela fonctionne :<\/h4>\n<ul>\n<li><strong>Emplacement<\/strong> : Maison communale d&rsquo;Eynatten \u2013 Hoevelergasse<\/li>\n<li><strong>Prix<\/strong> : seulement 4,99 \u20ac \/ heure + 0,32 \u20ac \/ km (pas de frais suppl\u00e9mentaires, tels que l&rsquo;inscription initiale ou la caution)<\/li>\n<li><strong>R\u00e9servation<\/strong> : simplement via l&rsquo;application \u2013 vous pouvez y acc\u00e9der via le code QR sur place \/ t\u00e9l\u00e9chargez l&rsquo;application et inscrivez-vous<\/li>\n<li><strong>Assurance<\/strong> : le v\u00e9hicule est assur\u00e9 tous risques\u2028 \u27a4 <strong>Franchise<\/strong> : 750 \u20ac (pour les conducteurs \u00e2g\u00e9s de 23 ans et plus)<\/li>\n<\/ul>\n<p>&nbsp;<\/p>\n<h4>Initiation pour les nouveaux utilisateurs<\/h4>\n<p>Avant la premi\u00e8re utilisation, vous recevrez une br\u00e8ve introduction directement dans la maison du village.<\/p>\n<p>&nbsp;<\/p>\n<h4>Int\u00e9ress\u00e9 ? Inscrivez-vous d\u00e8s maintenant !<\/h4>\n<p>T\u00e9l: 0494\/10 56 03<br \/>\nE-Mail : <a href=\"mailto:michelle@dorfhaus-eynatten.eu\">michelle@dorfhaus-eynatten.eu<\/a><br \/>\nVoir aussi : <a href=\"https:\/\/dorfhaus-eynatten.eu\/new-carsharing\/\" target=\"_blank\" rel=\"noopener\">https:\/\/dorfhaus-eynatten.eu\/new-carsharing\/<\/a>[\/vc_column_text][\/vc_column][\/vc_row][vc_row css=\u00a0\u00bb.vc_custom_1756713602619{margin-top: 50px !important;}\u00a0\u00bb][vc_column width=\u00a0\u00bb1\/2&Prime;][vc_single_image image=\u00a0\u00bb7458&Prime; img_size=\u00a0\u00bbfull\u00a0\u00bb alignment=\u00a0\u00bbcenter\u00a0\u00bb css=\u00a0\u00bb\u00a0\u00bb][\/vc_column][vc_column width=\u00a0\u00bb1\/2&Prime;][vc_single_image image=\u00a0\u00bb7459&Prime; img_size=\u00a0\u00bbfull\u00a0\u00bb alignment=\u00a0\u00bbcenter\u00a0\u00bb css=\u00a0\u00bb\u00a0\u00bb][\/vc_column][\/vc_row][vc_row css=\u00a0\u00bb.vc_custom_1538381296199{padding-top: 40px !important;}\u00a0\u00bb][vc_column][vc_separator][\/vc_column][\/vc_row][vc_section][vc_row full_width=\u00a0\u00bbstretch_row\u00a0\u00bb css=\u00a0\u00bb.vc_custom_1533106395501{margin-top: 50px !important;}\u00a0\u00bb][vc_column width=\u00a0\u00bb1\/5&Prime; css=\u00a0\u00bb.vc_custom_1537790135452{padding-top: 50px !important;}\u00a0\u00bb][\/vc_column][vc_column width=\u00a0\u00bb3\/5&Prime;]<div class=\"dt-fancy-separator h3-size accent-title-color accent-border-color\" style=\"width: 100%;\"><div class=\"dt-fancy-title\"><span class=\"separator-holder separator-left\"><\/span>Avec l&#039;aimable soutien de<span class=\"separator-holder separator-right\"><\/span><\/div><\/div>[\/vc_column][vc_column width=\u00a0\u00bb1\/5&Prime;][\/vc_column][\/vc_row][vc_row css=\u00a0\u00bb.vc_custom_1532951531627{margin-top: 50px !important;}\u00a0\u00bb][vc_column][vc_row_inner css=\u00a0\u00bb.vc_custom_1739263838297{margin-bottom: 30px !important;}\u00a0\u00bb][vc_column_inner width=\u00a0\u00bb1\/5&Prime;][vc_single_image image=\u00a0\u00bb7266&Prime; img_size=\u00a0\u00bbfull\u00a0\u00bb onclick=\u00a0\u00bbcustom_link\u00a0\u00bb img_link_target=\u00a0\u00bb_blank\u00a0\u00bb css=\u00a0\u00bb\u00a0\u00bb link=\u00a0\u00bbhttps:\/\/leader-ostbelgien.be\/lag-100-doerfer-1-zukunft\/\u00a0\u00bb][\/vc_column_inner][vc_column_inner width=\u00a0\u00bb1\/5&Prime;][vc_single_image image=\u00a0\u00bb7267&Prime; img_size=\u00a0\u00bbfull\u00a0\u00bb onclick=\u00a0\u00bbcustom_link\u00a0\u00bb img_link_target=\u00a0\u00bb_blank\u00a0\u00bb css=\u00a0\u00bb\u00a0\u00bb link=\u00a0\u00bbhttps:\/\/leader-ostbelgien.be\/lag-zwischen-weser-und-goehl\/\u00a0\u00bb][\/vc_column_inner][vc_column_inner width=\u00a0\u00bb1\/5&Prime;][vc_single_image image=\u00a0\u00bb7268&Prime; img_size=\u00a0\u00bbfull\u00a0\u00bb onclick=\u00a0\u00bbcustom_link\u00a0\u00bb img_link_target=\u00a0\u00bb_blank\u00a0\u00bb css=\u00a0\u00bb\u00a0\u00bb link=\u00a0\u00bbhttps:\/\/www.gal-fagnes-hauteambleve.be\/\u00a0\u00bb][\/vc_column_inner][vc_column_inner width=\u00a0\u00bb1\/5&Prime;][vc_single_image image=\u00a0\u00bb7269&Prime; img_size=\u00a0\u00bbfull\u00a0\u00bb css=\u00a0\u00bb\u00a0\u00bb][\/vc_column_inner][vc_column_inner width=\u00a0\u00bb1\/5&Prime;][vc_single_image image=\u00a0\u00bb7270&Prime; img_size=\u00a0\u00bbfull\u00a0\u00bb onclick=\u00a0\u00bbcustom_link\u00a0\u00bb img_link_target=\u00a0\u00bb_blank\u00a0\u00bb css=\u00a0\u00bb\u00a0\u00bb link=\u00a0\u00bbhttps:\/\/www.wallonie.be\/fr\u00a0\u00bb][\/vc_column_inner][\/vc_row_inner][vc_row_inner content_placement=\u00a0\u00bbmiddle\u00a0\u00bb css=\u00a0\u00bb.vc_custom_1739439137431{margin-bottom: 30px !important;}\u00a0\u00bb][vc_column_inner width=\u00a0\u00bb1\/5&Prime;][vc_single_image image=\u00a0\u00bb7271&Prime; img_size=\u00a0\u00bbfull\u00a0\u00bb onclick=\u00a0\u00bbcustom_link\u00a0\u00bb img_link_target=\u00a0\u00bb_blank\u00a0\u00bb css=\u00a0\u00bb\u00a0\u00bb link=\u00a0\u00bbhttps:\/\/miteinander.be\/\u00a0\u00bb][\/vc_column_inner][vc_column_inner width=\u00a0\u00bb1\/5&Prime;][vc_single_image image=\u00a0\u00bb7272&Prime; img_size=\u00a0\u00bbfull\u00a0\u00bb onclick=\u00a0\u00bbcustom_link\u00a0\u00bb img_link_target=\u00a0\u00bb_blank\u00a0\u00bb css=\u00a0\u00bb\u00a0\u00bb link=\u00a0\u00bbhttps:\/\/buergerfonds.be\/\u00a0\u00bb][\/vc_column_inner][vc_column_inner width=\u00a0\u00bb1\/5&Prime;][vc_single_image image=\u00a0\u00bb7273&Prime; img_size=\u00a0\u00bbfull\u00a0\u00bb onclick=\u00a0\u00bbcustom_link\u00a0\u00bb img_link_target=\u00a0\u00bb_blank\u00a0\u00bb css=\u00a0\u00bb\u00a0\u00bb link=\u00a0\u00bbhttps:\/\/clm-ostbelgien.be\/de\/\u00a0\u00bb][\/vc_column_inner][vc_column_inner width=\u00a0\u00bb1\/5&Prime;][vc_single_image image=\u00a0\u00bb7274&Prime; img_size=\u00a0\u00bbfull\u00a0\u00bb onclick=\u00a0\u00bbcustom_link\u00a0\u00bb img_link_target=\u00a0\u00bb_blank\u00a0\u00bb css=\u00a0\u00bb\u00a0\u00bb link=\u00a0\u00bbhttps:\/\/ostbelgienlive.be\/\u00a0\u00bb][\/vc_column_inner][vc_column_inner width=\u00a0\u00bb1\/5&Prime;][vc_column_text css=\u00a0\u00bb\u00a0\u00bb]<\/p>\n<p style=\"text-align: center;\"><strong>Avec le soutien des communes<\/strong><\/p>\n<p>\u00a0[\/vc_column_text][\/vc_column_inner][\/vc_row_inner][\/vc_column][\/vc_row][\/vc_section]<\/p>\n<\/div>","protected":false},"excerpt":{"rendered":"<p>[vc_row][vc_column][vc_column_text css=\u00a0\u00bb\u00a0\u00bb] Carsharing \u00e0 la maison communale d&rsquo;Eynatten \u00c0 partir d&rsquo;ao\u00fbt 2025, les personnes int\u00e9ress\u00e9es pourront facilement louer une voiture \u00e9lectrique \u00e0 la maison communale d&rsquo;Eynatten \u2013 id\u00e9ale pour les trajets courts, les courses ou les excursions ! Voici comment cela fonctionne : Emplacement : Maison communale d&rsquo;Eynatten \u2013 Hoevelergasse Prix : seulement 4,99 \u20ac&hellip;<\/p>\n","protected":false},"author":1,"featured_media":7460,"parent":7443,"menu_order":0,"comment_status":"closed","ping_status":"closed","template":"","meta":{"_monsterinsights_skip_tracking":false,"_monsterinsights_sitenote_active":false,"_monsterinsights_sitenote_note":"","_monsterinsights_sitenote_category":0,"footnotes":""},"class_list":["post-7461","page","type-page","status-publish","has-post-thumbnail","hentry","description-off"],"_links":{"self":[{"href":"https:\/\/fahrmit.be\/fr\/wp-json\/wp\/v2\/pages\/7461","targetHints":{"allow":["GET"]}}],"collection":[{"href":"https:\/\/fahrmit.be\/fr\/wp-json\/wp\/v2\/pages"}],"about":[{"href":"https:\/\/fahrmit.be\/fr\/wp-json\/wp\/v2\/types\/page"}],"author":[{"embeddable":true,"href":"https:\/\/fahrmit.be\/fr\/wp-json\/wp\/v2\/users\/1"}],"replies":[{"embeddable":true,"href":"https:\/\/fahrmit.be\/fr\/wp-json\/wp\/v2\/comments?post=7461"}],"version-history":[{"count":4,"href":"https:\/\/fahrmit.be\/fr\/wp-json\/wp\/v2\/pages\/7461\/revisions"}],"predecessor-version":[{"id":7467,"href":"https:\/\/fahrmit.be\/fr\/wp-json\/wp\/v2\/pages\/7461\/revisions\/7467"}],"up":[{"embeddable":true,"href":"https:\/\/fahrmit.be\/fr\/wp-json\/wp\/v2\/pages\/7443"}],"wp:featuredmedia":[{"embeddable":true,"href":"https:\/\/fahrmit.be\/fr\/wp-json\/wp\/v2\/media\/7460"}],"wp:attachment":[{"href":"https:\/\/fahrmit.be\/fr\/wp-json\/wp\/v2\/media?parent=7461"}],"curies":[{"name":"wp","href":"https:\/\/api.w.org\/{rel}","templated":true}]}}