{"id":7453,"date":"2022-01-17T10:46:44","date_gmt":"2022-01-17T10:46:44","guid":{"rendered":"https:\/\/fahrmit.be\/?page_id=7453"},"modified":"2025-10-08T11:51:26","modified_gmt":"2025-10-08T11:51:26","slug":"carsharing-eupen","status":"publish","type":"page","link":"https:\/\/fahrmit.be\/fr\/solutions-de-mobilite\/voiture\/carsharing-eupen\/","title":{"rendered":"Carsharing Eupen"},"content":{"rendered":"<div class=\"wpb-content-wrapper\"><p>[vc_row][vc_column][vc_column_text css=\u00a0\u00bb\u00a0\u00bb]<\/p>\n<h2>Carsharing Eupen &#8211; Partager plut\u00f4t que poss\u00e9der<\/h2>\n<p><em>Depuis la mi-janvier 2022, deux v\u00e9hicules \u2013 une Renault Zoe \u00e9lectrique (autonomie d&rsquo;environ 300 km) et une Renault Clio \u00e0 motorisation hybride \u2013 sont \u00e0 la disposition des habitants d&rsquo;Eupen dans le cadre d&rsquo;un syst\u00e8me d&rsquo;autopartage. \u00c0 moyen terme, cela pourrait rendre superflue la (deuxi\u00e8me) voiture dans certaines familles. Les v\u00e9hicules sont mis \u00e0 disposition par \u00ab Share4Mobility \u00bb, un regroupement de concessionnaires Renault en Belgique.<\/em><\/p>\n<h4><\/h4>\n<p>&nbsp;<\/p>\n<h4>Proc\u00e9dure<\/h4>\n<p>Apr\u00e8s une <strong>inscription gratuite<\/strong> via l&rsquo;application \u00ab Share Mobility \u00bb (disponible sur l&rsquo;AppStore ou Google Play) \u00e0 l&rsquo;aide d&rsquo;une carte d&rsquo;identit\u00e9, d&rsquo;un permis de conduire et d&rsquo;une carte de cr\u00e9dit (pr\u00e9pay\u00e9e), les personnes int\u00e9ress\u00e9es peuvent profiter de cette offre dans toute la Belgique. \u00c0 ce jour, Share4Mobility est pr\u00e9sent dans 60 villes belges avec 120 v\u00e9hicules, dont Li\u00e8ge.<\/p>\n<p>L&rsquo;application indique si l&rsquo;un des v\u00e9hicules est disponible \u00e0 l&rsquo;heure souhait\u00e9e. Un trajet peut \u00eatre r\u00e9serv\u00e9 plusieurs jours \u00e0 l&rsquo;avance ou \u00e0 la derni\u00e8re minute et peut \u00eatre report\u00e9 jusqu&rsquo;\u00e0 une heure avant le d\u00e9part.<\/p>\n<p>&nbsp;<\/p>\n<p>L&rsquo;application explique ensuite les \u00e9tapes \u00e0 suivre dans l&rsquo;ordre :<br \/>\nUne fois le v\u00e9hicule d\u00e9verrouill\u00e9, \u00e9galement via l&rsquo;application, la cl\u00e9 se trouve dans la bo\u00eete \u00e0 gants.<br \/>\nAvant le d\u00e9part et \u00e0 la fin du trajet, le v\u00e9hicule doit \u00eatre photographi\u00e9 sous tous les angles, sa propret\u00e9 doit \u00eatre \u00e9valu\u00e9e (afin que le prestataire sache quand il doit \u00eatre nettoy\u00e9) et les \u00e9ventuels dommages doivent \u00eatre document\u00e9s. Ce n&rsquo;est qu&rsquo;apr\u00e8s cela que le v\u00e9hicule peut \u00eatre d\u00e9tach\u00e9 de la station de recharge et d\u00e9marr\u00e9.<br \/>\nImportant : les v\u00e9hicules doivent (pour l&rsquo;instant) \u00eatre gar\u00e9s apr\u00e8s le trajet sur le parking pr\u00e9vu \u00e0 cet effet pr\u00e8s de la mairie, afin que le v\u00e9hicule \u00e9lectrique puisse \u00eatre recharg\u00e9. Un d\u00e9lai de 15 minutes est pr\u00e9vu entre deux trajets \u00e0 cet effet.<\/p>\n<p>&nbsp;<\/p>\n<h4>Frais<\/h4>\n<p>tarif horaire : 3,95 \u20ac<br \/>\n+ 0,27 \u20ac (voiture \u00e9lectrique) ou 0,30 \u20ac (v\u00e9hicule hybride)\/km \u2013 essence ou recharge et assurance comprises.<\/p>\n<p>&nbsp;<\/p>\n<p>Apr\u00e8s le trajet, le v\u00e9hicule partag\u00e9 doit \u00eatre gar\u00e9 sur le parking pr\u00e9vu \u00e0 cet effet pr\u00e8s de la mairie et le v\u00e9hicule \u00e9lectrique doit \u00eatre reconnect\u00e9 \u00e0 l&rsquo;alimentation \u00e9lectrique afin d&rsquo;\u00eatre \u00e0 nouveau pleinement op\u00e9rationnel pour le prochain trajet. Un d\u00e9lai de 15 minutes est donc pr\u00e9vu entre deux trajets.<\/p>\n<p>Pour le v\u00e9hicule hybride, si le r\u00e9servoir est rempli \u00e0 moins de 75 %, les utilisateurs sont pri\u00e9s de faire le plein avant de le laisser \u00e0 la personne suivante. Les frais sont inclus dans les frais d&rsquo;utilisation, la carte de carburant se trouve \u00e9galement dans la bo\u00eete \u00e0 gants.<\/p>\n<p>&nbsp;<\/p>\n<p>&nbsp;<\/p>\n<p>Plus d&rsquo;informations sur <a href=\"http:\/\/www.eupen.be\/\">www.eupen.be<\/a><\/p>\n<p>Photo : Source : Stadt Eupen[\/vc_column_text][\/vc_column][\/vc_row][vc_row css=\u00a0\u00bb.vc_custom_1538381296199{padding-top: 40px !important;}\u00a0\u00bb][vc_column][vc_separator][\/vc_column][\/vc_row][vc_section][vc_row full_width=\u00a0\u00bbstretch_row\u00a0\u00bb css=\u00a0\u00bb.vc_custom_1533106395501{margin-top: 50px !important;}\u00a0\u00bb][vc_column width=\u00a0\u00bb1\/5&Prime; css=\u00a0\u00bb.vc_custom_1537790135452{padding-top: 50px !important;}\u00a0\u00bb][\/vc_column][vc_column width=\u00a0\u00bb3\/5&Prime;]<div class=\"dt-fancy-separator h3-size accent-title-color accent-border-color\" style=\"width: 100%;\"><div class=\"dt-fancy-title\"><span class=\"separator-holder separator-left\"><\/span>Avec l&#039;aimable soutien de<span class=\"separator-holder separator-right\"><\/span><\/div><\/div>[\/vc_column][vc_column width=\u00a0\u00bb1\/5&Prime;][\/vc_column][\/vc_row][vc_row css=\u00a0\u00bb.vc_custom_1532951531627{margin-top: 50px !important;}\u00a0\u00bb][vc_column][vc_row_inner css=\u00a0\u00bb.vc_custom_1739263838297{margin-bottom: 30px !important;}\u00a0\u00bb][vc_column_inner width=\u00a0\u00bb1\/5&Prime;][vc_single_image image=\u00a0\u00bb7266&Prime; img_size=\u00a0\u00bbfull\u00a0\u00bb onclick=\u00a0\u00bbcustom_link\u00a0\u00bb img_link_target=\u00a0\u00bb_blank\u00a0\u00bb css=\u00a0\u00bb\u00a0\u00bb link=\u00a0\u00bbhttps:\/\/leader-ostbelgien.be\/lag-100-doerfer-1-zukunft\/\u00a0\u00bb][\/vc_column_inner][vc_column_inner width=\u00a0\u00bb1\/5&Prime;][vc_single_image image=\u00a0\u00bb7267&Prime; img_size=\u00a0\u00bbfull\u00a0\u00bb onclick=\u00a0\u00bbcustom_link\u00a0\u00bb img_link_target=\u00a0\u00bb_blank\u00a0\u00bb css=\u00a0\u00bb\u00a0\u00bb link=\u00a0\u00bbhttps:\/\/leader-ostbelgien.be\/lag-zwischen-weser-und-goehl\/\u00a0\u00bb][\/vc_column_inner][vc_column_inner width=\u00a0\u00bb1\/5&Prime;][vc_single_image image=\u00a0\u00bb7268&Prime; img_size=\u00a0\u00bbfull\u00a0\u00bb onclick=\u00a0\u00bbcustom_link\u00a0\u00bb img_link_target=\u00a0\u00bb_blank\u00a0\u00bb css=\u00a0\u00bb\u00a0\u00bb link=\u00a0\u00bbhttps:\/\/www.gal-fagnes-hauteambleve.be\/\u00a0\u00bb][\/vc_column_inner][vc_column_inner width=\u00a0\u00bb1\/5&Prime;][vc_single_image image=\u00a0\u00bb7269&Prime; img_size=\u00a0\u00bbfull\u00a0\u00bb css=\u00a0\u00bb\u00a0\u00bb][\/vc_column_inner][vc_column_inner width=\u00a0\u00bb1\/5&Prime;][vc_single_image image=\u00a0\u00bb7270&Prime; img_size=\u00a0\u00bbfull\u00a0\u00bb onclick=\u00a0\u00bbcustom_link\u00a0\u00bb img_link_target=\u00a0\u00bb_blank\u00a0\u00bb css=\u00a0\u00bb\u00a0\u00bb link=\u00a0\u00bbhttps:\/\/www.wallonie.be\/fr\u00a0\u00bb][\/vc_column_inner][\/vc_row_inner][vc_row_inner content_placement=\u00a0\u00bbmiddle\u00a0\u00bb css=\u00a0\u00bb.vc_custom_1739439137431{margin-bottom: 30px !important;}\u00a0\u00bb][vc_column_inner width=\u00a0\u00bb1\/5&Prime;][vc_single_image image=\u00a0\u00bb7271&Prime; img_size=\u00a0\u00bbfull\u00a0\u00bb onclick=\u00a0\u00bbcustom_link\u00a0\u00bb img_link_target=\u00a0\u00bb_blank\u00a0\u00bb css=\u00a0\u00bb\u00a0\u00bb link=\u00a0\u00bbhttps:\/\/miteinander.be\/\u00a0\u00bb][\/vc_column_inner][vc_column_inner width=\u00a0\u00bb1\/5&Prime;][vc_single_image image=\u00a0\u00bb7272&Prime; img_size=\u00a0\u00bbfull\u00a0\u00bb onclick=\u00a0\u00bbcustom_link\u00a0\u00bb img_link_target=\u00a0\u00bb_blank\u00a0\u00bb css=\u00a0\u00bb\u00a0\u00bb link=\u00a0\u00bbhttps:\/\/buergerfonds.be\/\u00a0\u00bb][\/vc_column_inner][vc_column_inner width=\u00a0\u00bb1\/5&Prime;][vc_single_image image=\u00a0\u00bb7273&Prime; img_size=\u00a0\u00bbfull\u00a0\u00bb onclick=\u00a0\u00bbcustom_link\u00a0\u00bb img_link_target=\u00a0\u00bb_blank\u00a0\u00bb css=\u00a0\u00bb\u00a0\u00bb link=\u00a0\u00bbhttps:\/\/clm-ostbelgien.be\/de\/\u00a0\u00bb][\/vc_column_inner][vc_column_inner width=\u00a0\u00bb1\/5&Prime;][vc_single_image image=\u00a0\u00bb7274&Prime; img_size=\u00a0\u00bbfull\u00a0\u00bb onclick=\u00a0\u00bbcustom_link\u00a0\u00bb img_link_target=\u00a0\u00bb_blank\u00a0\u00bb css=\u00a0\u00bb\u00a0\u00bb link=\u00a0\u00bbhttps:\/\/ostbelgienlive.be\/\u00a0\u00bb][\/vc_column_inner][vc_column_inner width=\u00a0\u00bb1\/5&Prime;][vc_column_text css=\u00a0\u00bb\u00a0\u00bb]<\/p>\n<p style=\"text-align: center;\"><strong>Avec le soutien des communes<\/strong><\/p>\n<p>\u00a0[\/vc_column_text][\/vc_column_inner][\/vc_row_inner][\/vc_column][\/vc_row][\/vc_section]<\/p>\n<\/div>","protected":false},"excerpt":{"rendered":"<p>[vc_row][vc_column][vc_column_text css=\u00a0\u00bb\u00a0\u00bb] Carsharing Eupen &#8211; Partager plut\u00f4t que poss\u00e9der Depuis la mi-janvier 2022, deux v\u00e9hicules \u2013 une Renault Zoe \u00e9lectrique (autonomie d&rsquo;environ 300 km) et une Renault Clio \u00e0 motorisation hybride \u2013 sont \u00e0 la disposition des habitants d&rsquo;Eupen dans le cadre d&rsquo;un syst\u00e8me d&rsquo;autopartage. \u00c0 moyen terme, cela pourrait rendre superflue la (deuxi\u00e8me) voiture&hellip;<\/p>\n","protected":false},"author":1,"featured_media":0,"parent":7443,"menu_order":0,"comment_status":"closed","ping_status":"closed","template":"","meta":{"_monsterinsights_skip_tracking":false,"_monsterinsights_sitenote_active":false,"_monsterinsights_sitenote_note":"","_monsterinsights_sitenote_category":0,"footnotes":""},"class_list":["post-7453","page","type-page","status-publish","hentry","description-off"],"_links":{"self":[{"href":"https:\/\/fahrmit.be\/fr\/wp-json\/wp\/v2\/pages\/7453","targetHints":{"allow":["GET"]}}],"collection":[{"href":"https:\/\/fahrmit.be\/fr\/wp-json\/wp\/v2\/pages"}],"about":[{"href":"https:\/\/fahrmit.be\/fr\/wp-json\/wp\/v2\/types\/page"}],"author":[{"embeddable":true,"href":"https:\/\/fahrmit.be\/fr\/wp-json\/wp\/v2\/users\/1"}],"replies":[{"embeddable":true,"href":"https:\/\/fahrmit.be\/fr\/wp-json\/wp\/v2\/comments?post=7453"}],"version-history":[{"count":4,"href":"https:\/\/fahrmit.be\/fr\/wp-json\/wp\/v2\/pages\/7453\/revisions"}],"predecessor-version":[{"id":7457,"href":"https:\/\/fahrmit.be\/fr\/wp-json\/wp\/v2\/pages\/7453\/revisions\/7457"}],"up":[{"embeddable":true,"href":"https:\/\/fahrmit.be\/fr\/wp-json\/wp\/v2\/pages\/7443"}],"wp:attachment":[{"href":"https:\/\/fahrmit.be\/fr\/wp-json\/wp\/v2\/media?parent=7453"}],"curies":[{"name":"wp","href":"https:\/\/api.w.org\/{rel}","templated":true}]}}