{"id":7443,"date":"2018-07-30T12:22:32","date_gmt":"2018-07-30T12:22:32","guid":{"rendered":"https:\/\/fahrmit.be\/?page_id=7443"},"modified":"2025-10-08T11:41:04","modified_gmt":"2025-10-08T11:41:04","slug":"voiture","status":"publish","type":"page","link":"https:\/\/fahrmit.be\/fr\/solutions-de-mobilite\/voiture\/","title":{"rendered":"Voiture"},"content":{"rendered":"<div class=\"wpb-content-wrapper\"><p>[vc_row][vc_column width=\u00a0\u00bb1\/3&Prime;][vc_single_image image=\u00a0\u00bb7442&Prime; img_size=\u00a0\u00bbfull\u00a0\u00bb onclick=\u00a0\u00bbcustom_link\u00a0\u00bb img_link_target=\u00a0\u00bb_blank\u00a0\u00bb link=\u00a0\u00bbhttps:\/\/issuu.com\/infor-jeunes\/docs\/brochure-permis-conduire-infor-jeunes-by-ursule-al\u00a0\u00bb][\/vc_column][vc_column width=\u00a0\u00bb2\/3&Prime;][vc_column_text css=\u00a0\u00bb\u00a0\u00bb]<\/p>\n<h2>Conduire une voiture : la libert\u00e9 totale !<\/h2>\n<p>[\/vc_column_text][vc_empty_space][vc_column_text css=\u00a0\u00bb\u00a0\u00bb]\u00c0 la campagne notamment, nombreux sont ceux qui r\u00eavent de pouvoir se d\u00e9placer en voiture de mani\u00e8re ind\u00e9pendante et autonome d\u00e8s que possible. Le permis de conduire est une condition pr\u00e9alable \u00e9vidente pour de nombreuses offres d&#8217;emploi. Cependant, le chemin pour l&rsquo;obtenir n&rsquo;est pas si simple et tout le monde ne conna\u00eet pas les diff\u00e9rentes \u00e9tapes \u00e0 franchir.<\/p>\n<p>[\/vc_column_text][\/vc_column][\/vc_row][vc_row][vc_column][vc_empty_space][vc_column_text css=\u00a0\u00bb\u00a0\u00bb]Infor Jeunes a publi\u00e9 une brochure int\u00e9ressante contenant une multitude d&rsquo;informations et de conseils pour se pr\u00e9parer \u00e0 l&rsquo;examen du permis de conduire.<br \/>\nQue ce soit pour le permis voiture, moto, camion ou tracteur, vous trouverez ici toutes les informations n\u00e9cessaires sur le d\u00e9roulement pratique et les diff\u00e9rentes \u00e9tapes de la formation \u00e0 la conduite, ainsi que sur les examens th\u00e9oriques et pratiques du permis de conduire.<\/p>\n<p>&nbsp;<\/p>\n<p>Infor-Jeunes fournit \u00e9galement des informations sur la r\u00e9glementation en vigueur concernant les moyens de transport alternatifs tels que le v\u00e9lo, la trottinette, le skateboard, le monocycle \u00e9lectrique et le hoverboard.<\/p>\n<p>[\/vc_column_text][\/vc_column][\/vc_row][vc_row css=\u00a0\u00bb.vc_custom_1538381296199{padding-top: 40px !important;}\u00a0\u00bb][vc_column][vc_separator][\/vc_column][\/vc_row][vc_row css=\u00a0\u00bb.vc_custom_1666699353263{margin-top: 50px !important;}\u00a0\u00bb][vc_column][vc_column_text css=\u00a0\u00bb\u00a0\u00bb]Vous trouverez le guide <strong><a href=\"https:\/\/issuu.com\/infor-jeunes\/docs\/brochure-permis-conduire-infor-jeunes-by-ursule-al\">ici<\/a>,<\/strong> mais aussi sous forme de brochure dans les centres d&rsquo;information pour la jeunesse de l&rsquo;Est de la Belgique :<\/p>\n<p>[\/vc_column_text][vc_empty_space][vc_row_inner][vc_column_inner width=\u00a0\u00bb1\/2&Prime;][vc_column_text css=\u00a0\u00bb\u00a0\u00bb]<\/p>\n<h4><span lang=\"DE\">Eupen<\/span><\/h4>\n<p>Gospertstra\u00dfe 24<br \/>\n4700 Eupen<\/p>\n<p>087\/74 41 19<br \/>\n<a href=\"mailto:eupen@jugendinfo.be\">eupen@jugendinfo.be<\/a><br \/>\n<a href=\"http:\/\/jugendinfo.be\/\">jugendinfo.be<\/a>[\/vc_column_text][\/vc_column_inner][vc_column_inner width=\u00a0\u00bb1\/2&Prime;][vc_column_text css=\u00a0\u00bb\u00a0\u00bb]<\/p>\n<h4><span lang=\"DE\">St. Vith<\/span><\/h4>\n<p>Vennbahnweg 4\/5<br \/>\n4780 St. Vith<\/p>\n<p>080\/22 15 67<br \/>\n<a href=\"mailto:stvith@jugendinfo.be\">stvith@jugendinfo.be<\/a><br \/>\n<a href=\"http:\/\/jugendinfo.be\/\">jugendinfo.be<\/a>[\/vc_column_text][\/vc_column_inner][\/vc_row_inner][\/vc_column][\/vc_row][vc_row css=\u00a0\u00bb.vc_custom_1538381296199{padding-top: 40px !important;}\u00a0\u00bb][vc_column][vc_separator][\/vc_column][\/vc_row][vc_row css=\u00a0\u00bb.vc_custom_1666699353263{margin-top: 50px !important;}\u00a0\u00bb][vc_column][vc_column_text css=\u00a0\u00bb\u00a0\u00bb]<strong>Mais obtenir le permis de conduire co\u00fbte cher et n&rsquo;est pas facile pour tout le monde. Et m\u00eame lorsque l&rsquo;on a obtenu son permis, cela ne signifie pas pour autant que l&rsquo;on dispose automatiquement et \u00e0 tout moment d&rsquo;une voiture.<\/strong><\/p>\n<p><strong>Vous recherchez des alternatives \u00e0 la voiture personnelle ? Alors jetez un \u0153il aux diff\u00e9rentes possibilit\u00e9s et offres pr\u00e9sent\u00e9es \u00e0 droite !<\/strong><\/p>\n<p>[\/vc_column_text][\/vc_column][\/vc_row][vc_row css=\u00a0\u00bb.vc_custom_1538381296199{padding-top: 40px !important;}\u00a0\u00bb][vc_column][vc_separator][\/vc_column][\/vc_row][vc_section][vc_row full_width=\u00a0\u00bbstretch_row\u00a0\u00bb css=\u00a0\u00bb.vc_custom_1533106395501{margin-top: 50px !important;}\u00a0\u00bb][vc_column width=\u00a0\u00bb1\/5&Prime; css=\u00a0\u00bb.vc_custom_1537790135452{padding-top: 50px !important;}\u00a0\u00bb][\/vc_column][vc_column width=\u00a0\u00bb3\/5&Prime;]<div class=\"dt-fancy-separator h3-size accent-title-color accent-border-color\" style=\"width: 100%;\"><div class=\"dt-fancy-title\"><span class=\"separator-holder separator-left\"><\/span>Avec l&#039;aimable soutien de<span class=\"separator-holder separator-right\"><\/span><\/div><\/div>[\/vc_column][vc_column width=\u00a0\u00bb1\/5&Prime;][\/vc_column][\/vc_row][vc_row css=\u00a0\u00bb.vc_custom_1532951531627{margin-top: 50px !important;}\u00a0\u00bb][vc_column][vc_row_inner css=\u00a0\u00bb.vc_custom_1739263838297{margin-bottom: 30px !important;}\u00a0\u00bb][vc_column_inner width=\u00a0\u00bb1\/5&Prime;][vc_single_image image=\u00a0\u00bb7266&Prime; img_size=\u00a0\u00bbfull\u00a0\u00bb onclick=\u00a0\u00bbcustom_link\u00a0\u00bb img_link_target=\u00a0\u00bb_blank\u00a0\u00bb css=\u00a0\u00bb\u00a0\u00bb link=\u00a0\u00bbhttps:\/\/leader-ostbelgien.be\/lag-100-doerfer-1-zukunft\/\u00a0\u00bb][\/vc_column_inner][vc_column_inner width=\u00a0\u00bb1\/5&Prime;][vc_single_image image=\u00a0\u00bb7267&Prime; img_size=\u00a0\u00bbfull\u00a0\u00bb onclick=\u00a0\u00bbcustom_link\u00a0\u00bb img_link_target=\u00a0\u00bb_blank\u00a0\u00bb css=\u00a0\u00bb\u00a0\u00bb link=\u00a0\u00bbhttps:\/\/leader-ostbelgien.be\/lag-zwischen-weser-und-goehl\/\u00a0\u00bb][\/vc_column_inner][vc_column_inner width=\u00a0\u00bb1\/5&Prime;][vc_single_image image=\u00a0\u00bb7268&Prime; img_size=\u00a0\u00bbfull\u00a0\u00bb onclick=\u00a0\u00bbcustom_link\u00a0\u00bb img_link_target=\u00a0\u00bb_blank\u00a0\u00bb css=\u00a0\u00bb\u00a0\u00bb link=\u00a0\u00bbhttps:\/\/www.gal-fagnes-hauteambleve.be\/\u00a0\u00bb][\/vc_column_inner][vc_column_inner width=\u00a0\u00bb1\/5&Prime;][vc_single_image image=\u00a0\u00bb7269&Prime; img_size=\u00a0\u00bbfull\u00a0\u00bb css=\u00a0\u00bb\u00a0\u00bb][\/vc_column_inner][vc_column_inner width=\u00a0\u00bb1\/5&Prime;][vc_single_image image=\u00a0\u00bb7270&Prime; img_size=\u00a0\u00bbfull\u00a0\u00bb onclick=\u00a0\u00bbcustom_link\u00a0\u00bb img_link_target=\u00a0\u00bb_blank\u00a0\u00bb css=\u00a0\u00bb\u00a0\u00bb link=\u00a0\u00bbhttps:\/\/www.wallonie.be\/fr\u00a0\u00bb][\/vc_column_inner][\/vc_row_inner][vc_row_inner content_placement=\u00a0\u00bbmiddle\u00a0\u00bb css=\u00a0\u00bb.vc_custom_1739439137431{margin-bottom: 30px !important;}\u00a0\u00bb][vc_column_inner width=\u00a0\u00bb1\/5&Prime;][vc_single_image image=\u00a0\u00bb7271&Prime; img_size=\u00a0\u00bbfull\u00a0\u00bb onclick=\u00a0\u00bbcustom_link\u00a0\u00bb img_link_target=\u00a0\u00bb_blank\u00a0\u00bb css=\u00a0\u00bb\u00a0\u00bb link=\u00a0\u00bbhttps:\/\/miteinander.be\/\u00a0\u00bb][\/vc_column_inner][vc_column_inner width=\u00a0\u00bb1\/5&Prime;][vc_single_image image=\u00a0\u00bb7272&Prime; img_size=\u00a0\u00bbfull\u00a0\u00bb onclick=\u00a0\u00bbcustom_link\u00a0\u00bb img_link_target=\u00a0\u00bb_blank\u00a0\u00bb css=\u00a0\u00bb\u00a0\u00bb link=\u00a0\u00bbhttps:\/\/buergerfonds.be\/\u00a0\u00bb][\/vc_column_inner][vc_column_inner width=\u00a0\u00bb1\/5&Prime;][vc_single_image image=\u00a0\u00bb7273&Prime; img_size=\u00a0\u00bbfull\u00a0\u00bb onclick=\u00a0\u00bbcustom_link\u00a0\u00bb img_link_target=\u00a0\u00bb_blank\u00a0\u00bb css=\u00a0\u00bb\u00a0\u00bb link=\u00a0\u00bbhttps:\/\/clm-ostbelgien.be\/de\/\u00a0\u00bb][\/vc_column_inner][vc_column_inner width=\u00a0\u00bb1\/5&Prime;][vc_single_image image=\u00a0\u00bb7274&Prime; img_size=\u00a0\u00bbfull\u00a0\u00bb onclick=\u00a0\u00bbcustom_link\u00a0\u00bb img_link_target=\u00a0\u00bb_blank\u00a0\u00bb css=\u00a0\u00bb\u00a0\u00bb link=\u00a0\u00bbhttps:\/\/ostbelgienlive.be\/\u00a0\u00bb][\/vc_column_inner][vc_column_inner width=\u00a0\u00bb1\/5&Prime;][vc_column_text css=\u00a0\u00bb\u00a0\u00bb]<\/p>\n<p style=\"text-align: center;\"><strong>Avec le soutien des communes<\/strong><\/p>\n<p>\u00a0[\/vc_column_text][\/vc_column_inner][\/vc_row_inner][\/vc_column][\/vc_row][\/vc_section]<\/p>\n<\/div>","protected":false},"excerpt":{"rendered":"<p>[vc_row][vc_column width=\u00a0\u00bb1\/3&Prime;][vc_single_image image=\u00a0\u00bb7442&Prime; img_size=\u00a0\u00bbfull\u00a0\u00bb onclick=\u00a0\u00bbcustom_link\u00a0\u00bb img_link_target=\u00a0\u00bb_blank\u00a0\u00bb link=\u00a0\u00bbhttps:\/\/issuu.com\/infor-jeunes\/docs\/brochure-permis-conduire-infor-jeunes-by-ursule-al\u00a0\u00bb][\/vc_column][vc_column width=\u00a0\u00bb2\/3&Prime;][vc_column_text css=\u00a0\u00bb\u00a0\u00bb] Conduire une voiture : la libert\u00e9 totale ! [\/vc_column_text][vc_empty_space][vc_column_text css=\u00a0\u00bb\u00a0\u00bb]\u00c0 la campagne notamment, nombreux sont ceux qui r\u00eavent de pouvoir se d\u00e9placer en voiture de mani\u00e8re ind\u00e9pendante et autonome d\u00e8s que possible. Le permis de conduire est une condition pr\u00e9alable \u00e9vidente pour de nombreuses offres d&#8217;emploi.&hellip;<\/p>\n","protected":false},"author":1,"featured_media":0,"parent":7431,"menu_order":0,"comment_status":"closed","ping_status":"closed","template":"","meta":{"_monsterinsights_skip_tracking":false,"_monsterinsights_sitenote_active":false,"_monsterinsights_sitenote_note":"","_monsterinsights_sitenote_category":0,"footnotes":""},"class_list":["post-7443","page","type-page","status-publish","hentry","description-off"],"_links":{"self":[{"href":"https:\/\/fahrmit.be\/fr\/wp-json\/wp\/v2\/pages\/7443","targetHints":{"allow":["GET"]}}],"collection":[{"href":"https:\/\/fahrmit.be\/fr\/wp-json\/wp\/v2\/pages"}],"about":[{"href":"https:\/\/fahrmit.be\/fr\/wp-json\/wp\/v2\/types\/page"}],"author":[{"embeddable":true,"href":"https:\/\/fahrmit.be\/fr\/wp-json\/wp\/v2\/users\/1"}],"replies":[{"embeddable":true,"href":"https:\/\/fahrmit.be\/fr\/wp-json\/wp\/v2\/comments?post=7443"}],"version-history":[{"count":4,"href":"https:\/\/fahrmit.be\/fr\/wp-json\/wp\/v2\/pages\/7443\/revisions"}],"predecessor-version":[{"id":7447,"href":"https:\/\/fahrmit.be\/fr\/wp-json\/wp\/v2\/pages\/7443\/revisions\/7447"}],"up":[{"embeddable":true,"href":"https:\/\/fahrmit.be\/fr\/wp-json\/wp\/v2\/pages\/7431"}],"wp:attachment":[{"href":"https:\/\/fahrmit.be\/fr\/wp-json\/wp\/v2\/media?parent=7443"}],"curies":[{"name":"wp","href":"https:\/\/api.w.org\/{rel}","templated":true}]}}