{"id":7406,"date":"2018-07-30T12:22:45","date_gmt":"2018-07-30T12:22:45","guid":{"rendered":"https:\/\/fahrmit.be\/?page_id=7406"},"modified":"2026-02-17T12:43:53","modified_gmt":"2026-02-17T12:43:53","slug":"train","status":"publish","type":"page","link":"https:\/\/fahrmit.be\/fr\/solutions-de-mobilite\/bus-train\/train\/","title":{"rendered":"Train"},"content":{"rendered":"<div class=\"wpb-content-wrapper\"><p>[vc_row][vc_column][vc_column_text css=\u00a0\u00bb\u00a0\u00bb]<\/p>\n<h2>Les tickets de train peuvent \u00eatre achet\u00e9s :<\/h2>\n<ul>\n<li>Au guichet des gares ou aux automates<\/li>\n<li>En ligne avec l&rsquo;App SNCB<\/li>\n<li>Sur le site de la SNCB www.belgianrail.be<\/li>\n<li>Dans le train (si possible se manifester au contr\u00f4leur au moment de la mont\u00e9e dans le train)<\/li>\n<\/ul>\n<p><strong>Disposer d&rsquo;une carte mobib n&rsquo;est pas obligatoire dans tous les cas, mais elle facilite les d\u00e9marches.<\/strong><\/p>\n<p>Si vous n&rsquo;\u00eates pas encore titulaire d&rsquo;une carte MoBIB, adressez-vous \u00e0 un guichet de la gare. Vous aurez besoin des documents suivants :<\/p>\n<ul>\n<li>Votre carte d&rsquo;identit\u00e9 \u00e9lectronique (e-ID) ou tout autre document permettant de prouver votre identit\u00e9 (passeport, carte d&rsquo;identit\u00e9 provisoire ou carte d&rsquo;identit\u00e9 au format papier) ;<\/li>\n<li>6,00 \u20ac, si votre employeur ne prend pas en charge les frais d&rsquo;\u00e9mission de la carte MoBIB ;<\/li>\n<li>une attestation de votre employeur s&rsquo;il participe \u00e0 vos frais de transport et\/ou si une nouvelle carte d&#8217;employ\u00e9 doit \u00eatre d\u00e9livr\u00e9e.<\/li>\n<\/ul>\n<p>Vous pouvez aussi acheter votre carte mobib par d&rsquo;autres moyens : voir rubrique \u00ab\u00a0bus\u00a0\u00bb de ce site internet.<\/p>\n<p><strong>Les titres de transport suivants peuvent \u00eatre charg\u00e9s sur votre carte MoBIB :<\/strong><\/p>\n<p>&#8211; <a href=\"https:\/\/www.belgiantrain.be\/fr\/products\/abonnements\/standard-abonnement\"><strong>Abonnement<\/strong> <strong>standard<\/strong><\/a><strong>, <a href=\"https:\/\/www.belgiantrain.be\/fr\/products\/abonnements\/unlimited-abonnement\">illimit\u00e9<\/a><\/strong> et <strong><a href=\"https:\/\/www.belgiantrain.be\/fr\/products\/abonnements\/student-abonnement\">\u00e9tudiant<\/a><\/strong> ;<br \/>\n<a href=\"https:\/\/www.belgiantrain.be\/fr\/products\/train-and-other-transport\"><strong>&#8211; Abonnements combin\u00e9s<\/strong><\/a> en combinaison avec la STIB et TEC ou De Lijn (maximum train + 2 autres op\u00e9rateurs) ;<br \/>\n<strong>&#8211; <a href=\"https:\/\/www.belgiantrain.be\/fr\/products\/train-and-other-transport\/brussels\">les abonnements Brupass (XL)<\/a> et le <a href=\"https:\/\/www.belgiantrain.be\/fr\/products\/train-and-other-transport\">City Pass<\/a> ;<br \/>\n<\/strong>&#8211; les titres de transport vendus par la <strong>STIB<\/strong> et la <strong>TEC<\/strong> ;<br \/>\n&#8211;<a href=\"https:\/\/www.belgiantrain.be\/fr\/station-information\/car-or-bike-at-station\/b-parking\" target=\"_blank\" rel=\"noopener\"><strong> Abonnements pour les parkings payants g\u00e9r\u00e9s par B-Parking ;<\/strong><\/a><\/p>\n<p><strong>Lorsque vous achetez un abonnement, un porte-monnaie \u00e9lectronique est automatiquement cr\u00e9\u00e9.<\/strong> Il sert \u00e0 vous verser les \u00e9ventuelles indemnit\u00e9s auxquelles vous avez droit en cas de retard d&rsquo;un train. Vous pouvez disposer du montant de l&rsquo;indemnit\u00e9 dans votre porte-monnaie pendant un an. Le porte-monnaie \u00e9lectronique est personnel et li\u00e9 \u00e0 votre carte MoBIB.[\/vc_column_text][vc_column_text css=\u00a0\u00bb\u00a0\u00bb]<\/p>\n<div class=\"mb-10 wp-block-heading mb-6 mt-12 !font-normal\">\n<h2 class=\"no-break !mb-0\"><strong>La carte avantage\u00a0<em>Train+<\/em><\/strong><\/h2>\n<\/div>\n<p class=\"mb-4\"><strong>La carte \u00ab Train+ \u00bb se d\u00e9cline en deux versions\u00a0<\/strong>:<\/p>\n<ul class=\"wp-block-list list-disc mb-2 mt-2 list-inside pl-4 [li&gt;&amp;]:ml-4 [li&gt;&amp;]:mt-1\">\n<li><strong>Mensuelle<\/strong>\u00a0au prix de 6 \u20ac (4 \u20ac pour les jeunes, les seniors et les interventions major\u00e9es)<\/li>\n<li><strong>Annuelle\u00a0<\/strong>au prix de 48 \u20ac (32 \u20ac pour les cat\u00e9gories avantag\u00e9es)<\/li>\n<\/ul>\n<p class=\"mb-4\"><strong>O\u00f9 et comment obtenir \u00ab Train+ \u00bb ?<\/strong><\/p>\n<ul class=\"wp-block-list list-disc mb-2 mt-2 list-inside pl-4 [li&gt;&amp;]:ml-4 [li&gt;&amp;]:mt-1\">\n<li>En gare (au guichet ou aux automates). \u00ab Train+ \u00bb est disponible en version papier (QR Code) ou peut \u00eatre charg\u00e9e sur la carte Mobib<\/li>\n<li>Via le site ou l\u2019app SNCB. \u00ab Train+ \u00bb est alors directement li\u00e9 au compte My SNCB<\/li>\n<\/ul>\n<p class=\"mb-4\">La SNCB a mis en ligne sur son site web un simulateur permettant de se faire une id\u00e9e des \u00e9conomies qui pourront \u00eatre r\u00e9alis\u00e9es avec \u00ab Train+ \u00bb : https:\/\/simulator.belgiantrain.be\/fr\/trainplus\/itinerary<\/p>\n<p>[\/vc_column_text][\/vc_column][\/vc_row][vc_row bg_type=\u00a0\u00bbimage\u00a0\u00bb parallax_style=\u00a0\u00bbvcpb-default\u00a0\u00bb css=\u00a0\u00bb.vc_custom_1770379605262{margin-top: 50px !important;border-radius: 2px !important;}\u00a0\u00bb][vc_column][vc_column_text css=\u00a0\u00bb\u00a0\u00bb]<strong>Depuis le 15 octobre 2025, la SNCB a modifi\u00e9 en profondeur sa grille tarifaire pour encourager les d\u00e9placements en heures creuses et les week-ends.\u00a0<\/strong><\/p>\n<ul class=\"wp-block-list list-disc mb-2 mt-2 list-inside pl-4 [li&gt;&amp;]:ml-4 [li&gt;&amp;]:mt-1\">\n<li>Les\u00a0<strong>tarifs sont calcul\u00e9s au kilom\u00e8tre<\/strong>, c\u2019est-\u00e0-dire selon la distance parcourue, MAIS le prix est plafonn\u00e9 \u00e0 maximum 120 km.<\/li>\n<li><strong>Les pass \u00e0 tarif fixe comme le Local Multi, le Standard Multi et le Youth multi n&rsquo;existent plus.<\/strong><\/li>\n<li>En \u00e9change,\u00a0<strong>une carte avantage appel\u00e9e \u00ab\u00a0Train+\u00a0\u00bb<\/strong>\u00a0est cr\u00e9\u00e9e. Elle garantit (pour les personnes de 26 \u00e0 64 ans)\u00a0:\n<ul class=\"wp-block-list list-disc mb-2 mt-2 list-inside pl-4 [li&gt;&amp;]:ml-4 [li&gt;&amp;]:mt-1\">\n<li>Une r\u00e9duction de 40% par rapport aux tarifs standard en heures creuses<\/li>\n<li>Une r\u00e9duction de 40% suppl\u00e9mentaire sur le tarif r\u00e9duit du week-end<\/li>\n<li>Un maximum de 14 \u20ac par trajet en 2<sup>e<\/sup>\u00a0classe, quel que soit le moment de la journ\u00e9e en semaine, le prix \u00e9tant plafonn\u00e9 \u00e0 120 km<\/li>\n<\/ul>\n<\/li>\n<li>Lors de l\u2019achat d\u2019un ticket, la SNCB propose automatiquement le ticket le moins cher.<\/li>\n<li>Une r\u00e9duction de 40% est d\u2019application pour <strong>les voyages en petit groupe<\/strong> (de 4 \u00e0 14 personnes) en heures creuses et le week-end.<\/li>\n<li>L\u2019embarquement \u00e0 bord d\u2019un\u00a0<strong>v\u00e9lo\u00a0<\/strong>non pliable co\u00fbte d\u00e9sormais par trajet 3 \u20ac en heures creuses contre 5 \u20ac en heures de pointe.<\/li>\n<li>L&#8217;embarquement de v\u00e9los pliables reste gratuit.<\/li>\n<li>La notion de zone n\u2019appara\u00eet plus sur les tickets. Ceux-ci sont valables uniquement pour un trajet direct entre la gare de d\u00e9part et la gare d\u2019arriv\u00e9e indiqu\u00e9e sans interruption ni abandon de parcours (les correspondances restant \u00e9videmment autoris\u00e9es).<\/li>\n<\/ul>\n<div class=\"mb-10 wp-block-heading mb-6 mt-12 !font-normal\">\n<h3 class=\"no-break !mb-0\"><strong>Heures creuses\u00a0\u00a0?<\/strong><\/h3>\n<\/div>\n<p class=\"mb-4\">C\u2019est un d\u00e9part en semaine :<\/p>\n<ul class=\"wp-block-list list-disc mb-2 mt-2 list-inside pl-4 [li&gt;&amp;]:ml-4 [li&gt;&amp;]:mt-1\">\n<li>Avant 6h01<\/li>\n<li>De 9h \u00e0 16h<\/li>\n<li>\u00c0 partir de 18h<\/li>\n<\/ul>\n<p class=\"mb-4\">Le week-end est toujours consid\u00e9r\u00e9 comme \u00ab\u00a0creux\u00a0\u00bb<\/p>\n<p>[\/vc_column_text][\/vc_column][\/vc_row][vc_row bg_type=\u00a0\u00bbimage\u00a0\u00bb parallax_style=\u00a0\u00bbvcpb-default\u00a0\u00bb bg_image_new=\u00a0\u00bbid^1031|url^https:\/\/fahrmit.be\/wp-content\/uploads\/2018\/08\/Fahrmit-banner-footer.jpg|caption^null|alt^null|title^Fahrmit-banner-footer|description^null\u00a0\u00bb css=\u00a0\u00bb.vc_custom_1681298659400{margin-top: 50px !important;border-radius: 2px !important;}\u00a0\u00bb][vc_column][vc_column_text css=\u00a0\u00bb\u00a0\u00bb]<strong>Quelle est la gare la plus proche de chez moi?<br \/>\n<\/strong><br \/>\nSaint Vith -&gt; gare de Gouvy : 20 km<br \/>\nWaimes -&gt; gare de Trois-Ponts : 22 km<br \/>\nMalmedy -&gt; gare de Trois-Ponts : 14 km<br \/>\nStavelot -&gt; gare de Trois-Ponts : 6 km<br \/>\nStoumont &#8211; gare de Trois-Ponts : 11 km<br \/>\nB\u00fctgenbach -&gt; gare de Trois-Ponts : 30 km<br \/>\nEupen -&gt; gare de Eupen: 0 km<\/p>\n<p>[\/vc_column_text][vc_column_text css=\u00a0\u00bb.vc_custom_1759923191988{margin-top: 20px !important;margin-right: 20px !important;margin-bottom: 20px !important;margin-left: 20px !important;border-radius: 1px !important;}\u00a0\u00bb]<\/p>\n<h2><span style=\"color: #ffffff;\">Assistance aux voyageurs \u00e0 mobilit\u00e9 r\u00e9duite<\/span><\/h2>\n<p><span style=\"color: #ffffff;\"><strong><br \/>\n<\/strong>La mani\u00e8re et le moment o\u00f9 vous pouvez demander de l&rsquo;aide d\u00e9pendent de votre trajet. Vous trouverez ici les conditions g\u00e9n\u00e9rales relatives \u00e0 l&rsquo;assistance aux personnes \u00e0 mobilit\u00e9 r\u00e9duite lors de vos voyages en train national et international.<\/span><\/p>\n<p>&nbsp;<\/p>\n<h2><span style=\"color: #ffffff;\">Voyages \u00e0 l&rsquo;int\u00e9rieur de la Belgique<\/span><\/h2>\n<p><span style=\"color: #ffffff;\"><strong>Au plus tard 24 heures \u00e0 l&rsquo;avance si vous partez de l&rsquo;une de ces 132 gares.<\/strong><\/span><br \/>\n<span style=\"color: #ffffff;\">Pour les trajets avec ou sans correspondance. Vous pouvez demander de l&rsquo;aide en ligne ou par t\u00e9l\u00e9phone au 02 528 28 28 (tous les jours de 7 h \u00e0 21 h 30).<\/span><\/p>\n<p>&nbsp;<\/p>\n<p><span style=\"color: #ffffff;\"><strong>Au plus tard 3 heures \u00e0 l&rsquo;avance si vous partez de l&rsquo;une de ces 41 gares<\/strong><\/span><br \/>\n<span style=\"color: #ffffff;\">Pour les trajets sans changement entre 6h30 et 21h entre 2 de ces 41 gares :<\/span><\/p>\n<p><span style=\"color: #ffffff;\"><em>Aarschot, Antwerpen-Central, Arlon, Oudenaarde, Blankenberge, Braine-le-Comte, Br\u00fcgge, Brussels Airport-Zaventem, Br\u00fcssel-Central, Br\u00fcssel-Midi, Br\u00fcssel-Nord, Charleroi-Sud, Kortrijk, Denderleeuw, Gent-Dampoort, Gent-Saint-Pierre, Genk, Hasselt, La Louvi\u00e8re-Sud, De Panne, Libramont, L\u00fcttich-Guillemins, Lier, Lokeren, Leuven, Louvain-la-Neuve, Mechelen, Marloie, Mol, Mons , Namur, Nivelles, Ostende, Ottignies, Rochefort-Jemelle, Sint-Niklaas, Dendermonde, Tournai, Turnhout, Verviers-Central, Zottegem.<\/em><\/span><\/p>\n<p><span style=\"color: #ffffff;\">L&rsquo;assistance ne peut \u00eatre demand\u00e9e <strong>que par t\u00e9l\u00e9phone<\/strong> au <strong>02 528 28 28<\/strong> (tous les jours de 7 h \u00e0 21 h 30).<\/span><\/p>\n<p>&nbsp;<\/p>\n<p><span style=\"color: #ffffff;\"><strong>Rendez-vous au point de rendez-vous au moins 20 minutes avant le d\u00e9part de votre train.<\/strong> Apportez votre billet. Si vous devez changer de train pendant votre trajet, un temps de correspondance de <strong>15 minutes<\/strong> est pr\u00e9vu \u00e0 chaque fois.<\/span><\/p>\n<p>&nbsp;<\/p>\n<p><span style=\"color: #ffffff;\">Les voyageurs \u00e0 mobilit\u00e9 r\u00e9duite qui n&rsquo;utilisent pas de fauteuil roulant ou qui peuvent quitter leur fauteuil roulant pliable et monter dans le train sans rampe peuvent \u00e9galement b\u00e9n\u00e9ficier de cette assistance dans d&rsquo;autres gares, en fonction de la disponibilit\u00e9 du personnel, et doivent en faire la demande 24 heures \u00e0 l&rsquo;avance.<\/span><\/p>\n<p>&nbsp;<\/p>\n<p>[\/vc_column_text][\/vc_column][\/vc_row][vc_row][vc_column][vc_empty_space][vc_separator][vc_empty_space][\/vc_column][\/vc_row][vc_row][vc_column][vc_column_text css=\u00a0\u00bb\u00a0\u00bb]<\/p>\n<h3>Gares ferroviaires :<\/h3>\n<p>A proximit\u00e9 de la Communaut\u00e9 germanophone et de la r\u00e9gion de Waimes, Malmedy, Stavelot et Stoumont, les gares ferroviaires pour rejoindre vos destinations belges et \u00e0 l&rsquo;\u00e9tranger sont :[\/vc_column_text][\/vc_column][\/vc_row][vc_row][vc_column][vc_column_text css=\u00a0\u00bb\u00a0\u00bb]<div id=\"footable_parent_7735\"\n         class=\" footable_parent ninja_table_wrapper loading_ninja_table wp_table_data_press_parent bootstrap3 \">\n                <table data-ninja_table_instance=\"ninja_table_instance_0\" data-footable_id=\"7735\" data-filter-delay=\"1000\" aria-label=\"Gare Tabelle\"            id=\"footable_7735\"\n           data-unique_identifier=\"ninja_table_unique_id_4006224477_7735\"\n           class=\" foo-table ninja_footable foo_table_7735 ninja_table_unique_id_4006224477_7735 table  ninja_search_right nt_type_ajax_table table-striped table-bordered table-hover table-condensed vertical_centered  footable-paging-right ninja_table_search_disabled\">\n                <colgroup>\n                            <col class=\"ninja_column_0 \">\n                            <col class=\"ninja_column_1 \">\n                            <col class=\"ninja_column_2 \">\n                            <col class=\"ninja_column_3 \">\n                    <\/colgroup>\n            <\/table>\n    \n    \n    \n<\/div>\n<p>[\/vc_column_text][\/vc_column][\/vc_row][vc_row css=\u00a0\u00bb.vc_custom_1538381296199{padding-top: 40px !important;}\u00a0\u00bb][vc_column][vc_separator][\/vc_column][\/vc_row][vc_section][vc_row full_width=\u00a0\u00bbstretch_row\u00a0\u00bb css=\u00a0\u00bb.vc_custom_1533106395501{margin-top: 50px !important;}\u00a0\u00bb][vc_column width=\u00a0\u00bb1\/5&Prime; css=\u00a0\u00bb.vc_custom_1537790135452{padding-top: 50px !important;}\u00a0\u00bb][\/vc_column][vc_column width=\u00a0\u00bb3\/5&Prime;]<div class=\"dt-fancy-separator h3-size accent-title-color accent-border-color\" style=\"width: 100%;\"><div class=\"dt-fancy-title\"><span class=\"separator-holder separator-left\"><\/span>Avec le soutien de<span class=\"separator-holder separator-right\"><\/span><\/div><\/div>[\/vc_column][vc_column width=\u00a0\u00bb1\/5&Prime;][\/vc_column][\/vc_row][vc_row css=\u00a0\u00bb.vc_custom_1532951531627{margin-top: 50px !important;}\u00a0\u00bb][vc_column][vc_row_inner css=\u00a0\u00bb.vc_custom_1739263838297{margin-bottom: 30px !important;}\u00a0\u00bb][vc_column_inner width=\u00a0\u00bb1\/5&Prime;][vc_single_image image=\u00a0\u00bb7266&Prime; img_size=\u00a0\u00bbfull\u00a0\u00bb onclick=\u00a0\u00bbcustom_link\u00a0\u00bb img_link_target=\u00a0\u00bb_blank\u00a0\u00bb css=\u00a0\u00bb\u00a0\u00bb link=\u00a0\u00bbhttps:\/\/leader-ostbelgien.be\/lag-100-doerfer-1-zukunft\/\u00a0\u00bb][\/vc_column_inner][vc_column_inner width=\u00a0\u00bb1\/5&Prime;][vc_single_image image=\u00a0\u00bb7267&Prime; img_size=\u00a0\u00bbfull\u00a0\u00bb onclick=\u00a0\u00bbcustom_link\u00a0\u00bb img_link_target=\u00a0\u00bb_blank\u00a0\u00bb css=\u00a0\u00bb\u00a0\u00bb link=\u00a0\u00bbhttps:\/\/leader-ostbelgien.be\/lag-zwischen-weser-und-goehl\/\u00a0\u00bb][\/vc_column_inner][vc_column_inner width=\u00a0\u00bb1\/5&Prime;][vc_single_image image=\u00a0\u00bb7268&Prime; img_size=\u00a0\u00bbfull\u00a0\u00bb onclick=\u00a0\u00bbcustom_link\u00a0\u00bb img_link_target=\u00a0\u00bb_blank\u00a0\u00bb css=\u00a0\u00bb\u00a0\u00bb link=\u00a0\u00bbhttps:\/\/www.gal-fagnes-hauteambleve.be\/\u00a0\u00bb][\/vc_column_inner][vc_column_inner width=\u00a0\u00bb1\/5&Prime;][vc_single_image image=\u00a0\u00bb7269&Prime; img_size=\u00a0\u00bbfull\u00a0\u00bb css=\u00a0\u00bb\u00a0\u00bb][\/vc_column_inner][vc_column_inner width=\u00a0\u00bb1\/5&Prime;][vc_single_image image=\u00a0\u00bb7270&Prime; img_size=\u00a0\u00bbfull\u00a0\u00bb onclick=\u00a0\u00bbcustom_link\u00a0\u00bb img_link_target=\u00a0\u00bb_blank\u00a0\u00bb css=\u00a0\u00bb\u00a0\u00bb link=\u00a0\u00bbhttps:\/\/www.wallonie.be\/fr\u00a0\u00bb][\/vc_column_inner][\/vc_row_inner][vc_row_inner content_placement=\u00a0\u00bbmiddle\u00a0\u00bb css=\u00a0\u00bb.vc_custom_1739439137431{margin-bottom: 30px !important;}\u00a0\u00bb][vc_column_inner width=\u00a0\u00bb1\/5&Prime;][vc_single_image image=\u00a0\u00bb7271&Prime; img_size=\u00a0\u00bbfull\u00a0\u00bb onclick=\u00a0\u00bbcustom_link\u00a0\u00bb img_link_target=\u00a0\u00bb_blank\u00a0\u00bb css=\u00a0\u00bb\u00a0\u00bb link=\u00a0\u00bbhttps:\/\/miteinander.be\/\u00a0\u00bb][\/vc_column_inner][vc_column_inner width=\u00a0\u00bb1\/5&Prime;][vc_single_image image=\u00a0\u00bb7272&Prime; img_size=\u00a0\u00bbfull\u00a0\u00bb onclick=\u00a0\u00bbcustom_link\u00a0\u00bb img_link_target=\u00a0\u00bb_blank\u00a0\u00bb css=\u00a0\u00bb\u00a0\u00bb link=\u00a0\u00bbhttps:\/\/buergerfonds.be\/\u00a0\u00bb][\/vc_column_inner][vc_column_inner width=\u00a0\u00bb1\/5&Prime;][vc_single_image image=\u00a0\u00bb7273&Prime; img_size=\u00a0\u00bbfull\u00a0\u00bb onclick=\u00a0\u00bbcustom_link\u00a0\u00bb img_link_target=\u00a0\u00bb_blank\u00a0\u00bb css=\u00a0\u00bb\u00a0\u00bb link=\u00a0\u00bbhttps:\/\/clm-ostbelgien.be\/de\/\u00a0\u00bb][\/vc_column_inner][vc_column_inner width=\u00a0\u00bb1\/5&Prime;][vc_single_image image=\u00a0\u00bb7274&Prime; img_size=\u00a0\u00bbfull\u00a0\u00bb onclick=\u00a0\u00bbcustom_link\u00a0\u00bb img_link_target=\u00a0\u00bb_blank\u00a0\u00bb css=\u00a0\u00bb\u00a0\u00bb link=\u00a0\u00bbhttps:\/\/ostbelgienlive.be\/\u00a0\u00bb][\/vc_column_inner][vc_column_inner width=\u00a0\u00bb1\/5&Prime;][vc_column_text css=\u00a0\u00bb\u00a0\u00bb]<\/p>\n<p style=\"text-align: center;\"><strong>Avec le soutien des communes<\/strong><\/p>\n<p>[\/vc_column_text][\/vc_column_inner][\/vc_row_inner][\/vc_column][\/vc_row][\/vc_section]<\/p>\n<\/div>","protected":false},"excerpt":{"rendered":"<p>[vc_row][vc_column][vc_column_text css=\u00a0\u00bb\u00a0\u00bb] Les tickets de train peuvent \u00eatre achet\u00e9s : Au guichet des gares ou aux automates En ligne avec l&rsquo;App SNCB Sur le site de la SNCB www.belgianrail.be Dans le train (si possible se manifester au contr\u00f4leur au moment de la mont\u00e9e dans le train) Disposer d&rsquo;une carte mobib n&rsquo;est pas obligatoire dans tous&hellip;<\/p>\n","protected":false},"author":3,"featured_media":0,"parent":7369,"menu_order":0,"comment_status":"closed","ping_status":"closed","template":"","meta":{"_monsterinsights_skip_tracking":false,"_monsterinsights_sitenote_active":false,"_monsterinsights_sitenote_note":"","_monsterinsights_sitenote_category":0,"footnotes":""},"class_list":["post-7406","page","type-page","status-publish","hentry","description-off"],"_links":{"self":[{"href":"https:\/\/fahrmit.be\/fr\/wp-json\/wp\/v2\/pages\/7406","targetHints":{"allow":["GET"]}}],"collection":[{"href":"https:\/\/fahrmit.be\/fr\/wp-json\/wp\/v2\/pages"}],"about":[{"href":"https:\/\/fahrmit.be\/fr\/wp-json\/wp\/v2\/types\/page"}],"author":[{"embeddable":true,"href":"https:\/\/fahrmit.be\/fr\/wp-json\/wp\/v2\/users\/3"}],"replies":[{"embeddable":true,"href":"https:\/\/fahrmit.be\/fr\/wp-json\/wp\/v2\/comments?post=7406"}],"version-history":[{"count":16,"href":"https:\/\/fahrmit.be\/fr\/wp-json\/wp\/v2\/pages\/7406\/revisions"}],"predecessor-version":[{"id":9784,"href":"https:\/\/fahrmit.be\/fr\/wp-json\/wp\/v2\/pages\/7406\/revisions\/9784"}],"up":[{"embeddable":true,"href":"https:\/\/fahrmit.be\/fr\/wp-json\/wp\/v2\/pages\/7369"}],"wp:attachment":[{"href":"https:\/\/fahrmit.be\/fr\/wp-json\/wp\/v2\/media?parent=7406"}],"curies":[{"name":"wp","href":"https:\/\/api.w.org\/{rel}","templated":true}]}}