{"id":7400,"date":"2018-09-25T07:19:09","date_gmt":"2018-09-25T07:19:09","guid":{"rendered":"https:\/\/fahrmit.be\/?page_id=7400"},"modified":"2026-02-06T09:24:41","modified_gmt":"2026-02-06T09:24:41","slug":"autocaristes","status":"publish","type":"page","link":"https:\/\/fahrmit.be\/fr\/solutions-de-mobilite\/bus-train\/bus\/autocaristes\/","title":{"rendered":"Autocaristes"},"content":{"rendered":"<div class=\"wpb-content-wrapper\"><p>[vc_row][vc_column][vc_column_text css=\u00a0\u00bb\u00a0\u00bb]Plusieurs autocaristes r\u00e9gionaux proposent des voyages accompagn\u00e9s en car vers diverses destinations :<\/p>\n<ul>\n<li>Citytrips: Paris, Londres, Berlin&#8230;<\/li>\n<li>Voyages culturels : p. ex. Italie, Ch\u00e2teaux de la Loire&#8230;<\/li>\n<li>Trajets vers les plages espagnoles<\/li>\n<li>Trajets vers les stations de sports d&rsquo;hiver<\/li>\n<li>&#8230;<\/li>\n<\/ul>\n<p>Ils organisent \u00e9galement des excursions d&rsquo;1 journ\u00e9e vers :<\/p>\n<ul>\n<li>Des villes : Paris, Bruxelles, Bruges, Maastricht, Aix-la-Chapelle&#8230;<\/li>\n<li>Des \u00e9v\u00e9nements sp\u00e9ciaux comme des march\u00e9s aux fleurs, des croisi\u00e8res d&rsquo;1 jour sur le Rhin, les serres de Laeken&#8230;<\/li>\n<li>Des concerts et expositions<\/li>\n<li>&#8230;<\/li>\n<\/ul>\n<p>Les autocaristes louent \u00e9galement leurs v\u00e9hicules \u00ab\u00a0\u00e0 la demande\u00a0\u00bb \u00e0 des groupes :<\/p>\n<ul>\n<li>Excursions d&rsquo;un jour pour les 60+<\/li>\n<li>Classes de mer, classes vertes et sports d&rsquo;hiver pour les \u00e9coles<\/li>\n<li>Ev\u00e9nements familiaux ou entre amis<\/li>\n<li>&#8230;<\/li>\n<\/ul>\n<p>Ils disposent de cars de diff\u00e9rentes capacit\u00e9s.<\/p>\n<h3>Communes de Waimes, Malmedy, Stavelot et Stoumont: territoire du GAL Fagnes Haute Ambl\u00e8ve<\/h3>\n<div id=\"footable_parent_7751\"\n         class=\" footable_parent ninja_table_wrapper loading_ninja_table wp_table_data_press_parent bootstrap3 \">\n                <table data-ninja_table_instance=\"ninja_table_instance_0\" data-footable_id=\"7751\" data-filter-delay=\"1000\" aria-label=\"Busunternehmen Weismes &amp; Co FR\"            id=\"footable_7751\"\n           data-unique_identifier=\"ninja_table_unique_id_2677913140_7751\"\n           class=\" foo-table ninja_footable foo_table_7751 ninja_table_unique_id_2677913140_7751 table  ninja_search_right nt_type_ajax_table table-striped table-bordered table-hover vertical_centered  footable-paging-right ninja_table_search_disabled\">\n                <colgroup>\n                            <col class=\"ninja_column_0 \">\n                            <col class=\"ninja_column_1 \">\n                            <col class=\"ninja_column_2 \">\n                            <col class=\"ninja_column_3 \">\n                    <\/colgroup>\n            <\/table>\n    \n    \n    \n<\/div>\n\n<p>&nbsp;<\/p>\n<h3>Communes du nord de la Communaut\u00e9 germanophone : Eupen, Lontzen, Kelmis et Raeren : territoire du GAL Entre Vesdre et Gueule<\/h3>\n<div id=\"footable_parent_7750\"\n         class=\" footable_parent ninja_table_wrapper loading_ninja_table wp_table_data_press_parent bootstrap3 \">\n                <table data-ninja_table_instance=\"ninja_table_instance_1\" data-footable_id=\"7750\" data-filter-delay=\"1000\" aria-label=\"Busunternehmen Norden FR\"            id=\"footable_7750\"\n           data-unique_identifier=\"ninja_table_unique_id_4196451538_7750\"\n           class=\" foo-table ninja_footable foo_table_7750 ninja_table_unique_id_4196451538_7750 table  ninja_search_right nt_type_ajax_table table-striped table-bordered table-hover vertical_centered  footable-paging-right ninja_table_search_disabled\">\n                <colgroup>\n                            <col class=\"ninja_column_0 \">\n                            <col class=\"ninja_column_1 \">\n                            <col class=\"ninja_column_2 \">\n                            <col class=\"ninja_column_3 \">\n                    <\/colgroup>\n            <\/table>\n    \n    \n    \n<\/div>\n\n<h3><\/h3>\n<h3>Communes du sud de la Communaut\u00e9 germanophone : Sankt Vith, Burg-Reuland, Amel, B\u00fctgenbach et B\u00fcllingen (Eifel belge) : territoire du GAL 100 Villages &#8211; 1 Avenir<\/h3>\n<div id=\"footable_parent_7752\"\n         class=\" footable_parent ninja_table_wrapper loading_ninja_table wp_table_data_press_parent bootstrap3 \">\n                <table data-ninja_table_instance=\"ninja_table_instance_2\" data-footable_id=\"7752\" data-filter-delay=\"1000\" aria-label=\"Busunternehmen Eifel FR\"            id=\"footable_7752\"\n           data-unique_identifier=\"ninja_table_unique_id_3642210821_7752\"\n           class=\" foo-table ninja_footable foo_table_7752 ninja_table_unique_id_3642210821_7752 table  ninja_search_right nt_type_ajax_table table-striped table-bordered table-hover vertical_centered  footable-paging-right ninja_table_search_disabled\">\n                <colgroup>\n                            <col class=\"ninja_column_0 \">\n                            <col class=\"ninja_column_1 \">\n                            <col class=\"ninja_column_2 \">\n                            <col class=\"ninja_column_3 \">\n                    <\/colgroup>\n            <\/table>\n    \n    \n    \n<\/div>\n[\/vc_column_text][\/vc_column][\/vc_row][vc_row css=\u00a0\u00bb.vc_custom_1538381296199{padding-top: 40px !important;}\u00a0\u00bb][vc_column][vc_separator][\/vc_column][\/vc_row][vc_section][vc_row full_width=\u00a0\u00bbstretch_row\u00a0\u00bb css=\u00a0\u00bb.vc_custom_1533106395501{margin-top: 50px !important;}\u00a0\u00bb][vc_column width=\u00a0\u00bb1\/5&Prime; css=\u00a0\u00bb.vc_custom_1537790135452{padding-top: 50px !important;}\u00a0\u00bb][\/vc_column][vc_column width=\u00a0\u00bb3\/5&Prime;]<div class=\"dt-fancy-separator h3-size accent-title-color accent-border-color\" style=\"width: 100%;\"><div class=\"dt-fancy-title\"><span class=\"separator-holder separator-left\"><\/span>Avec le soutien de<span class=\"separator-holder separator-right\"><\/span><\/div><\/div>[\/vc_column][vc_column width=\u00a0\u00bb1\/5&Prime;][\/vc_column][\/vc_row][vc_row css=\u00a0\u00bb.vc_custom_1532951531627{margin-top: 50px !important;}\u00a0\u00bb][vc_column][vc_row_inner css=\u00a0\u00bb.vc_custom_1739263838297{margin-bottom: 30px !important;}\u00a0\u00bb][vc_column_inner width=\u00a0\u00bb1\/5&Prime;][vc_single_image image=\u00a0\u00bb7266&Prime; img_size=\u00a0\u00bbfull\u00a0\u00bb onclick=\u00a0\u00bbcustom_link\u00a0\u00bb img_link_target=\u00a0\u00bb_blank\u00a0\u00bb css=\u00a0\u00bb\u00a0\u00bb link=\u00a0\u00bbhttps:\/\/leader-ostbelgien.be\/lag-100-doerfer-1-zukunft\/\u00a0\u00bb][\/vc_column_inner][vc_column_inner width=\u00a0\u00bb1\/5&Prime;][vc_single_image image=\u00a0\u00bb7267&Prime; img_size=\u00a0\u00bbfull\u00a0\u00bb onclick=\u00a0\u00bbcustom_link\u00a0\u00bb img_link_target=\u00a0\u00bb_blank\u00a0\u00bb css=\u00a0\u00bb\u00a0\u00bb link=\u00a0\u00bbhttps:\/\/leader-ostbelgien.be\/lag-zwischen-weser-und-goehl\/\u00a0\u00bb][\/vc_column_inner][vc_column_inner width=\u00a0\u00bb1\/5&Prime;][vc_single_image image=\u00a0\u00bb7268&Prime; img_size=\u00a0\u00bbfull\u00a0\u00bb onclick=\u00a0\u00bbcustom_link\u00a0\u00bb img_link_target=\u00a0\u00bb_blank\u00a0\u00bb css=\u00a0\u00bb\u00a0\u00bb link=\u00a0\u00bbhttps:\/\/www.gal-fagnes-hauteambleve.be\/\u00a0\u00bb][\/vc_column_inner][vc_column_inner width=\u00a0\u00bb1\/5&Prime;][vc_single_image image=\u00a0\u00bb7269&Prime; img_size=\u00a0\u00bbfull\u00a0\u00bb css=\u00a0\u00bb\u00a0\u00bb][\/vc_column_inner][vc_column_inner width=\u00a0\u00bb1\/5&Prime;][vc_single_image image=\u00a0\u00bb7270&Prime; img_size=\u00a0\u00bbfull\u00a0\u00bb onclick=\u00a0\u00bbcustom_link\u00a0\u00bb img_link_target=\u00a0\u00bb_blank\u00a0\u00bb css=\u00a0\u00bb\u00a0\u00bb link=\u00a0\u00bbhttps:\/\/www.wallonie.be\/fr\u00a0\u00bb][\/vc_column_inner][\/vc_row_inner][vc_row_inner content_placement=\u00a0\u00bbmiddle\u00a0\u00bb css=\u00a0\u00bb.vc_custom_1739439137431{margin-bottom: 30px !important;}\u00a0\u00bb][vc_column_inner width=\u00a0\u00bb1\/5&Prime;][vc_single_image image=\u00a0\u00bb7271&Prime; img_size=\u00a0\u00bbfull\u00a0\u00bb onclick=\u00a0\u00bbcustom_link\u00a0\u00bb img_link_target=\u00a0\u00bb_blank\u00a0\u00bb css=\u00a0\u00bb\u00a0\u00bb link=\u00a0\u00bbhttps:\/\/miteinander.be\/\u00a0\u00bb][\/vc_column_inner][vc_column_inner width=\u00a0\u00bb1\/5&Prime;][vc_single_image image=\u00a0\u00bb7272&Prime; img_size=\u00a0\u00bbfull\u00a0\u00bb onclick=\u00a0\u00bbcustom_link\u00a0\u00bb img_link_target=\u00a0\u00bb_blank\u00a0\u00bb css=\u00a0\u00bb\u00a0\u00bb link=\u00a0\u00bbhttps:\/\/buergerfonds.be\/\u00a0\u00bb][\/vc_column_inner][vc_column_inner width=\u00a0\u00bb1\/5&Prime;][vc_single_image image=\u00a0\u00bb7273&Prime; img_size=\u00a0\u00bbfull\u00a0\u00bb onclick=\u00a0\u00bbcustom_link\u00a0\u00bb img_link_target=\u00a0\u00bb_blank\u00a0\u00bb css=\u00a0\u00bb\u00a0\u00bb link=\u00a0\u00bbhttps:\/\/clm-ostbelgien.be\/de\/\u00a0\u00bb][\/vc_column_inner][vc_column_inner width=\u00a0\u00bb1\/5&Prime;][vc_single_image image=\u00a0\u00bb7274&Prime; img_size=\u00a0\u00bbfull\u00a0\u00bb onclick=\u00a0\u00bbcustom_link\u00a0\u00bb img_link_target=\u00a0\u00bb_blank\u00a0\u00bb css=\u00a0\u00bb\u00a0\u00bb link=\u00a0\u00bbhttps:\/\/ostbelgienlive.be\/\u00a0\u00bb][\/vc_column_inner][vc_column_inner width=\u00a0\u00bb1\/5&Prime;][vc_column_text css=\u00a0\u00bb\u00a0\u00bb]<\/p>\n<p style=\"text-align: center;\"><strong>Avec le soutien des communes<\/strong><\/p>\n<p>[\/vc_column_text][\/vc_column_inner][\/vc_row_inner][\/vc_column][\/vc_row][\/vc_section]<\/p>\n<\/div>","protected":false},"excerpt":{"rendered":"<p>[vc_row][vc_column][vc_column_text css=\u00a0\u00bb\u00a0\u00bb]Plusieurs autocaristes r\u00e9gionaux proposent des voyages accompagn\u00e9s en car vers diverses destinations : Citytrips: Paris, Londres, Berlin&#8230; Voyages culturels : p. ex. Italie, Ch\u00e2teaux de la Loire&#8230; Trajets vers les plages espagnoles Trajets vers les stations de sports d&rsquo;hiver &#8230; Ils organisent \u00e9galement des excursions d&rsquo;1 journ\u00e9e vers : Des villes : Paris, Bruxelles,&hellip;<\/p>\n","protected":false},"author":1,"featured_media":0,"parent":7372,"menu_order":0,"comment_status":"closed","ping_status":"closed","template":"","meta":{"_monsterinsights_skip_tracking":false,"_monsterinsights_sitenote_active":false,"_monsterinsights_sitenote_note":"","_monsterinsights_sitenote_category":0,"footnotes":""},"class_list":["post-7400","page","type-page","status-publish","hentry","description-off"],"_links":{"self":[{"href":"https:\/\/fahrmit.be\/fr\/wp-json\/wp\/v2\/pages\/7400","targetHints":{"allow":["GET"]}}],"collection":[{"href":"https:\/\/fahrmit.be\/fr\/wp-json\/wp\/v2\/pages"}],"about":[{"href":"https:\/\/fahrmit.be\/fr\/wp-json\/wp\/v2\/types\/page"}],"author":[{"embeddable":true,"href":"https:\/\/fahrmit.be\/fr\/wp-json\/wp\/v2\/users\/1"}],"replies":[{"embeddable":true,"href":"https:\/\/fahrmit.be\/fr\/wp-json\/wp\/v2\/comments?post=7400"}],"version-history":[{"count":9,"href":"https:\/\/fahrmit.be\/fr\/wp-json\/wp\/v2\/pages\/7400\/revisions"}],"predecessor-version":[{"id":9733,"href":"https:\/\/fahrmit.be\/fr\/wp-json\/wp\/v2\/pages\/7400\/revisions\/9733"}],"up":[{"embeddable":true,"href":"https:\/\/fahrmit.be\/fr\/wp-json\/wp\/v2\/pages\/7372"}],"wp:attachment":[{"href":"https:\/\/fahrmit.be\/fr\/wp-json\/wp\/v2\/media?parent=7400"}],"curies":[{"name":"wp","href":"https:\/\/api.w.org\/{rel}","templated":true}]}}