{"id":7372,"date":"2018-07-30T12:22:10","date_gmt":"2018-07-30T12:22:10","guid":{"rendered":"https:\/\/fahrmit.be\/?page_id=7372"},"modified":"2026-02-17T12:42:48","modified_gmt":"2026-02-17T12:42:48","slug":"bus","status":"publish","type":"page","link":"https:\/\/fahrmit.be\/fr\/solutions-de-mobilite\/bus-train\/bus\/","title":{"rendered":"Bus"},"content":{"rendered":"<div class=\"wpb-content-wrapper\"><p>[vc_row css=\u00a0\u00bb.vc_custom_1534926013186{margin-top: 50px !important;}\u00a0\u00bb][vc_column][vc_column_text css=\u00a0\u00bb\u00a0\u00bb]Il existe <strong>trois soci\u00e9t\u00e9s de transport public<\/strong> en Belgique :<\/p>\n<ul>\n<li><strong>De Lijn <\/strong>pour la r\u00e9gion flamande<\/li>\n<li><strong>STIB<\/strong> pour la r\u00e9gion de Bruxelles<\/li>\n<li><strong>TEC<\/strong> pour la R\u00e9gion wallonne<\/li>\n<\/ul>\n<p>La Communaut\u00e9 germanophone (communes de Eupen, Lontzen, Kelmis, Raeren, Sankt Vith, Burg-Reuland, Amel, B\u00fctgenbach et B\u00fcllingen) et le territoire du GAL Fagnes Haute Ambl\u00e8ve (communes de Waimes, Malmedy, Stavelot et Stoumont) se trouvent en R\u00e9gion wallonne, dans le Bassin Li\u00e8ge-Verviers du TEC.<\/p>\n<p><strong>Il y a 4 fa\u00e7ons d&rsquo;acheter des tickets :<\/strong><\/p>\n<ul>\n<li>Avec und <strong>carte MOBIB personnelle<\/strong>\u00a0est enti\u00e8rement personnalis\u00e9e. Comme vos nom, pr\u00e9nom, date de naissance et photo figurent sur la carte, personne d\u2019autre ne peut l\u2019utiliser. Vous pouvez y charger des tickets et des abonnements. Bon \u00e0 savoir\u00a0: vous pouvez aussi valider cette carte pour d\u2019autres personnes, \u00e0 condition de voyager avec elles.<\/li>\n<li>Avec une <strong>carte MOBIB basic\u00a0<\/strong>est une carte rechargeable et anonyme sur laquelle vous pouvez uniquement charger des tickets. L\u2019avantage\u00a0? Vous pouvez pr\u00eater la carte. Elle est donc id\u00e9ale pour une sortie avec votre mouvement de jeunesse, un team building d\u2019entreprise ou si vous avez des amis en visite.<\/li>\n<li>En t\u00e9l\u00e9chargeant l&rsquo;App TEC sur sur l&rsquo;Apple Store ou Google Play; elle <strong>permet d&rsquo;acheter et de valider des tickets (uniques, multi ou abonnements) directement depuis son smartphone<\/strong> afin de voyager imm\u00e9diatement.<\/li>\n<li>Avec un ticket aller simple <strong>en format papier<\/strong>; formules possibles : 1 jour, 3 jours ou plusieurs trajets. Ils s&rsquo;ach\u00e8tent dans les espaces TEC, aupr\u00e8s du chauffeur de bus (pas de paiement par carte bancaire et billets de max. 10 euros) et les machines \u00e0 certains arr\u00eats de bus.<\/li>\n<\/ul>\n<p>[\/vc_column_text][\/vc_column][\/vc_row][vc_row css=\u00a0\u00bb.vc_custom_1534926013186{margin-top: 50px !important;}\u00a0\u00bb][vc_column][vc_column_text][\/vc_column_text][vc_separator][\/vc_column][\/vc_row][vc_row css=\u00a0\u00bb.vc_custom_1534926013186{margin-top: 50px !important;}\u00a0\u00bb][vc_column][vc_column_text css=\u00a0\u00bb\u00a0\u00bb]<\/p>\n<h2>Quel titre de transport choisir ?<\/h2>\n<p>Selon la fr\u00e9quence o\u00f9 vous prenez le bus et la\/les distance(s) que vous parcourez, le titre de transport ne sera pas le m\u00eame.<\/p>\n<p>Les enfants de &#8211; de 6 ans voyagent gratuitement sans devoir pr\u00e9senter de titre de voyage.<br \/>\nLes enfants de 6 \u00e0 11 ans voyagent gratuitement, mais doivent \u00eatre en possession d&rsquo;un abonnement gratuit command\u00e9 au TEC.<br \/>\nLes enfants de 12 \u00e0 17 ans doivent pr\u00e9senter un abonnement payant valide et une carte mobib<br \/>\nLes jeunes de 18 \u00e0 24 ans, les 65+, les personnes ayant le statut BIM et les personnes \u00e0 mobilit\u00e9 r\u00e9duite peuvent sous certaines conditions b\u00e9n\u00e9ficier de r\u00e9ductions sur les tarifs du TEC.<\/p>\n<p>-&gt; D\u00e9couvrez toutes les infos sur le site www.letec.be[\/vc_column_text][\/vc_column][\/vc_row][vc_row css=\u00a0\u00bb.vc_custom_1534926013186{margin-top: 50px !important;}\u00a0\u00bb][vc_column][vc_column_text][\/vc_column_text][vc_separator][\/vc_column][\/vc_row][vc_row css=\u00a0\u00bb.vc_custom_1534926013186{margin-top: 50px !important;}\u00a0\u00bb][vc_column][vc_column_text css=\u00a0\u00bb\u00a0\u00bb]<\/p>\n<h2>O\u00f9 peut-on acheter un titre de transport ?<\/h2>\n<p>Les billets et abonnements TEC sont disponibles via les canaux de vente suivants :<\/p>\n<ul>\n<li><a href=\"https:\/\/www.letec.be\/View\/EShop\/300\" target=\"_blank\" rel=\"noopener\"><strong>E-SHOP <\/strong><\/a>: Votre boutique en ligne, disponible sur PC, tablette et smartphone<\/li>\n<li><a href=\"https:\/\/www.letec.be\/View\/Die_TEC-App\/1119\" target=\"_blank\" rel=\"noopener\"><strong>TEC-APP<\/strong><\/a> : Vos billets directement sur votre smartphone<\/li>\n<li><a href=\"https:\/\/www.letec.be\/View\/Self\/303\" target=\"_blank\" rel=\"noopener\"><strong>SELF <\/strong><\/a>: 200 distributeurs automatiques r\u00e9partis dans toute la Wallonie<\/li>\n<li><a href=\"https:\/\/www.letec.be\/View\/Easy_pay\/306\" target=\"_blank\" rel=\"noopener\"><strong>EASY PAY<\/strong><\/a> : Renouvelez facilement votre abonnement par virement bancaire<\/li>\n<li><a href=\"https:\/\/www.letec.be\/View\/MOBI-TEC-Verkaufsstellen\/417\" target=\"_blank\" rel=\"noopener\"><strong>Mobi-ESPACES TEC<\/strong><\/a>: Pas besoin de vous d\u00e9placer dans un ESPACE TEC.\u00a0<em>Votre mobi-ESPACE TEC itin\u00e9rant se d\u00e9place tout pr\u00e8s de chez vous<\/em>\u00a0(march\u00e9 local, \u00e9coles, place communale&#8230;).<\/li>\n<li><a href=\"https:\/\/www.letec.be\/View\/Points_TEC\/312\" target=\"_blank\" rel=\"noopener\"><strong>POINTS TEC<\/strong><\/a>: Plus de 1000 points de vente pr\u00e8s de chez vous (librairies, petits supermarch\u00e9s&#8230;).<\/li>\n<li><a href=\"https:\/\/www.letec.be\/View\/TEC-Verkaufsstellen\/309\" target=\"_blank\" rel=\"noopener\"><strong>ESPACES TEC <\/strong><\/a>: des conseillers en mobilit\u00e9 vous informent : achat, service apr\u00e8s-vente, itin\u00e9raires, num\u00e9ros de lignes<\/li>\n<\/ul>\n<p><strong>-&gt; Eupen : <\/strong>Aachener Str. 24 g &#8211; 4700 Eupen (gare routi\u00e8re);\u00a0Heures d&rsquo;ouverture : du lundi au vendredi de 8h45 \u00e0 11h00 (sujet \u00e0 changement, v\u00e9rifiez avant de vous y rendre).<\/p>\n<p><strong>-&gt; Verviers : <\/strong>Place Verte, 33 &#8211; 4800 Verviers. Heures d&rsquo;ouverture : du lundi au vendredi, de 8h30 \u00e0 17h00 (sujet \u00e0 changement, v\u00e9rifiez avant de vous y rendre).<\/p>\n<p>Pour toute info compl\u00e9mentaire : www.letec.be<\/p>\n<p>Voyager sans souci:<br \/>\nPensez \u00e0 acheter votre titre de transport \u00e0 l&rsquo;avance. Vous b\u00e9n\u00e9ficierez ainsi de tarifs plus avantageux qu&rsquo;\u00e0 bord des v\u00e9hicules.<br \/>\nEt pour \u00e9viter tout d\u00e9sagr\u00e9ment pendant le trajet, validez votre titre de transport \u00e0 chaque mont\u00e9e et \u00e0 chaque correspondance.[\/vc_column_text][\/vc_column][\/vc_row][vc_row bg_type=\u00a0\u00bbimage\u00a0\u00bb parallax_style=\u00a0\u00bbvcpb-default\u00a0\u00bb bg_image_new=\u00a0\u00bbid^1031|url^https:\/\/fahrmit.be\/wp-content\/uploads\/2018\/08\/Fahrmit-banner-footer.jpg|caption^null|alt^null|title^Fahrmit-banner-footer|description^null\u00a0\u00bb css=\u00a0\u00bb.vc_custom_1681298659400{margin-top: 50px !important;border-radius: 2px !important;}\u00a0\u00bb][vc_column][vc_column_text css=\u00a0\u00bb.vc_custom_1759921900511{margin-top: 20px !important;margin-right: 20px !important;margin-bottom: 20px !important;margin-left: 20px !important;border-radius: 1px !important;}\u00a0\u00bb]<\/p>\n<h2><span style=\"color: #ffffff;\">Le saviez-vous ?<\/span><\/h2>\n<p><span style=\"color: #ffffff;\">Jusqu&rsquo;\u00e0 l&rsquo;\u00e2ge de 6 ans, les trajets en bus sont <strong>gratuits<\/strong> pour les <strong>enfants<\/strong> dans toute la zone desservie par le TEC.<\/span><\/p>\n<p><span style=\"color: #ffffff;\">Cela vaut \u00e9galement pour les enfants \u00e2g\u00e9s de 6 \u00e0 11 ans, \u00e0 condition qu&rsquo;ils aient charg\u00e9 un abonnement gratuit sur leur carte MOBIB nominative (co\u00fbt : 5 \u20ac pour 5 ans).<\/span>[\/vc_column_text][\/vc_column][\/vc_row][vc_row css=\u00a0\u00bb.vc_custom_1534926004417{margin-top: 50px !important;}\u00a0\u00bb][vc_column][vc_separator][\/vc_column][\/vc_row][vc_row][vc_column][vc_accordion active_tab=\u00a0\u00bbfalse\u00a0\u00bb collapsible=\u00a0\u00bbyes\u00a0\u00bb title_size=\u00a0\u00bbh3&Prime; style=\u00a0\u00bb2&Prime;][vc_accordion_tab title=\u00a0\u00bbLignes TEC sur le territoire du Groupe d\u2019Action Locale (GAL) Fagnes Haute Ambl\u00e8ve : communes de Waimes, Malmedy, Stavelot et Stoumont\u00a0\u00bb][vc_column_text css=\u00a0\u00bb\u00a0\u00bb]<div id=\"footable_parent_7744\"\n         class=\" footable_parent ninja_table_wrapper loading_ninja_table wp_table_data_press_parent bootstrap3 \">\n                <table data-ninja_table_instance=\"ninja_table_instance_0\" data-footable_id=\"7744\" data-filter-delay=\"1000\" aria-label=\"Bus TEC Weismes und co FR\"            id=\"footable_7744\"\n           data-unique_identifier=\"ninja_table_unique_id_150151266_7744\"\n           class=\" foo-table ninja_footable foo_table_7744 ninja_table_unique_id_150151266_7744 table  ninja_search_right nt_type_ajax_table table-striped table-bordered table-hover table-condensed vertical_centered  footable-paging-right ninja_table_search_disabled\">\n                <colgroup>\n                            <col class=\"ninja_column_0 \">\n                            <col class=\"ninja_column_1 \">\n                            <col class=\"ninja_column_2 \">\n                    <\/colgroup>\n            <\/table>\n    \n    \n    \n<\/div>\n[\/vc_column_text][\/vc_accordion_tab][vc_accordion_tab title=\u00a0\u00bbLignes TEC du nord de la Communaut\u00e9 germanophone, sur le territoire du GAL Entre Vesdre et Gueule : communes d&rsquo;Eupen, Lontzen, Kelmis et Raeren\u00a0\u00bb][vc_column_text css=\u00a0\u00bb\u00a0\u00bb]<div id=\"footable_parent_7746\"\n         class=\" footable_parent ninja_table_wrapper loading_ninja_table wp_table_data_press_parent bootstrap3 \">\n                <table data-ninja_table_instance=\"ninja_table_instance_1\" data-footable_id=\"7746\" data-filter-delay=\"1000\" aria-label=\"Bus TEC Norden Tabelle. FR\"            id=\"footable_7746\"\n           data-unique_identifier=\"ninja_table_unique_id_1000660866_7746\"\n           class=\" foo-table ninja_footable foo_table_7746 ninja_table_unique_id_1000660866_7746 table  ninja_search_right nt_type_ajax_table table-striped table-bordered table-hover table-condensed vertical_centered  footable-paging-right ninja_table_search_disabled\">\n                <colgroup>\n                            <col class=\"ninja_column_0 \">\n                            <col class=\"ninja_column_1 \">\n                            <col class=\"ninja_column_2 \">\n                    <\/colgroup>\n            <\/table>\n    \n    \n    \n<\/div>\n[\/vc_column_text][\/vc_accordion_tab][vc_accordion_tab title=\u00a0\u00bbLignes TEC du sud de la Communaut\u00e9 germanophone, sur le territoire du GAL 100 Villages &#8211; 1 Avenir : communes de Sankt Vith, Burg-Reuland, Amel, B\u00fctgenbach et B\u00fcllingen (Eifel belge)\u00a0\u00bb][vc_column_text css=\u00a0\u00bb\u00a0\u00bb]<div id=\"footable_parent_7748\"\n         class=\" footable_parent ninja_table_wrapper loading_ninja_table wp_table_data_press_parent bootstrap3 \">\n                <table data-ninja_table_instance=\"ninja_table_instance_2\" data-footable_id=\"7748\" data-filter-delay=\"1000\" aria-label=\"Bus TEC S\u00fcden Tabelle FR\"            id=\"footable_7748\"\n           data-unique_identifier=\"ninja_table_unique_id_3226763822_7748\"\n           class=\" foo-table ninja_footable foo_table_7748 ninja_table_unique_id_3226763822_7748 table  ninja_search_right nt_type_ajax_table table-striped table-bordered table-hover table-condensed vertical_centered  footable-paging-right ninja_table_search_disabled\">\n                <colgroup>\n                            <col class=\"ninja_column_0 \">\n                            <col class=\"ninja_column_1 \">\n                            <col class=\"ninja_column_2 \">\n                    <\/colgroup>\n            <\/table>\n    \n    \n    \n<\/div>\n<p>[\/vc_column_text][\/vc_accordion_tab][\/vc_accordion][\/vc_column][\/vc_row][vc_row css=\u00a0\u00bb.vc_custom_1534926004417{margin-top: 50px !important;}\u00a0\u00bb][vc_column][vc_separator][\/vc_column][\/vc_row][vc_row css=\u00a0\u00bb.vc_custom_1534926013186{margin-top: 50px !important;}\u00a0\u00bb][vc_column][vc_column_text css=\u00a0\u00bb\u00a0\u00bb]<\/p>\n<h3>Cars de tourisme<\/h3>\n<p style=\"margin: 0cm; margin-bottom: .0001pt; line-height: 15.0pt;\">Des autocaristes de la r\u00e9gion proposent \u00e9galement des excursions d&rsquo;un jour et des voyages de plusieurs jours, en groupe, vers diff\u00e9rentes destinations baln\u00e9aires ou culturelles. Certains proposent \u00e9galement des trajets en car pour aller assister \u00e0 un spectacle ou \u00e0 un concert.<br \/>\nCertains circuits sont guid\u00e9s, les repas sont compris en tout ou en partie (demi-pension, pension compl\u00e8te ou logement et petit d\u00e9jeuner)<\/p>\n<p>Il est \u00e9galement possible de r\u00e9server un car pour votre association ou pour votre groupe, p. ex pour une excursion annuelle des 60+ ou un voyage scolaire \u00e0 la mer, un d\u00e9placement vers un \u00e9v\u00e9nement sp\u00e9cial comme l&rsquo;Oktoberfest, un match de football ou une excursion \u00e0 Paris.<\/p>\n<p style=\"margin: 0cm; margin-bottom: .0001pt; line-height: 15.0pt;\">Voici o\u00f9 vous adresser :<\/p>\n<p>&nbsp;<\/p>\n<h3>NORD de la Communaut\u00e9 germanophone<\/h3>\n<div id=\"footable_parent_1245\"\n         class=\" footable_parent ninja_table_wrapper loading_ninja_table wp_table_data_press_parent bootstrap3 \">\n                <table data-ninja_table_instance=\"ninja_table_instance_3\" data-footable_id=\"1245\" data-filter-delay=\"1000\" aria-label=\"Busunternehmen Norden\"            id=\"footable_1245\"\n           data-unique_identifier=\"ninja_table_unique_id_3592361343_1245\"\n           class=\" foo-table ninja_footable foo_table_1245 ninja_table_unique_id_3592361343_1245 table  nt_type_ajax_table table-striped table-bordered table-hover vertical_centered  footable-paging-right ninja_table_search_disabled\">\n                <colgroup>\n                            <col class=\"ninja_column_0 \">\n                            <col class=\"ninja_column_1 \">\n                            <col class=\"ninja_column_2 \">\n                            <col class=\"ninja_column_3 \">\n                    <\/colgroup>\n            <\/table>\n    \n    \n    \n<\/div>\n\n<h3>SUD de la Communaut\u00e9 germanophone<\/h3>\n<h3><div id=\"footable_parent_1212\"\n         class=\" footable_parent ninja_table_wrapper loading_ninja_table wp_table_data_press_parent bootstrap3 \">\n                <table data-ninja_table_instance=\"ninja_table_instance_4\" data-footable_id=\"1212\" data-filter-delay=\"1000\" aria-label=\"Busunternehmen Eifel\"            id=\"footable_1212\"\n           data-unique_identifier=\"ninja_table_unique_id_2944429726_1212\"\n           class=\" foo-table ninja_footable foo_table_1212 ninja_table_unique_id_2944429726_1212 table  nt_type_ajax_table table-striped table-bordered table-hover vertical_centered  footable-paging-right ninja_table_search_disabled\">\n                <colgroup>\n                            <col class=\"ninja_column_0 \">\n                            <col class=\"ninja_column_1 \">\n                            <col class=\"ninja_column_2 \">\n                            <col class=\"ninja_column_3 \">\n                    <\/colgroup>\n            <\/table>\n    \n    \n    \n<\/div>\n<\/h3>\n<p><strong>Territoire du GAL Fagnes Haute Ambl\u00e8ve (communes de Waimes, Malmedy, Stavelot et Stoumont)<\/strong><\/p>\n<p>[\/vc_column_text][\/vc_column][\/vc_row][vc_section][vc_row full_width=\u00a0\u00bbstretch_row\u00a0\u00bb css=\u00a0\u00bb.vc_custom_1533106395501{margin-top: 50px !important;}\u00a0\u00bb][vc_column width=\u00a0\u00bb1\/5&Prime; css=\u00a0\u00bb.vc_custom_1537790135452{padding-top: 50px !important;}\u00a0\u00bb][\/vc_column][vc_column width=\u00a0\u00bb3\/5&Prime;]<div class=\"dt-fancy-separator h3-size accent-title-color accent-border-color\" style=\"width: 100%;\"><div class=\"dt-fancy-title\"><span class=\"separator-holder separator-left\"><\/span>Avec le soutien de<span class=\"separator-holder separator-right\"><\/span><\/div><\/div>[\/vc_column][vc_column width=\u00a0\u00bb1\/5&Prime;][\/vc_column][\/vc_row][vc_row css=\u00a0\u00bb.vc_custom_1532951531627{margin-top: 50px !important;}\u00a0\u00bb][vc_column][vc_row_inner css=\u00a0\u00bb.vc_custom_1739263838297{margin-bottom: 30px !important;}\u00a0\u00bb][vc_column_inner width=\u00a0\u00bb1\/5&Prime;][vc_single_image image=\u00a0\u00bb7266&Prime; img_size=\u00a0\u00bbfull\u00a0\u00bb onclick=\u00a0\u00bbcustom_link\u00a0\u00bb img_link_target=\u00a0\u00bb_blank\u00a0\u00bb css=\u00a0\u00bb\u00a0\u00bb link=\u00a0\u00bbhttps:\/\/leader-ostbelgien.be\/lag-100-doerfer-1-zukunft\/\u00a0\u00bb][\/vc_column_inner][vc_column_inner width=\u00a0\u00bb1\/5&Prime;][vc_single_image image=\u00a0\u00bb7267&Prime; img_size=\u00a0\u00bbfull\u00a0\u00bb onclick=\u00a0\u00bbcustom_link\u00a0\u00bb img_link_target=\u00a0\u00bb_blank\u00a0\u00bb css=\u00a0\u00bb\u00a0\u00bb link=\u00a0\u00bbhttps:\/\/leader-ostbelgien.be\/lag-zwischen-weser-und-goehl\/\u00a0\u00bb][\/vc_column_inner][vc_column_inner width=\u00a0\u00bb1\/5&Prime;][vc_single_image image=\u00a0\u00bb7268&Prime; img_size=\u00a0\u00bbfull\u00a0\u00bb onclick=\u00a0\u00bbcustom_link\u00a0\u00bb img_link_target=\u00a0\u00bb_blank\u00a0\u00bb css=\u00a0\u00bb\u00a0\u00bb link=\u00a0\u00bbhttps:\/\/www.gal-fagnes-hauteambleve.be\/\u00a0\u00bb][\/vc_column_inner][vc_column_inner width=\u00a0\u00bb1\/5&Prime;][vc_single_image image=\u00a0\u00bb7269&Prime; img_size=\u00a0\u00bbfull\u00a0\u00bb css=\u00a0\u00bb\u00a0\u00bb][\/vc_column_inner][vc_column_inner width=\u00a0\u00bb1\/5&Prime;][vc_single_image image=\u00a0\u00bb7270&Prime; img_size=\u00a0\u00bbfull\u00a0\u00bb onclick=\u00a0\u00bbcustom_link\u00a0\u00bb img_link_target=\u00a0\u00bb_blank\u00a0\u00bb css=\u00a0\u00bb\u00a0\u00bb link=\u00a0\u00bbhttps:\/\/www.wallonie.be\/fr\u00a0\u00bb][\/vc_column_inner][\/vc_row_inner][vc_row_inner content_placement=\u00a0\u00bbmiddle\u00a0\u00bb css=\u00a0\u00bb.vc_custom_1739439137431{margin-bottom: 30px !important;}\u00a0\u00bb][vc_column_inner width=\u00a0\u00bb1\/5&Prime;][vc_single_image image=\u00a0\u00bb7271&Prime; img_size=\u00a0\u00bbfull\u00a0\u00bb onclick=\u00a0\u00bbcustom_link\u00a0\u00bb img_link_target=\u00a0\u00bb_blank\u00a0\u00bb css=\u00a0\u00bb\u00a0\u00bb link=\u00a0\u00bbhttps:\/\/miteinander.be\/\u00a0\u00bb][\/vc_column_inner][vc_column_inner width=\u00a0\u00bb1\/5&Prime;][vc_single_image image=\u00a0\u00bb7272&Prime; img_size=\u00a0\u00bbfull\u00a0\u00bb onclick=\u00a0\u00bbcustom_link\u00a0\u00bb img_link_target=\u00a0\u00bb_blank\u00a0\u00bb css=\u00a0\u00bb\u00a0\u00bb link=\u00a0\u00bbhttps:\/\/buergerfonds.be\/\u00a0\u00bb][\/vc_column_inner][vc_column_inner width=\u00a0\u00bb1\/5&Prime;][vc_single_image image=\u00a0\u00bb7273&Prime; img_size=\u00a0\u00bbfull\u00a0\u00bb onclick=\u00a0\u00bbcustom_link\u00a0\u00bb img_link_target=\u00a0\u00bb_blank\u00a0\u00bb css=\u00a0\u00bb\u00a0\u00bb link=\u00a0\u00bbhttps:\/\/clm-ostbelgien.be\/de\/\u00a0\u00bb][\/vc_column_inner][vc_column_inner width=\u00a0\u00bb1\/5&Prime;][vc_single_image image=\u00a0\u00bb7274&Prime; img_size=\u00a0\u00bbfull\u00a0\u00bb onclick=\u00a0\u00bbcustom_link\u00a0\u00bb img_link_target=\u00a0\u00bb_blank\u00a0\u00bb css=\u00a0\u00bb\u00a0\u00bb link=\u00a0\u00bbhttps:\/\/ostbelgienlive.be\/\u00a0\u00bb][\/vc_column_inner][vc_column_inner width=\u00a0\u00bb1\/5&Prime;][vc_column_text css=\u00a0\u00bb\u00a0\u00bb]<\/p>\n<p style=\"text-align: center;\"><strong>Avec le soutien des communes<\/strong><\/p>\n<p>[\/vc_column_text][\/vc_column_inner][\/vc_row_inner][\/vc_column][\/vc_row][\/vc_section]<\/p>\n<\/div>","protected":false},"excerpt":{"rendered":"<p>[vc_row css=\u00a0\u00bb.vc_custom_1534926013186{margin-top: 50px !important;}\u00a0\u00bb][vc_column][vc_column_text css=\u00a0\u00bb\u00a0\u00bb]Il existe trois soci\u00e9t\u00e9s de transport public en Belgique : De Lijn pour la r\u00e9gion flamande STIB pour la r\u00e9gion de Bruxelles TEC pour la R\u00e9gion wallonne La Communaut\u00e9 germanophone (communes de Eupen, Lontzen, Kelmis, Raeren, Sankt Vith, Burg-Reuland, Amel, B\u00fctgenbach et B\u00fcllingen) et le territoire du GAL Fagnes Haute Ambl\u00e8ve&hellip;<\/p>\n","protected":false},"author":3,"featured_media":0,"parent":7369,"menu_order":0,"comment_status":"closed","ping_status":"closed","template":"","meta":{"_monsterinsights_skip_tracking":false,"_monsterinsights_sitenote_active":false,"_monsterinsights_sitenote_note":"","_monsterinsights_sitenote_category":0,"footnotes":""},"class_list":["post-7372","page","type-page","status-publish","hentry","description-off"],"_links":{"self":[{"href":"https:\/\/fahrmit.be\/fr\/wp-json\/wp\/v2\/pages\/7372","targetHints":{"allow":["GET"]}}],"collection":[{"href":"https:\/\/fahrmit.be\/fr\/wp-json\/wp\/v2\/pages"}],"about":[{"href":"https:\/\/fahrmit.be\/fr\/wp-json\/wp\/v2\/types\/page"}],"author":[{"embeddable":true,"href":"https:\/\/fahrmit.be\/fr\/wp-json\/wp\/v2\/users\/3"}],"replies":[{"embeddable":true,"href":"https:\/\/fahrmit.be\/fr\/wp-json\/wp\/v2\/comments?post=7372"}],"version-history":[{"count":16,"href":"https:\/\/fahrmit.be\/fr\/wp-json\/wp\/v2\/pages\/7372\/revisions"}],"predecessor-version":[{"id":9742,"href":"https:\/\/fahrmit.be\/fr\/wp-json\/wp\/v2\/pages\/7372\/revisions\/9742"}],"up":[{"embeddable":true,"href":"https:\/\/fahrmit.be\/fr\/wp-json\/wp\/v2\/pages\/7369"}],"wp:attachment":[{"href":"https:\/\/fahrmit.be\/fr\/wp-json\/wp\/v2\/media?parent=7372"}],"curies":[{"name":"wp","href":"https:\/\/api.w.org\/{rel}","templated":true}]}}