{"id":7369,"date":"2025-02-18T07:50:14","date_gmt":"2025-02-18T07:50:14","guid":{"rendered":"https:\/\/fahrmit.be\/?page_id=7369"},"modified":"2026-02-17T12:42:28","modified_gmt":"2026-02-17T12:42:28","slug":"bus-train","status":"publish","type":"page","link":"https:\/\/fahrmit.be\/fr\/solutions-de-mobilite\/bus-train\/","title":{"rendered":"Bus &#038; train"},"content":{"rendered":"<div class=\"wpb-content-wrapper\"><p>[vc_section][vc_row css_animation=\u00a0\u00bbfadeIn\u00a0\u00bb][vc_column width=\u00a0\u00bb1\/2&Prime;][vc_single_image image=\u00a0\u00bb7367&Prime; img_size=\u00a0\u00bbfull\u00a0\u00bb onclick=\u00a0\u00bbcustom_link\u00a0\u00bb css=\u00a0\u00bb\u00a0\u00bb link=\u00a0\u00bbhttps:\/\/fahrmit.be\/fr\/solutions-de-mobilite\/bus-train\/bus\/\u00a0\u00bb][\/vc_column][vc_column width=\u00a0\u00bb1\/2&Prime;][vc_single_image image=\u00a0\u00bb7917&Prime; img_size=\u00a0\u00bbfull\u00a0\u00bb onclick=\u00a0\u00bbcustom_link\u00a0\u00bb css=\u00a0\u00bb\u00a0\u00bb link=\u00a0\u00bbhttps:\/\/fahrmit.be\/fr\/solutions-de-mobilite\/bus-train\/train\/\u00a0\u00bb][\/vc_column][\/vc_row][\/vc_section][vc_row][vc_column][vc_column_text css=\u00a0\u00bb\u00a0\u00bb]Voici les principales raisons de prendre le bus et le train en Belgique :<\/p>\n<ul>\n<li><strong>\u00c9conomie et praticit\u00e9 :<\/strong> Les tarifs sont avantageux par rapport \u00e0 l&rsquo;usage d&rsquo;une voiture personnelle (pour rappel, une voiture moyenne co\u00fbte 400 euros par mois), pas de frais de stationnement, \u00eatre d\u00e9pos\u00e9 \u00e0 proximit\u00e9 imm\u00e9diate de son lieu de destination.<\/li>\n<li><strong>Liaison vers les gares ferroviaires :<\/strong> Des lignes de bus permettent de rejoindre les gares de Verviers (bus Express E21), de Trois-Ponts (ligne 745) et d\u2019Eupen (Express E23) pour rejoindre ensuite de nombreuses destinations en train.<\/li>\n<li><strong>S\u00e9curit\u00e9 et confort :<\/strong> Le transport en commun r\u00e9duit le stress li\u00e9 \u00e0 la conduite, permet de se reposer, de se d\u00e9placer en s\u00e9curit\u00e9, d\u2019\u00e9viter les amendes routi\u00e8res et de parking.<\/li>\n<li><strong>Gain de temps et \u00e9vitement du trafic :<\/strong> le bus et le train permettent d&rsquo;\u00e9chapper \u00e0 la congestion des routes, surtout d\u00e8s qu\u2019on doit se rendre dans une ville plus importante.<\/li>\n<li><strong>Facilit\u00e9 de rejoindre les points centraux : <\/strong>les \u00e9coles et les centres-villes.<\/li>\n<li><strong>Lien social<\/strong> : avoir des interactions avec d&rsquo;autres personnes pendant ses trajets.<\/li>\n<li><strong>Engagement \u00e9cologique :<\/strong> Le bus et le train \u00e9mettent moins de CO2 \/ pers. que la voiture.<\/li>\n<\/ul>\n<p>[\/vc_column_text][\/vc_column][\/vc_row]<\/p>\n<\/div>","protected":false},"excerpt":{"rendered":"<p>[vc_section][vc_row css_animation=\u00a0\u00bbfadeIn\u00a0\u00bb][vc_column width=\u00a0\u00bb1\/2&Prime;][vc_single_image image=\u00a0\u00bb7367&Prime; img_size=\u00a0\u00bbfull\u00a0\u00bb onclick=\u00a0\u00bbcustom_link\u00a0\u00bb css=\u00a0\u00bb\u00a0\u00bb link=\u00a0\u00bbhttps:\/\/fahrmit.be\/fr\/solutions-de-mobilite\/bus-train\/bus\/\u00a0\u00bb][\/vc_column][vc_column width=\u00a0\u00bb1\/2&Prime;][vc_single_image image=\u00a0\u00bb7917&Prime; img_size=\u00a0\u00bbfull\u00a0\u00bb onclick=\u00a0\u00bbcustom_link\u00a0\u00bb css=\u00a0\u00bb\u00a0\u00bb link=\u00a0\u00bbhttps:\/\/fahrmit.be\/fr\/solutions-de-mobilite\/bus-train\/train\/\u00a0\u00bb][\/vc_column][\/vc_row][\/vc_section][vc_row][vc_column][vc_column_text css=\u00a0\u00bb\u00a0\u00bb]Voici les principales raisons de prendre le bus et le train en Belgique : \u00c9conomie et praticit\u00e9 : Les tarifs sont avantageux par rapport \u00e0 l&rsquo;usage d&rsquo;une voiture personnelle (pour rappel, une voiture moyenne co\u00fbte 400 euros par mois), pas de&hellip;<\/p>\n","protected":false},"author":3,"featured_media":0,"parent":7431,"menu_order":0,"comment_status":"closed","ping_status":"closed","template":"","meta":{"_monsterinsights_skip_tracking":false,"_monsterinsights_sitenote_active":false,"_monsterinsights_sitenote_note":"","_monsterinsights_sitenote_category":0,"footnotes":""},"class_list":["post-7369","page","type-page","status-publish","hentry","description-off"],"_links":{"self":[{"href":"https:\/\/fahrmit.be\/fr\/wp-json\/wp\/v2\/pages\/7369","targetHints":{"allow":["GET"]}}],"collection":[{"href":"https:\/\/fahrmit.be\/fr\/wp-json\/wp\/v2\/pages"}],"about":[{"href":"https:\/\/fahrmit.be\/fr\/wp-json\/wp\/v2\/types\/page"}],"author":[{"embeddable":true,"href":"https:\/\/fahrmit.be\/fr\/wp-json\/wp\/v2\/users\/3"}],"replies":[{"embeddable":true,"href":"https:\/\/fahrmit.be\/fr\/wp-json\/wp\/v2\/comments?post=7369"}],"version-history":[{"count":6,"href":"https:\/\/fahrmit.be\/fr\/wp-json\/wp\/v2\/pages\/7369\/revisions"}],"predecessor-version":[{"id":9728,"href":"https:\/\/fahrmit.be\/fr\/wp-json\/wp\/v2\/pages\/7369\/revisions\/9728"}],"up":[{"embeddable":true,"href":"https:\/\/fahrmit.be\/fr\/wp-json\/wp\/v2\/pages\/7431"}],"wp:attachment":[{"href":"https:\/\/fahrmit.be\/fr\/wp-json\/wp\/v2\/media?parent=7369"}],"curies":[{"name":"wp","href":"https:\/\/api.w.org\/{rel}","templated":true}]}}