{"id":7304,"date":"2022-05-11T12:05:07","date_gmt":"2022-05-11T12:05:07","guid":{"rendered":"https:\/\/fahrmit.be\/?page_id=7304"},"modified":"2025-10-06T12:09:28","modified_gmt":"2025-10-06T12:09:28","slug":"le-velo-pendant-les-loisirs","status":"publish","type":"page","link":"https:\/\/fahrmit.be\/fr\/solutions-de-mobilite\/velo\/le-velo-pendant-les-loisirs\/","title":{"rendered":"Le v\u00e9lo pendant les loisirs"},"content":{"rendered":"<div class=\"wpb-content-wrapper\"><p>[vc_row][vc_column][vc_empty_space][\/vc_column][\/vc_row][vc_row][vc_column][vc_column_text css=\u00a0\u00bb\u00a0\u00bb]En mati\u00e8re de voies RAVeL, l&rsquo;Est de la Belgique est tr\u00e8s bien \u00e9quip\u00e9. Celles-ci sont certes souvent utilis\u00e9es \u00e0 des fins touristiques, mais elles sont \u00e9galement de plus en plus emprunt\u00e9es pour les trajets quotidiens \u00e0 v\u00e9lo.<\/p>\n<h3>Que signifie RAVeL ?<\/h3>\n<p>RAVeL est l&rsquo;acronyme de \u00ab R\u00e9seau autonome de voies lentes \u00bb. Ce terme d\u00e9signe un programme de la R\u00e9gion wallonne visant \u00e0 transformer les chemins de halage, les voies ferr\u00e9es d\u00e9saffect\u00e9es et autres voies interdites \u00e0 la circulation automobile en r\u00e9seau de sentiers p\u00e9destres, \u00e9questres et cyclables.[\/vc_column_text][vc_empty_space][vc_separator][vc_empty_space][vc_column_text css=\u00a0\u00bb\u00a0\u00bb]<\/p>\n<h3>La \u00ab Vennbahn \u00bb \u2013 une piste cyclable qui traverse les fronti\u00e8res<\/h3>\n<p>P\u00e9daler sans souci = loin de la circulation, presque \u00e0 plat (pente moyenne de 2 %) et au c\u0153ur d&rsquo;une nature magnifique, les itin\u00e9raires RAVeL sont un plaisir pour tous les amateurs de v\u00e9lo.<br \/>\nD\u00e9couvrez le RAVeL \u00ab Vennbahn \u00bb, l&rsquo;une des plus longues pistes cyclables sur voie ferr\u00e9e d\u00e9saffect\u00e9e d&rsquo;Europe, impr\u00e9gnez-vous de l&rsquo;atmosph\u00e8re frontali\u00e8re et laissez-vous envo\u00fbter par la diversit\u00e9 des paysages de l&rsquo;Est de la Belgique.<\/p>\n<p>&nbsp;<\/p>\n<p>Pour plus d&rsquo;informations, rendez-vous sur : <a href=\"http:\/\/www.vennbahn.eu\/\">www.vennbahn.eu\/<\/a><\/p>\n<p>[\/vc_column_text][vc_empty_space][vc_separator][vc_empty_space][vc_column_text css=\u00a0\u00bb\u00a0\u00bb]<\/p>\n<h3>R\u00e9seau cyclable VeloTour Hautes Fagnes-Eifel<\/h3>\n<p>Mais le cyclotourisme dans les Cantons de l&rsquo;Est est tr\u00e8s vari\u00e9 et ne se limite pas aux itin\u00e9raires RAVeL. Que vous pr\u00e9f\u00e9riez les parcours plats, vallonn\u00e9s ou sportifs, avec ou sans assistance \u00e9lectrique, en VTT ou en v\u00e9lo de course, toutes vos id\u00e9es d&rsquo;itin\u00e9raires peuvent \u00eatre facilement r\u00e9alis\u00e9es. Cela est rendu possible gr\u00e2ce \u00e0 un r\u00e9seau de 1 300 km de pistes cyclables organis\u00e9es selon un syst\u00e8me de points-n\u0153uds et aux nombreux itin\u00e9raires VTT, notamment le <strong>Stoneman Arduenna<\/strong> (176 km et 3 250 m\u00e8tres de d\u00e9nivel\u00e9 pour une exp\u00e9rience VTT pure).<\/p>\n<p>Dans l&rsquo;ensemble, une excellente infrastructure qui comble tous les souhaits. Des itin\u00e9raires th\u00e9matiques vari\u00e9s vous facilitent la recherche d&rsquo;excursions et constituent un point de d\u00e9part id\u00e9al.<\/p>\n<p>Vous pouvez facilement cr\u00e9er votre circuit id\u00e9al \u00e0 l&rsquo;aide du planificateur d&rsquo;itin\u00e9raires cyclables : <a href=\"https:\/\/www.ostbelgien.eu\/de\/fahrrad\/radroutenplaner\">https:\/\/www.ostbelgien.eu\/de\/fahrrad\/radroutenplaner<\/a><\/p>\n<p>&nbsp;<\/p>\n<p><em>Vous trouverez toutes les informations sous : <\/em><a href=\"https:\/\/www.ostbelgien.eu\/de\/fahrrad\"><em>https:\/\/www.ostbelgien.eu\/de\/fahrrad<\/em><\/a><\/p>\n<p>[\/vc_column_text][\/vc_column][\/vc_row][vc_row css=\u00a0\u00bb.vc_custom_1538381296199{padding-top: 40px !important;}\u00a0\u00bb][vc_column][vc_separator][\/vc_column][\/vc_row][vc_section][vc_row full_width=\u00a0\u00bbstretch_row\u00a0\u00bb css=\u00a0\u00bb.vc_custom_1533106395501{margin-top: 50px !important;}\u00a0\u00bb][vc_column width=\u00a0\u00bb1\/5&Prime; css=\u00a0\u00bb.vc_custom_1537790135452{padding-top: 50px !important;}\u00a0\u00bb][\/vc_column][vc_column width=\u00a0\u00bb3\/5&Prime;]<div class=\"dt-fancy-separator h3-size accent-title-color accent-border-color\" style=\"width: 100%;\"><div class=\"dt-fancy-title\"><span class=\"separator-holder separator-left\"><\/span>Avec l&#039;aimable soutien de<span class=\"separator-holder separator-right\"><\/span><\/div><\/div>[\/vc_column][vc_column width=\u00a0\u00bb1\/5&Prime;][\/vc_column][\/vc_row][vc_row css=\u00a0\u00bb.vc_custom_1532951531627{margin-top: 50px !important;}\u00a0\u00bb][vc_column][vc_row_inner css=\u00a0\u00bb.vc_custom_1739263838297{margin-bottom: 30px !important;}\u00a0\u00bb][vc_column_inner width=\u00a0\u00bb1\/5&Prime;][vc_single_image image=\u00a0\u00bb7266&Prime; img_size=\u00a0\u00bbfull\u00a0\u00bb onclick=\u00a0\u00bbcustom_link\u00a0\u00bb img_link_target=\u00a0\u00bb_blank\u00a0\u00bb css=\u00a0\u00bb\u00a0\u00bb link=\u00a0\u00bbhttps:\/\/leader-ostbelgien.be\/lag-100-doerfer-1-zukunft\/\u00a0\u00bb][\/vc_column_inner][vc_column_inner width=\u00a0\u00bb1\/5&Prime;][vc_single_image image=\u00a0\u00bb7267&Prime; img_size=\u00a0\u00bbfull\u00a0\u00bb onclick=\u00a0\u00bbcustom_link\u00a0\u00bb img_link_target=\u00a0\u00bb_blank\u00a0\u00bb css=\u00a0\u00bb\u00a0\u00bb link=\u00a0\u00bbhttps:\/\/leader-ostbelgien.be\/lag-zwischen-weser-und-goehl\/\u00a0\u00bb][\/vc_column_inner][vc_column_inner width=\u00a0\u00bb1\/5&Prime;][vc_single_image image=\u00a0\u00bb7268&Prime; img_size=\u00a0\u00bbfull\u00a0\u00bb onclick=\u00a0\u00bbcustom_link\u00a0\u00bb img_link_target=\u00a0\u00bb_blank\u00a0\u00bb css=\u00a0\u00bb\u00a0\u00bb link=\u00a0\u00bbhttps:\/\/www.gal-fagnes-hauteambleve.be\/\u00a0\u00bb][\/vc_column_inner][vc_column_inner width=\u00a0\u00bb1\/5&Prime;][vc_single_image image=\u00a0\u00bb7269&Prime; img_size=\u00a0\u00bbfull\u00a0\u00bb css=\u00a0\u00bb\u00a0\u00bb][\/vc_column_inner][vc_column_inner width=\u00a0\u00bb1\/5&Prime;][vc_single_image image=\u00a0\u00bb7270&Prime; img_size=\u00a0\u00bbfull\u00a0\u00bb onclick=\u00a0\u00bbcustom_link\u00a0\u00bb img_link_target=\u00a0\u00bb_blank\u00a0\u00bb css=\u00a0\u00bb\u00a0\u00bb link=\u00a0\u00bbhttps:\/\/www.wallonie.be\/fr\u00a0\u00bb][\/vc_column_inner][\/vc_row_inner][vc_row_inner content_placement=\u00a0\u00bbmiddle\u00a0\u00bb css=\u00a0\u00bb.vc_custom_1739439137431{margin-bottom: 30px !important;}\u00a0\u00bb][vc_column_inner width=\u00a0\u00bb1\/5&Prime;][vc_single_image image=\u00a0\u00bb7271&Prime; img_size=\u00a0\u00bbfull\u00a0\u00bb onclick=\u00a0\u00bbcustom_link\u00a0\u00bb img_link_target=\u00a0\u00bb_blank\u00a0\u00bb css=\u00a0\u00bb\u00a0\u00bb link=\u00a0\u00bbhttps:\/\/miteinander.be\/\u00a0\u00bb][\/vc_column_inner][vc_column_inner width=\u00a0\u00bb1\/5&Prime;][vc_single_image image=\u00a0\u00bb7272&Prime; img_size=\u00a0\u00bbfull\u00a0\u00bb onclick=\u00a0\u00bbcustom_link\u00a0\u00bb img_link_target=\u00a0\u00bb_blank\u00a0\u00bb css=\u00a0\u00bb\u00a0\u00bb link=\u00a0\u00bbhttps:\/\/buergerfonds.be\/\u00a0\u00bb][\/vc_column_inner][vc_column_inner width=\u00a0\u00bb1\/5&Prime;][vc_single_image image=\u00a0\u00bb7273&Prime; img_size=\u00a0\u00bbfull\u00a0\u00bb onclick=\u00a0\u00bbcustom_link\u00a0\u00bb img_link_target=\u00a0\u00bb_blank\u00a0\u00bb css=\u00a0\u00bb\u00a0\u00bb link=\u00a0\u00bbhttps:\/\/clm-ostbelgien.be\/de\/\u00a0\u00bb][\/vc_column_inner][vc_column_inner width=\u00a0\u00bb1\/5&Prime;][vc_single_image image=\u00a0\u00bb7274&Prime; img_size=\u00a0\u00bbfull\u00a0\u00bb onclick=\u00a0\u00bbcustom_link\u00a0\u00bb img_link_target=\u00a0\u00bb_blank\u00a0\u00bb css=\u00a0\u00bb\u00a0\u00bb link=\u00a0\u00bbhttps:\/\/ostbelgienlive.be\/\u00a0\u00bb][\/vc_column_inner][vc_column_inner width=\u00a0\u00bb1\/5&Prime;][vc_column_text css=\u00a0\u00bb\u00a0\u00bb]<\/p>\n<p style=\"text-align: center;\"><strong>Avec le soutien des communes<\/strong><\/p>\n<p>\u00a0[\/vc_column_text][\/vc_column_inner][\/vc_row_inner][\/vc_column][\/vc_row][\/vc_section]<\/p>\n<\/div>","protected":false},"excerpt":{"rendered":"<p>[vc_row][vc_column][vc_empty_space][\/vc_column][\/vc_row][vc_row][vc_column][vc_column_text css=\u00a0\u00bb\u00a0\u00bb]En mati\u00e8re de voies RAVeL, l&rsquo;Est de la Belgique est tr\u00e8s bien \u00e9quip\u00e9. Celles-ci sont certes souvent utilis\u00e9es \u00e0 des fins touristiques, mais elles sont \u00e9galement de plus en plus emprunt\u00e9es pour les trajets quotidiens \u00e0 v\u00e9lo. Que signifie RAVeL ? RAVeL est l&rsquo;acronyme de \u00ab R\u00e9seau autonome de voies lentes \u00bb. Ce terme&hellip;<\/p>\n","protected":false},"author":1,"featured_media":0,"parent":7333,"menu_order":0,"comment_status":"closed","ping_status":"closed","template":"","meta":{"_monsterinsights_skip_tracking":false,"_monsterinsights_sitenote_active":false,"_monsterinsights_sitenote_note":"","_monsterinsights_sitenote_category":0,"footnotes":""},"class_list":["post-7304","page","type-page","status-publish","hentry","description-off"],"_links":{"self":[{"href":"https:\/\/fahrmit.be\/fr\/wp-json\/wp\/v2\/pages\/7304","targetHints":{"allow":["GET"]}}],"collection":[{"href":"https:\/\/fahrmit.be\/fr\/wp-json\/wp\/v2\/pages"}],"about":[{"href":"https:\/\/fahrmit.be\/fr\/wp-json\/wp\/v2\/types\/page"}],"author":[{"embeddable":true,"href":"https:\/\/fahrmit.be\/fr\/wp-json\/wp\/v2\/users\/1"}],"replies":[{"embeddable":true,"href":"https:\/\/fahrmit.be\/fr\/wp-json\/wp\/v2\/comments?post=7304"}],"version-history":[{"count":4,"href":"https:\/\/fahrmit.be\/fr\/wp-json\/wp\/v2\/pages\/7304\/revisions"}],"predecessor-version":[{"id":7308,"href":"https:\/\/fahrmit.be\/fr\/wp-json\/wp\/v2\/pages\/7304\/revisions\/7308"}],"up":[{"embeddable":true,"href":"https:\/\/fahrmit.be\/fr\/wp-json\/wp\/v2\/pages\/7333"}],"wp:attachment":[{"href":"https:\/\/fahrmit.be\/fr\/wp-json\/wp\/v2\/media?parent=7304"}],"curies":[{"name":"wp","href":"https:\/\/api.w.org\/{rel}","templated":true}]}}