{"id":7285,"date":"2018-07-30T12:21:22","date_gmt":"2018-07-30T12:21:22","guid":{"rendered":"https:\/\/fahrmit.be\/?page_id=7285"},"modified":"2026-02-05T12:50:01","modified_gmt":"2026-02-05T12:50:01","slug":"a-pied","status":"publish","type":"page","link":"https:\/\/fahrmit.be\/fr\/solutions-de-mobilite\/a-pied\/","title":{"rendered":"Balades, randonn\u00e9es et trajets \u00e0 pied au quotidien"},"content":{"rendered":"<div class=\"wpb-content-wrapper\"><p>[vc_row][vc_column][vc_column_text css=\u00a0\u00bb\u00a0\u00bb]<\/p>\n<h4>Randonn\u00e9e dans les Cantons de l&rsquo;Est<\/h4>\n<h4>Loisir &#8211; tourisme : balade ou rando.<br \/>\nMarche au quotidien : aller au travail \u00e0 pied ou en partie \u00e0 pied<br \/>\nA tous moments : d\u00e9couvrir les paysages escarp\u00e9s, les plans d&rsquo;eau, les rivi\u00e8res, les vall\u00e9es, les Hautes Fagnes et les\u00a0 for\u00eats :<\/h4>\n<ul>\n<li>Du nord des Cantons de l&rsquo;Est : le Bois du Duc, Brackvenn, Barrage de la Vesdre, Tour panoramique des 3 fronti\u00e8res&#8230;<\/li>\n<li>Des Hautes Fagnes : Mont Rigi, Baraque Michel, Fagne de la Polleur, point culminant de la Belgique \u00e0 Botrange&#8230;<\/li>\n<li>De Waimes et Malmedy: Vall\u00e9e du Bayehon, Lac de Robertville, Rocher de la Warche&#8230;<\/li>\n<li>Du sud des Cantons de l&rsquo;Est :\u00a0 Eifel belge, Vall\u00e9e de l&rsquo;Our, lac de B\u00fctgenbach, Vall\u00e9e des jonquilles, \u00e9tang du Schwarzbach&#8230;<\/li>\n<li>De Stavelot : Promenade de la Truite, pierre du Diable, autour de Francorchamps&#8230;<\/li>\n<li>De Stoumont: Les sommets de la Lienne, promenade des Fontaines, La Vecqu\u00e9e&#8230;<\/li>\n<\/ul>\n<p>-&gt; Itin\u00e9raires sur base des points-noeuds et\/ou balisage classique pour promenades en boucle (signes g\u00e9om\u00e9triques de couleur)<\/p>\n<p>[\/vc_column_text][\/vc_column][\/vc_row][vc_row css=\u00a0\u00bb.vc_custom_1537858861580{padding-top: 50px !important;padding-bottom: 50px !important;}\u00a0\u00bb][vc_column][vc_separator][\/vc_column][\/vc_row][vc_row][vc_column][vc_column_text css=\u00a0\u00bb\u00a0\u00bb]<\/p>\n<h4><strong>Pour plus d&rsquo;informations, rendez-vous sur :<\/strong><\/h4>\n<ul>\n<li>Planificateur d&rsquo;itin\u00e9raires en ligne pour les Cantons de l&rsquo;Est :\u00a0https:\/\/www.ostbelgien.eu\/fr\/randonnee\/planificateur-ditineraires-a-pied<\/li>\n<li>Balades balis\u00e9es (en boucles) pour la commune de Malmedy : https:\/\/www.malmedy-tourisme.be\/fr\/a-pied\/<\/li>\n<li>Balades balis\u00e9es (en boucles) pour la commune de Waimes : https:\/\/www.waimeshautesfagnes.be\/fr\/bouger\/a-pied\/promenades.htm<\/li>\n<li>Balades balis\u00e9es (en boucles) pour la commune de Stavelot : https:\/\/tourismestavelot.be\/fr\/pied<\/li>\n<li>Balades balis\u00e9es (en boucles) pour la commune de Stoumont : http:\/\/www.stoumont.info\/page_promenades.html<\/li>\n<\/ul>\n<p>Cartes en<strong> format papier<\/strong> \u00e9galement disponibles dans les points d&rsquo;information touristique et certaines librairies[\/vc_column_text][\/vc_column][\/vc_row][vc_row css=\u00a0\u00bb.vc_custom_1538381296199{padding-top: 40px !important;}\u00a0\u00bb][vc_column][vc_separator][\/vc_column][\/vc_row][vc_section][vc_row full_width=\u00a0\u00bbstretch_row\u00a0\u00bb css=\u00a0\u00bb.vc_custom_1533106395501{margin-top: 50px !important;}\u00a0\u00bb][vc_column width=\u00a0\u00bb1\/5&Prime; css=\u00a0\u00bb.vc_custom_1537790135452{padding-top: 50px !important;}\u00a0\u00bb][\/vc_column][vc_column width=\u00a0\u00bb3\/5&Prime;]<div class=\"dt-fancy-separator h3-size accent-title-color accent-border-color\" style=\"width: 100%;\"><div class=\"dt-fancy-title\"><span class=\"separator-holder separator-left\"><\/span>Avec le soutien de<span class=\"separator-holder separator-right\"><\/span><\/div><\/div>[\/vc_column][vc_column width=\u00a0\u00bb1\/5&Prime;][\/vc_column][\/vc_row][vc_row css=\u00a0\u00bb.vc_custom_1532951531627{margin-top: 50px !important;}\u00a0\u00bb][vc_column][vc_row_inner css=\u00a0\u00bb.vc_custom_1739263838297{margin-bottom: 30px !important;}\u00a0\u00bb][vc_column_inner width=\u00a0\u00bb1\/5&Prime;][vc_single_image image=\u00a0\u00bb7266&Prime; img_size=\u00a0\u00bbfull\u00a0\u00bb onclick=\u00a0\u00bbcustom_link\u00a0\u00bb img_link_target=\u00a0\u00bb_blank\u00a0\u00bb css=\u00a0\u00bb\u00a0\u00bb link=\u00a0\u00bbhttps:\/\/leader-ostbelgien.be\/lag-100-doerfer-1-zukunft\/\u00a0\u00bb][\/vc_column_inner][vc_column_inner width=\u00a0\u00bb1\/5&Prime;][vc_single_image image=\u00a0\u00bb7267&Prime; img_size=\u00a0\u00bbfull\u00a0\u00bb onclick=\u00a0\u00bbcustom_link\u00a0\u00bb img_link_target=\u00a0\u00bb_blank\u00a0\u00bb css=\u00a0\u00bb\u00a0\u00bb link=\u00a0\u00bbhttps:\/\/leader-ostbelgien.be\/lag-zwischen-weser-und-goehl\/\u00a0\u00bb][\/vc_column_inner][vc_column_inner width=\u00a0\u00bb1\/5&Prime;][vc_single_image image=\u00a0\u00bb7268&Prime; img_size=\u00a0\u00bbfull\u00a0\u00bb onclick=\u00a0\u00bbcustom_link\u00a0\u00bb img_link_target=\u00a0\u00bb_blank\u00a0\u00bb css=\u00a0\u00bb\u00a0\u00bb link=\u00a0\u00bbhttps:\/\/www.gal-fagnes-hauteambleve.be\/\u00a0\u00bb][\/vc_column_inner][vc_column_inner width=\u00a0\u00bb1\/5&Prime;][vc_single_image image=\u00a0\u00bb7269&Prime; img_size=\u00a0\u00bbfull\u00a0\u00bb css=\u00a0\u00bb\u00a0\u00bb][\/vc_column_inner][vc_column_inner width=\u00a0\u00bb1\/5&Prime;][vc_single_image image=\u00a0\u00bb7270&Prime; img_size=\u00a0\u00bbfull\u00a0\u00bb onclick=\u00a0\u00bbcustom_link\u00a0\u00bb img_link_target=\u00a0\u00bb_blank\u00a0\u00bb css=\u00a0\u00bb\u00a0\u00bb link=\u00a0\u00bbhttps:\/\/www.wallonie.be\/fr\u00a0\u00bb][\/vc_column_inner][\/vc_row_inner][vc_row_inner content_placement=\u00a0\u00bbmiddle\u00a0\u00bb css=\u00a0\u00bb.vc_custom_1739439137431{margin-bottom: 30px !important;}\u00a0\u00bb][vc_column_inner width=\u00a0\u00bb1\/5&Prime;][vc_single_image image=\u00a0\u00bb7271&Prime; img_size=\u00a0\u00bbfull\u00a0\u00bb onclick=\u00a0\u00bbcustom_link\u00a0\u00bb img_link_target=\u00a0\u00bb_blank\u00a0\u00bb css=\u00a0\u00bb\u00a0\u00bb link=\u00a0\u00bbhttps:\/\/miteinander.be\/\u00a0\u00bb][\/vc_column_inner][vc_column_inner width=\u00a0\u00bb1\/5&Prime;][vc_single_image image=\u00a0\u00bb7272&Prime; img_size=\u00a0\u00bbfull\u00a0\u00bb onclick=\u00a0\u00bbcustom_link\u00a0\u00bb img_link_target=\u00a0\u00bb_blank\u00a0\u00bb css=\u00a0\u00bb\u00a0\u00bb link=\u00a0\u00bbhttps:\/\/buergerfonds.be\/\u00a0\u00bb][\/vc_column_inner][vc_column_inner width=\u00a0\u00bb1\/5&Prime;][vc_single_image image=\u00a0\u00bb7273&Prime; img_size=\u00a0\u00bbfull\u00a0\u00bb onclick=\u00a0\u00bbcustom_link\u00a0\u00bb img_link_target=\u00a0\u00bb_blank\u00a0\u00bb css=\u00a0\u00bb\u00a0\u00bb link=\u00a0\u00bbhttps:\/\/clm-ostbelgien.be\/de\/\u00a0\u00bb][\/vc_column_inner][vc_column_inner width=\u00a0\u00bb1\/5&Prime;][vc_single_image image=\u00a0\u00bb7274&Prime; img_size=\u00a0\u00bbfull\u00a0\u00bb onclick=\u00a0\u00bbcustom_link\u00a0\u00bb img_link_target=\u00a0\u00bb_blank\u00a0\u00bb css=\u00a0\u00bb\u00a0\u00bb link=\u00a0\u00bbhttps:\/\/ostbelgienlive.be\/\u00a0\u00bb][\/vc_column_inner][vc_column_inner width=\u00a0\u00bb1\/5&Prime;][vc_column_text css=\u00a0\u00bb\u00a0\u00bb]<\/p>\n<p style=\"text-align: center;\"><strong>Avec le soutien des communes<\/strong><\/p>\n<p>[\/vc_column_text][\/vc_column_inner][\/vc_row_inner][\/vc_column][\/vc_row][\/vc_section]<\/p>\n<\/div>","protected":false},"excerpt":{"rendered":"<p>[vc_row][vc_column][vc_column_text css=\u00a0\u00bb\u00a0\u00bb] Randonn\u00e9e dans les Cantons de l&rsquo;Est Loisir &#8211; tourisme : balade ou rando. Marche au quotidien : aller au travail \u00e0 pied ou en partie \u00e0 pied A tous moments : d\u00e9couvrir les paysages escarp\u00e9s, les plans d&rsquo;eau, les rivi\u00e8res, les vall\u00e9es, les Hautes Fagnes et les\u00a0 for\u00eats : Du nord des Cantons&hellip;<\/p>\n","protected":false},"author":1,"featured_media":0,"parent":7431,"menu_order":0,"comment_status":"closed","ping_status":"closed","template":"","meta":{"_monsterinsights_skip_tracking":false,"_monsterinsights_sitenote_active":false,"_monsterinsights_sitenote_note":"","_monsterinsights_sitenote_category":0,"footnotes":""},"class_list":["post-7285","page","type-page","status-publish","hentry","description-off"],"_links":{"self":[{"href":"https:\/\/fahrmit.be\/fr\/wp-json\/wp\/v2\/pages\/7285","targetHints":{"allow":["GET"]}}],"collection":[{"href":"https:\/\/fahrmit.be\/fr\/wp-json\/wp\/v2\/pages"}],"about":[{"href":"https:\/\/fahrmit.be\/fr\/wp-json\/wp\/v2\/types\/page"}],"author":[{"embeddable":true,"href":"https:\/\/fahrmit.be\/fr\/wp-json\/wp\/v2\/users\/1"}],"replies":[{"embeddable":true,"href":"https:\/\/fahrmit.be\/fr\/wp-json\/wp\/v2\/comments?post=7285"}],"version-history":[{"count":15,"href":"https:\/\/fahrmit.be\/fr\/wp-json\/wp\/v2\/pages\/7285\/revisions"}],"predecessor-version":[{"id":9726,"href":"https:\/\/fahrmit.be\/fr\/wp-json\/wp\/v2\/pages\/7285\/revisions\/9726"}],"up":[{"embeddable":true,"href":"https:\/\/fahrmit.be\/fr\/wp-json\/wp\/v2\/pages\/7431"}],"wp:attachment":[{"href":"https:\/\/fahrmit.be\/fr\/wp-json\/wp\/v2\/media?parent=7285"}],"curies":[{"name":"wp","href":"https:\/\/api.w.org\/{rel}","templated":true}]}}