{"id":7278,"date":"2018-07-30T12:05:29","date_gmt":"2018-07-30T12:05:29","guid":{"rendered":"https:\/\/fahrmit.be\/?page_id=7278"},"modified":"2026-02-17T12:44:43","modified_gmt":"2026-02-17T12:44:43","slug":"a-propos-de-nous","status":"publish","type":"page","link":"https:\/\/fahrmit.be\/fr\/a-propos-de-nous\/","title":{"rendered":"\u00c0 propos de nous"},"content":{"rendered":"<div class=\"wpb-content-wrapper\"><p>[vc_row][vc_column]<div class=\"dt-fancy-separator h2-size style-dashed accent-title-color\" style=\"width: 100%;\"><div class=\"dt-fancy-title\"><span class=\"separator-holder separator-left\" style=\"border-color: #6aaf22;\"><\/span>Qui sommes-nous ?<span class=\"separator-holder separator-right\" style=\"border-color: #6aaf22;\"><\/span><\/div><\/div>[\/vc_column][\/vc_row][vc_row css=\u00a0\u00bb.vc_custom_1533113308767{margin-top: 25px !important;}\u00a0\u00bb][vc_column width=\u00a0\u00bb1\/2&Prime;][vc_column_text css=\u00a0\u00bb\u00a0\u00bb]L&rsquo;ASBL Fahr mit a \u00e9t\u00e9 fond\u00e9e en 2005 suite \u00e0 la constatation du fait que de plus en plus de personnes vivant en zone rurale n&rsquo;\u00e9taient pas en mesure d&rsquo;exercer leur <strong>droit \u00e0 la mobilit\u00e9;<\/strong> il s&rsquo;agit principalement des s\u00e9niors, des jeunes et des personnes socialement d\u00e9favoris\u00e9es. L&rsquo;ASBL est compos\u00e9e d&rsquo;un Conseil d&rsquo;administration compos\u00e9 de repr\u00e9sentants de diff\u00e9rentes associations, des communes et des particuliers.<br \/>\nL&rsquo;objectif est donc de <strong>faciliter l&rsquo;acc\u00e8s de tous \u00e0 la mobilit\u00e9<\/strong> et d&rsquo;informer sur les <strong>services de mobilit\u00e9 disponibles<\/strong> sur le territoire et \u00e9galement les possibilit\u00e9s de combiner plusieurs moyens de transport pour aller d&rsquo;un point A \u00e0 un point B (INTERMODALITE).<\/p>\n<p>Fahr mit a donc re\u00e7u le r\u00f4le de <strong>Centrale Locale de Mobilit\u00e9 (CLM)<\/strong>. Il y en a 9 en Wallonie. L&rsquo;ASBL Fahr mit est gr\u00e2ce \u00e0 cela devenue un maillon important entre les acteurs du domaine de la mobilit\u00e9 dans les Cantons de l&rsquo;Est et en R\u00e9gion wallonne. Elle est en contact permanent avec les prestataires de services locaux. Une plateforme d&rsquo;information et de r\u00e9servation commune est en cours de cr\u00e9ation.<\/p>\n<p>En tant que promoteur des <strong>projets LEADER<\/strong>, Fahr mit collabore avec la WFG (Wirtschafts- und regionalf\u00f6rderung) en Communaut\u00e9 germanophone et la R\u00e9gion wallonne.<\/p>\n<p>Elle b\u00e9n\u00e9ficie de fonds <strong>LEADER (Liaison entre Actions de D\u00e9veloppement de l\u2019\u00c9conomie Rurale) <\/strong>qui est en fait un programme europ\u00e9en de d\u00e9veloppement rural qui vise \u00e0 soutenir le d\u00e9veloppement des territoires ruraux.<\/p>\n<p>Fahr mit porte des projets LEADER pour <strong>3 Groupes d&rsquo;Action Locale (GAL)<\/strong> :<\/p>\n<ul>\n<li>\u00ab <strong>100 villages \u2013 un Avenir<\/strong> \u00bb: communes de Sankt Vith, Amel, Burg-Reuland, B\u00fctgenbach et B\u00fcllingen<\/li>\n<li>\u00ab <strong>Entre Vesdre et Gueule<\/strong> \u00bb :\u00a0 communes de Lontzen, Eupen et Raeren<\/li>\n<li>\u00ab<strong> Fagnes Haute-Ambl\u00e8ve<\/strong> \u00bb: communes de Waimes, Malmedy, Stavelot et Stoumont<\/li>\n<\/ul>\n<p>En effet, jusqu&rsquo;en 2024, l&rsquo;ASBL Fahr mit exer\u00e7ait uniquement en Communaut\u00e9 germanophone et depuis juillet 2024, le secteur s&rsquo;est \u00e9largi aux communes de Waimes, Malmedy, Stavelot et Stoumont, soit le territoire du GAL Fagnes Haute Ambl\u00e8ve.<\/p>\n<p>Enfin, depuis d\u00e9but 2025, Fahr mit est \u00e9galement acteur dans un <strong>projet INTERREG<\/strong> qui est un des principaux instruments de l&rsquo;Union europ\u00e9enne (UE) qui soutient la coop\u00e9ration transfrontali\u00e8re par le biais du financement de projets.[\/vc_column_text][\/vc_column][vc_column width=\u00a0\u00bb1\/2&Prime;][vc_single_image image=\u00a0\u00bb7277&Prime; img_size=\u00a0\u00bbfull\u00a0\u00bb alignment=\u00a0\u00bbcenter\u00a0\u00bb][\/vc_column][\/vc_row][vc_row css=\u00a0\u00bb.vc_custom_1533131299273{margin-top: 25px !important;}\u00a0\u00bb][vc_column][vc_empty_space][vc_column_text css=\u00a0\u00bb\u00a0\u00bb]<strong>L&rsquo;ASBL Fahr r\u00e9pond de mani\u00e8re personnalis\u00e9e et la plus compl\u00e8te possible aux citoyens, aux entreprises, aux organisateurs d&rsquo;\u00e9v\u00e9nements, aux responsables communaux, aux \u00e9coles, aux organisations sociales, aux particuliers, aux associations, aux comit\u00e9s de parents, aux mouvements de jeunesse<\/strong><\/p>\n<p>[\/vc_column_text][vc_empty_space]<div class=\"uavc-list-icon uavc-list-icon-wrapper ult-adjust-bottom-margin   vc_custom_1758102896921  vc_custom_1758102896921\"><ul class=\"uavc-list\"><li><div class=\"uavc-list-content\" id=\"list-icon-wrap-1380\">\n<div class=\"uavc-list-icon  \" data-animation=\"\" data-animation-delay=\"03\" style=\"margin-right:10px;\"><div class=\"ult-just-icon-wrapper  \"><div class=\"align-icon\" style=\"text-align:center;\">\n<div class=\"aio-icon none \"  style=\"color:#6aaf22;font-size:16px;display:inline-block;\">\n\t<i class=\"Defaults-circle-o\"><\/i>\n<\/div><\/div><\/div>\n<\/div><span  data-ultimate-target='#list-icon-wrap-1380 .uavc-list-desc'  data-responsive-json-new='{\"font-size\":\"\",\"line-height\":\"\"}'  class=\"uavc-list-desc ult-responsive\" style=\"\"><strong>INFORMATION<\/strong><\/p>\n<p>\u2022 toutes les offres de mobilit\u00e9 \u2028des transports publics, des services de transport social, des prestataires priv\u00e9s ;<br \/>\n\u2022 en cas de litige entre une entreprise et le statut de ses offres de mobilit\u00e9 et<br \/>\n\u2022 sur les possibilit\u00e9s dont une entreprise peut disposer dans ce domaine.<\/p>\n<p><\/span><\/div><\/li><li><div class=\"uavc-list-content\" id=\"list-icon-wrap-4224\">\n<div class=\"uavc-list-icon  \" data-animation=\"\" data-animation-delay=\"03\" style=\"margin-right:10px;\"><div class=\"ult-just-icon-wrapper  \"><div class=\"align-icon\" style=\"text-align:center;\">\n<div class=\"aio-icon none \"  style=\"color:#6aaf22;font-size:16px;display:inline-block;\">\n\t<i class=\"Defaults-circle-o\"><\/i>\n<\/div><\/div><\/div>\n<\/div><span  data-ultimate-target='#list-icon-wrap-4224 .uavc-list-desc'  data-responsive-json-new='{\"font-size\":\"\",\"line-height\":\"\"}'  class=\"uavc-list-desc ult-responsive\" style=\"\"><strong>CONSULTATION sur\/au sujet de<\/strong><\/p>\n<p>\u2022 Mise en place d&rsquo;offres de mobilit\u00e9 (par exemple, cr\u00e9ation de parkings pour le covoiturage, voitures de village, services de transport, etc.) ;<br \/>\n\u2022 Covoiturage priv\u00e9 (partage de voitures) ;<br \/>\n\u2022 Nombreuses possibilit\u00e9s d&rsquo;encourager les employ\u00e9s \u00e0 se d\u00e9placer \u00e0 v\u00e9lo, par exemple Tous v\u00e9lo actifs ;<br \/>\n\u2022 Recherche de solutions (centrale de mobilit\u00e9) ;<br \/>\n\u2022 D\u00e9veloppement et mise en \u0153uvre de divers projets de mobilit\u00e9.<\/p>\n<p><\/span><\/div><\/li><li><div class=\"uavc-list-content\" id=\"list-icon-wrap-6306\">\n<div class=\"uavc-list-icon  \" data-animation=\"\" data-animation-delay=\"03\" style=\"margin-right:10px;\"><div class=\"ult-just-icon-wrapper  \"><div class=\"align-icon\" style=\"text-align:center;\">\n<div class=\"aio-icon none \"  style=\"color:#6aaf22;font-size:16px;display:inline-block;\">\n\t<i class=\"Defaults-circle-o\"><\/i>\n<\/div><\/div><\/div>\n<\/div><span  data-ultimate-target='#list-icon-wrap-6306 .uavc-list-desc'  data-responsive-json-new='{\"font-size\":\"\",\"line-height\":\"\"}'  class=\"uavc-list-desc ult-responsive\" style=\"\"><strong>SENSIBILISATION pour<\/strong><\/p>\n<p>\u2022 la n\u00e9cessit\u00e9 de modifier les comportements en mati\u00e8re de mobilit\u00e9, par exemple dans les \u00e9coles (se rendre \u00e0 l&rsquo;\u00e9cole \u00e0 pied ou \u00e0 v\u00e9lo) ;<\/p>\n<p>Exemples :<\/p>\n<p>\u2022 \u00c9tablissement d&rsquo;un bilan de mobilit\u00e9 pour les entreprises :<br \/>\n&#8211; en coop\u00e9ration avec AKT for Wallonia (anciennement UWE &#8211; Union Wallonne des Entreprises)<br \/>\n&#8211; nous \u00e9laborons un premier \u00ab tableau de bord mobilit\u00e9 \u00bb (\u00e9tat des lieux, questionnaire en ligne, analyse des r\u00e9sultats) afin d&rsquo;<br \/>\n\u00e9tablir un premier bilan de mobilit\u00e9, sur la base duquel une discussion sur la suite \u00e0 donner pourra avoir lieu.<\/p>\n<p>\u2022 Mise en place (gratuite) d&rsquo;un lien vers une plateforme de covoiturage sur les pages \u00e9v\u00e9nementielles.\u2028Les conducteurs et les passagers potentiels peuvent s&rsquo;y inscrire pour l&rsquo;\u00e9v\u00e9nement et se rencontrer.<\/p>\n<p>\u2022 Appels et actions concernant les projets LEADER :<br \/>\nVoiture urbaine \u00e0 Saint-Vith :\u2028La centrale de mobilit\u00e9 de l&rsquo;asbl Fahr mit, en collaboration avec la coop\u00e9rative citoyenne pour les \u00e9nergies renouvelables Courant d&rsquo;Air, a fait en sorte que Saint-Vith puisse disposer de sa propre voiture urbaine, la MOVITH.<\/p>\n<p><\/span><\/div><\/li><\/ul><\/div>[\/vc_column][\/vc_row][vc_row css=\u00a0\u00bb.vc_custom_1538381296199{padding-top: 40px !important;}\u00a0\u00bb][vc_column][vc_separator][\/vc_column][\/vc_row][vc_section][vc_row full_width=\u00a0\u00bbstretch_row\u00a0\u00bb css=\u00a0\u00bb.vc_custom_1533106395501{margin-top: 50px !important;}\u00a0\u00bb][vc_column width=\u00a0\u00bb1\/5&Prime; css=\u00a0\u00bb.vc_custom_1537790135452{padding-top: 50px !important;}\u00a0\u00bb][\/vc_column][vc_column width=\u00a0\u00bb3\/5&Prime;]<div class=\"dt-fancy-separator h3-size accent-title-color accent-border-color\" style=\"width: 100%;\"><div class=\"dt-fancy-title\"><span class=\"separator-holder separator-left\"><\/span>Avec le soutien de<span class=\"separator-holder separator-right\"><\/span><\/div><\/div>[\/vc_column][vc_column width=\u00a0\u00bb1\/5&Prime;][\/vc_column][\/vc_row][vc_row css=\u00a0\u00bb.vc_custom_1532951531627{margin-top: 50px !important;}\u00a0\u00bb][vc_column][vc_row_inner css=\u00a0\u00bb.vc_custom_1739263838297{margin-bottom: 30px !important;}\u00a0\u00bb][vc_column_inner width=\u00a0\u00bb1\/5&Prime;][vc_single_image image=\u00a0\u00bb7266&Prime; img_size=\u00a0\u00bbfull\u00a0\u00bb onclick=\u00a0\u00bbcustom_link\u00a0\u00bb img_link_target=\u00a0\u00bb_blank\u00a0\u00bb css=\u00a0\u00bb\u00a0\u00bb link=\u00a0\u00bbhttps:\/\/leader-ostbelgien.be\/lag-100-doerfer-1-zukunft\/\u00a0\u00bb][\/vc_column_inner][vc_column_inner width=\u00a0\u00bb1\/5&Prime;][vc_single_image image=\u00a0\u00bb7267&Prime; img_size=\u00a0\u00bbfull\u00a0\u00bb onclick=\u00a0\u00bbcustom_link\u00a0\u00bb img_link_target=\u00a0\u00bb_blank\u00a0\u00bb css=\u00a0\u00bb\u00a0\u00bb link=\u00a0\u00bbhttps:\/\/leader-ostbelgien.be\/lag-zwischen-weser-und-goehl\/\u00a0\u00bb][\/vc_column_inner][vc_column_inner width=\u00a0\u00bb1\/5&Prime;][vc_single_image image=\u00a0\u00bb7268&Prime; img_size=\u00a0\u00bbfull\u00a0\u00bb onclick=\u00a0\u00bbcustom_link\u00a0\u00bb img_link_target=\u00a0\u00bb_blank\u00a0\u00bb css=\u00a0\u00bb\u00a0\u00bb link=\u00a0\u00bbhttps:\/\/www.gal-fagnes-hauteambleve.be\/\u00a0\u00bb][\/vc_column_inner][vc_column_inner width=\u00a0\u00bb1\/5&Prime;][vc_single_image image=\u00a0\u00bb7269&Prime; img_size=\u00a0\u00bbfull\u00a0\u00bb css=\u00a0\u00bb\u00a0\u00bb][\/vc_column_inner][vc_column_inner width=\u00a0\u00bb1\/5&Prime;][vc_single_image image=\u00a0\u00bb7270&Prime; img_size=\u00a0\u00bbfull\u00a0\u00bb onclick=\u00a0\u00bbcustom_link\u00a0\u00bb img_link_target=\u00a0\u00bb_blank\u00a0\u00bb css=\u00a0\u00bb\u00a0\u00bb link=\u00a0\u00bbhttps:\/\/www.wallonie.be\/fr\u00a0\u00bb][\/vc_column_inner][\/vc_row_inner][vc_row_inner content_placement=\u00a0\u00bbmiddle\u00a0\u00bb css=\u00a0\u00bb.vc_custom_1739439137431{margin-bottom: 30px !important;}\u00a0\u00bb][vc_column_inner width=\u00a0\u00bb1\/5&Prime;][vc_single_image image=\u00a0\u00bb7271&Prime; img_size=\u00a0\u00bbfull\u00a0\u00bb onclick=\u00a0\u00bbcustom_link\u00a0\u00bb img_link_target=\u00a0\u00bb_blank\u00a0\u00bb css=\u00a0\u00bb\u00a0\u00bb link=\u00a0\u00bbhttps:\/\/miteinander.be\/\u00a0\u00bb][\/vc_column_inner][vc_column_inner width=\u00a0\u00bb1\/5&Prime;][vc_single_image image=\u00a0\u00bb7272&Prime; img_size=\u00a0\u00bbfull\u00a0\u00bb onclick=\u00a0\u00bbcustom_link\u00a0\u00bb img_link_target=\u00a0\u00bb_blank\u00a0\u00bb css=\u00a0\u00bb\u00a0\u00bb link=\u00a0\u00bbhttps:\/\/buergerfonds.be\/\u00a0\u00bb][\/vc_column_inner][vc_column_inner width=\u00a0\u00bb1\/5&Prime;][vc_single_image image=\u00a0\u00bb7273&Prime; img_size=\u00a0\u00bbfull\u00a0\u00bb onclick=\u00a0\u00bbcustom_link\u00a0\u00bb img_link_target=\u00a0\u00bb_blank\u00a0\u00bb css=\u00a0\u00bb\u00a0\u00bb link=\u00a0\u00bbhttps:\/\/clm-ostbelgien.be\/de\/\u00a0\u00bb][\/vc_column_inner][vc_column_inner width=\u00a0\u00bb1\/5&Prime;][vc_single_image image=\u00a0\u00bb7274&Prime; img_size=\u00a0\u00bbfull\u00a0\u00bb onclick=\u00a0\u00bbcustom_link\u00a0\u00bb img_link_target=\u00a0\u00bb_blank\u00a0\u00bb css=\u00a0\u00bb\u00a0\u00bb link=\u00a0\u00bbhttps:\/\/ostbelgienlive.be\/\u00a0\u00bb][\/vc_column_inner][vc_column_inner width=\u00a0\u00bb1\/5&Prime;][vc_column_text css=\u00a0\u00bb\u00a0\u00bb]<\/p>\n<p style=\"text-align: center;\"><strong>Avec le soutien des communes<\/strong><\/p>\n<p>[\/vc_column_text][\/vc_column_inner][\/vc_row_inner][\/vc_column][\/vc_row][\/vc_section]<\/p>\n<\/div>","protected":false},"excerpt":{"rendered":"<p>[vc_row][vc_column][\/vc_column][\/vc_row][vc_row css=\u00a0\u00bb.vc_custom_1533113308767{margin-top: 25px !important;}\u00a0\u00bb][vc_column width=\u00a0\u00bb1\/2&Prime;][vc_column_text css=\u00a0\u00bb\u00a0\u00bb]L&rsquo;ASBL Fahr mit a \u00e9t\u00e9 fond\u00e9e en 2005 suite \u00e0 la constatation du fait que de plus en plus de personnes vivant en zone rurale n&rsquo;\u00e9taient pas en mesure d&rsquo;exercer leur droit \u00e0 la mobilit\u00e9; il s&rsquo;agit principalement des s\u00e9niors, des jeunes et des personnes socialement d\u00e9favoris\u00e9es. L&rsquo;ASBL est compos\u00e9e&hellip;<\/p>\n","protected":false},"author":3,"featured_media":0,"parent":0,"menu_order":0,"comment_status":"closed","ping_status":"closed","template":"","meta":{"_monsterinsights_skip_tracking":false,"_monsterinsights_sitenote_active":false,"_monsterinsights_sitenote_note":"","_monsterinsights_sitenote_category":0,"footnotes":""},"class_list":["post-7278","page","type-page","status-publish","hentry","description-off"],"_links":{"self":[{"href":"https:\/\/fahrmit.be\/fr\/wp-json\/wp\/v2\/pages\/7278","targetHints":{"allow":["GET"]}}],"collection":[{"href":"https:\/\/fahrmit.be\/fr\/wp-json\/wp\/v2\/pages"}],"about":[{"href":"https:\/\/fahrmit.be\/fr\/wp-json\/wp\/v2\/types\/page"}],"author":[{"embeddable":true,"href":"https:\/\/fahrmit.be\/fr\/wp-json\/wp\/v2\/users\/3"}],"replies":[{"embeddable":true,"href":"https:\/\/fahrmit.be\/fr\/wp-json\/wp\/v2\/comments?post=7278"}],"version-history":[{"count":16,"href":"https:\/\/fahrmit.be\/fr\/wp-json\/wp\/v2\/pages\/7278\/revisions"}],"predecessor-version":[{"id":9715,"href":"https:\/\/fahrmit.be\/fr\/wp-json\/wp\/v2\/pages\/7278\/revisions\/9715"}],"wp:attachment":[{"href":"https:\/\/fahrmit.be\/fr\/wp-json\/wp\/v2\/media?parent=7278"}],"curies":[{"name":"wp","href":"https:\/\/api.w.org\/{rel}","templated":true}]}}