{"id":7275,"date":"2018-08-01T12:42:48","date_gmt":"2018-08-01T12:42:48","guid":{"rendered":"https:\/\/fahrmit.be\/?page_id=7275"},"modified":"2025-10-06T11:34:51","modified_gmt":"2025-10-06T11:34:51","slug":"sitemap","status":"publish","type":"page","link":"https:\/\/fahrmit.be\/fr\/sitemap\/","title":{"rendered":"Sitemap"},"content":{"rendered":"<div class=\"wsp-container\"><h2 class=\"wsp-pages-title\">Pages<\/h2>\n<ul class=\"wsp-pages-list\">\n<li class=\"page_item page-item-7278\"><a href=\"https:\/\/fahrmit.be\/fr\/a-propos-de-nous\/\">\u00c0 propos de nous<\/a><\/li>\n<li class=\"page_item page-item-7858\"><a href=\"https:\/\/fahrmit.be\/fr\/appels-a-projets\/\">Appels \u00e0 projets<\/a><\/li>\n<li class=\"page_item page-item-7889\"><a href=\"https:\/\/fahrmit.be\/fr\/bike-basics\/\">Bike Basics : ateliers r\u00e9paration de v\u00e9lo et perfectionnement de sa ma\u00eetrise du v\u00e9lo<\/a><\/li>\n<li class=\"page_item page-item-7865\"><a href=\"https:\/\/fahrmit.be\/fr\/challenge-un-mois-avancer-autrement\/\">Challenge 2025 &#8211; 1 mois pour avancer autrement en milieu rural<\/a><\/li>\n<li class=\"page_item page-item-7875\"><a href=\"https:\/\/fahrmit.be\/fr\/photo-challenge\/\">Challenge 2025 &#8211; concours photo<\/a><\/li>\n<li class=\"page_item page-item-7591\"><a href=\"https:\/\/fahrmit.be\/fr\/ecoles\/\">Ecoles : sensibiliser les enfants et les parents<\/a><\/li>\n<li class=\"page_item page-item-9836\"><a href=\"https:\/\/fahrmit.be\/fr\/enquete-citoyenne\/\">Enquete citoyenne<\/a><\/li>\n<li class=\"page_item page-item-7688\"><a href=\"https:\/\/fahrmit.be\/fr\/\">Home<\/a><\/li>\n<li class=\"page_item page-item-7882\"><a href=\"https:\/\/fahrmit.be\/fr\/my-bike-me\/\">My bike &#038; me : cours th\u00e9orique et pratique (gratuit et en petits groupes)<\/a><\/li>\n<li class=\"page_item page-item-7844\"><a href=\"https:\/\/fahrmit.be\/fr\/projet-interreg\/\">Projet INTERREG : Un projet Interreg est une initiative de coop\u00e9ration transfrontali\u00e8re, transnationale ou interr\u00e9gionale financ\u00e9e par l&rsquo;Union europ\u00e9enne via le Fonds europ\u00e9en de d\u00e9veloppement r\u00e9gional (FEDER). Il rassemble des partenaires de plusieurs pays pour r\u00e9soudre des d\u00e9fis communs (mobilit\u00e9, environnement, \u00e9conomie) et am\u00e9liorer la vie des citoyens frontaliers.<\/a><\/li>\n<li class=\"page_item page-item-7785 page_item_has_children\"><a href=\"https:\/\/fahrmit.be\/fr\/projet-leader\/\">Projets LEADER (\u00ab Liaison Entre Actions de D\u00e9veloppement de l&rsquo;\u00c9conomie Rurale \u00bb) : initiatives locales soutenues par l&rsquo;Union europ\u00e9enne (via le FEADER) pour d\u00e9velopper les zones rurales. Port\u00e9s par des acteurs locaux (publics et priv\u00e9s) via des Groupes d&rsquo;Action Locale (GAL), ces projets innovants visent \u00e0 dynamiser le territoire.<\/a>\n<ul class='children'>\n\t<li class=\"page_item page-item-7836\"><a href=\"https:\/\/fahrmit.be\/fr\/projet-leader\/projets-leader-galfha\/\">Projet Leader sur le territoire du GAL \u00ab\u00a0Fagnes Haute Ambl\u00e8ve\u00a0\u00bb, soit les communes de Waimes, Malmedy, Stavelot et Stoumont<\/a><\/li>\n\t<li class=\"page_item page-item-7807\"><a href=\"https:\/\/fahrmit.be\/fr\/projet-leader\/projets-leader-eifel\/\">Projets Leader dans le sud de la Communaut\u00e9 germanophone (Eifel belge) sur le territoire du GAL \u00ab\u00a0100 Villages &#8211; 1 Avenir\u00a0\u00bb, soit les communes de Sankt Vith, Burg-Reuland, Amel, B\u00fctgenbach et B\u00fcllingen<\/a><\/li>\n\t<li class=\"page_item page-item-7832\"><a href=\"https:\/\/fahrmit.be\/fr\/projet-leader\/projets-leader-communes-du-nord\/\">Projets Leader dans les communes du nord de la Communaut\u00e9 germanophone, sur le territoire du GAL \u00ab\u00a0Entre Vesdre et Gueule\u00a0\u00bb, soit les communes d&rsquo;Eupen, Lontzen, Kelmis et Raeren<\/a><\/li>\n<\/ul>\n<\/li>\n<li class=\"page_item page-item-7886\"><a href=\"https:\/\/fahrmit.be\/fr\/quiz-code-de-la-route\/\">Quiz hebdomadaire pour tester ses connaissances du code de la route<\/a><\/li>\n<li class=\"page_item page-item-7431 page_item_has_children\"><a href=\"https:\/\/fahrmit.be\/fr\/solutions-de-mobilite\/\">Services de mobilit\u00e9 alternative \u00e0 la voiture individuelle<\/a>\n<ul class='children'>\n\t<li class=\"page_item page-item-7285\"><a href=\"https:\/\/fahrmit.be\/fr\/solutions-de-mobilite\/a-pied\/\">Balades, randonn\u00e9es et trajets \u00e0 pied au quotidien<\/a><\/li>\n\t<li class=\"page_item page-item-7369 page_item_has_children\"><a href=\"https:\/\/fahrmit.be\/fr\/solutions-de-mobilite\/bus-train\/\">Bus &#038; train<\/a>\n\t<ul class='children'>\n\t\t<li class=\"page_item page-item-7372 page_item_has_children\"><a href=\"https:\/\/fahrmit.be\/fr\/solutions-de-mobilite\/bus-train\/bus\/\">Bus<\/a>\n\t\t<ul class='children'>\n\t\t\t<li class=\"page_item page-item-7400\"><a href=\"https:\/\/fahrmit.be\/fr\/solutions-de-mobilite\/bus-train\/bus\/autocaristes\/\">Autocaristes<\/a><\/li>\n\t\t\t<li class=\"page_item page-item-7390\"><a href=\"https:\/\/fahrmit.be\/fr\/solutions-de-mobilite\/bus-train\/bus\/lignes-de-bus-eifel\/\">Lignes de bus du sud de la Communuat\u00e9 germanophone : Sankt Vith, Burg-Reuland, Amel, B\u00fctgenbach et B\u00fcllingen (Eifel belge)<\/a><\/li>\n\t\t\t<li class=\"page_item page-item-7383\"><a href=\"https:\/\/fahrmit.be\/fr\/solutions-de-mobilite\/bus-train\/bus\/communautegermanophone\/\">Lignes de bus en Communaut\u00e9 germanophone<\/a><\/li>\n\t\t\t<li class=\"page_item page-item-7395\"><a href=\"https:\/\/fahrmit.be\/fr\/solutions-de-mobilite\/bus-train\/bus\/ligne-de-bus\/\">Lignes de bus pour les communes de Waimes, Malmedy, Stavelot et Stoumont :<\/a><\/li>\n\t\t<\/ul>\n<\/li>\n\t\t<li class=\"page_item page-item-7406\"><a href=\"https:\/\/fahrmit.be\/fr\/solutions-de-mobilite\/bus-train\/train\/\">Train<\/a><\/li>\n\t<\/ul>\n<\/li>\n\t<li class=\"page_item page-item-7492 page_item_has_children\"><a href=\"https:\/\/fahrmit.be\/fr\/solutions-de-mobilite\/covoiturage\/\">Covoiturage &#8211; Partager son trajet avec d&rsquo;autres personnes<\/a>\n\t<ul class='children'>\n\t\t<li class=\"page_item page-item-7534\"><a href=\"https:\/\/fahrmit.be\/fr\/solutions-de-mobilite\/covoiturage\/banc-covoiturage\/\">Banc de covoiturage dans l&rsquo;Est de la Belgique<\/a><\/li>\n\t\t<li class=\"page_item page-item-7565\"><a href=\"https:\/\/fahrmit.be\/fr\/solutions-de-mobilite\/covoiturage\/ensemble-a-des-evenements\/\">Ensemble \u00e0 des \u00e9v\u00e9nements<\/a><\/li>\n\t\t<li class=\"page_item page-item-7559\"><a href=\"https:\/\/fahrmit.be\/fr\/solutions-de-mobilite\/covoiturage\/parkings-pour-covoitureurs\/\">Parkings pour covoitureurs<\/a><\/li>\n\t\t<li class=\"page_item page-item-7573\"><a href=\"https:\/\/fahrmit.be\/fr\/solutions-de-mobilite\/covoiturage\/service-de-covoiturage\/\">Service de covoiturage<\/a><\/li>\n\t<\/ul>\n<\/li>\n\t<li class=\"page_item page-item-7932\"><a href=\"https:\/\/fahrmit.be\/fr\/solutions-de-mobilite\/entreprises\/\">Entreprises<\/a><\/li>\n\t<li class=\"page_item page-item-7597 page_item_has_children\"><a href=\"https:\/\/fahrmit.be\/fr\/solutions-de-mobilite\/services-solidaires\/\">Services solidaires<\/a>\n\t<ul class='children'>\n\t\t<li class=\"page_item page-item-7651\"><a href=\"https:\/\/fahrmit.be\/fr\/solutions-de-mobilite\/services-solidaires\/beschuetzende-werkstaette-behindertenstaetten-eupen-tuavia\/\">Besch\u00fctzende Werkst\u00e4tte \/ Behindertenst\u00e4tten Eupen (TUAVIA)<\/a><\/li>\n\t\t<li class=\"page_item page-item-7603\"><a href=\"https:\/\/fahrmit.be\/fr\/solutions-de-mobilite\/services-solidaires\/fahr-und-begleitdienst-dorfhaus-eynatten\/\">Fahr- und Begleitdienst Dorfhaus Eynatten<\/a><\/li>\n\t\t<li class=\"page_item page-item-7670\"><a href=\"https:\/\/fahrmit.be\/fr\/solutions-de-mobilite\/services-solidaires\/fahrdienst-eifelsued\/\">Fahrdienst Eifels\u00fcd<\/a><\/li>\n\t\t<li class=\"page_item page-item-7609\"><a href=\"https:\/\/fahrmit.be\/fr\/solutions-de-mobilite\/services-solidaires\/josephine-koch-service\/\">Josephine-Koch-Service<\/a><\/li>\n\t\t<li class=\"page_item page-item-7625\"><a href=\"https:\/\/fahrmit.be\/fr\/solutions-de-mobilite\/services-solidaires\/krankenfahrdienst-rotes-kreuz\/\">Krankenfahrdienst Rotes Kreuz<\/a><\/li>\n\t\t<li class=\"page_item page-item-7630\"><a href=\"https:\/\/fahrmit.be\/fr\/solutions-de-mobilite\/services-solidaires\/seniorbus-kelmis\/\">Seniorbus Kelmis<\/a><\/li>\n\t\t<li class=\"page_item page-item-7635\"><a href=\"https:\/\/fahrmit.be\/fr\/solutions-de-mobilite\/services-solidaires\/seniorenfahrdienst-kettenis\/\">Seniorenfahrdienst Kettenis<\/a><\/li>\n\t\t<li class=\"page_item page-item-7643\"><a href=\"https:\/\/fahrmit.be\/fr\/solutions-de-mobilite\/services-solidaires\/stundenblume\/\">Stundenblume<\/a><\/li>\n\t<\/ul>\n<\/li>\n\t<li class=\"page_item page-item-7333 page_item_has_children\"><a href=\"https:\/\/fahrmit.be\/fr\/solutions-de-mobilite\/velo\/\">V\u00e9lo<\/a>\n\t<ul class='children'>\n\t\t<li class=\"page_item page-item-7292\"><a href=\"https:\/\/fahrmit.be\/fr\/solutions-de-mobilite\/velo\/le-velo-au-quotidien\/\">Le v\u00e9lo au quotidien<\/a><\/li>\n\t\t<li class=\"page_item page-item-7304\"><a href=\"https:\/\/fahrmit.be\/fr\/solutions-de-mobilite\/velo\/le-velo-pendant-les-loisirs\/\">Le v\u00e9lo pendant les loisirs<\/a><\/li>\n\t\t<li class=\"page_item page-item-7315\"><a href=\"https:\/\/fahrmit.be\/fr\/solutions-de-mobilite\/velo\/location-de-velos\/\">Location de v\u00e9los<\/a><\/li>\n\t\t<li class=\"page_item page-item-7309\"><a href=\"https:\/\/fahrmit.be\/fr\/solutions-de-mobilite\/velo\/reparation-de-velos\/\">R\u00e9paration de v\u00e9los<\/a><\/li>\n\t\t<li class=\"page_item page-item-7320\"><a href=\"https:\/\/fahrmit.be\/fr\/solutions-de-mobilite\/velo\/revendications\/\">Revendications<\/a><\/li>\n\t<\/ul>\n<\/li>\n\t<li class=\"page_item page-item-7443 page_item_has_children\"><a href=\"https:\/\/fahrmit.be\/fr\/solutions-de-mobilite\/voiture\/\">Voiture<\/a>\n\t<ul class='children'>\n\t\t<li class=\"page_item page-item-7453\"><a href=\"https:\/\/fahrmit.be\/fr\/solutions-de-mobilite\/voiture\/carsharing-eupen\/\">Carsharing Eupen<\/a><\/li>\n\t\t<li class=\"page_item page-item-7461\"><a href=\"https:\/\/fahrmit.be\/fr\/solutions-de-mobilite\/voiture\/carsharing-maison-de-village-eynatten\/\">Carsharing Maison de village Eynatten<\/a><\/li>\n\t\t<li class=\"page_item page-item-7732\"><a href=\"https:\/\/fahrmit.be\/fr\/solutions-de-mobilite\/voiture\/entreprises-de-taxi\/\">Entreprises de taxi<\/a><\/li>\n\t\t<li class=\"page_item page-item-7476\"><a href=\"https:\/\/fahrmit.be\/fr\/solutions-de-mobilite\/voiture\/location-de-minibus\/\">Location de minibus<\/a><\/li>\n\t\t<li class=\"page_item page-item-7448\"><a href=\"https:\/\/fahrmit.be\/fr\/solutions-de-mobilite\/voiture\/partage-de-voitures\/\">Partage de voitures<\/a><\/li>\n\t\t<li class=\"page_item page-item-7470\"><a href=\"https:\/\/fahrmit.be\/fr\/solutions-de-mobilite\/voiture\/voiture-de-ville-saint-vith\/\">Voiture de ville Saint-Vith<\/a><\/li>\n\t<\/ul>\n<\/li>\n<\/ul>\n<\/li>\n<li class=\"page_item page-item-7275\"><a href=\"https:\/\/fahrmit.be\/fr\/sitemap\/\">Sitemap<\/a><\/li>\n<li class=\"page_item page-item-7996\"><a href=\"https:\/\/fahrmit.be\/fr\/contact\/\">Contact<\/a><\/li>\n<\/ul>\n<\/div>\n","protected":false},"excerpt":{"rendered":"<p>Pages \u00c0 propos de nous Appels \u00e0 projets Bike Basics : ateliers r\u00e9paration de v\u00e9lo et perfectionnement de sa ma\u00eetrise du v\u00e9lo Challenge 2025 &#8211; 1 mois pour avancer autrement en milieu rural Challenge 2025 &#8211; concours photo Ecoles : sensibiliser les enfants et les parents Enquete citoyenne Home My bike &#038; me : cours&hellip;<\/p>\n","protected":false},"author":1,"featured_media":0,"parent":0,"menu_order":0,"comment_status":"closed","ping_status":"closed","template":"","meta":{"_monsterinsights_skip_tracking":false,"_monsterinsights_sitenote_active":false,"_monsterinsights_sitenote_note":"","_monsterinsights_sitenote_category":0,"footnotes":""},"class_list":["post-7275","page","type-page","status-publish","hentry","description-off"],"_links":{"self":[{"href":"https:\/\/fahrmit.be\/fr\/wp-json\/wp\/v2\/pages\/7275","targetHints":{"allow":["GET"]}}],"collection":[{"href":"https:\/\/fahrmit.be\/fr\/wp-json\/wp\/v2\/pages"}],"about":[{"href":"https:\/\/fahrmit.be\/fr\/wp-json\/wp\/v2\/types\/page"}],"author":[{"embeddable":true,"href":"https:\/\/fahrmit.be\/fr\/wp-json\/wp\/v2\/users\/1"}],"replies":[{"embeddable":true,"href":"https:\/\/fahrmit.be\/fr\/wp-json\/wp\/v2\/comments?post=7275"}],"version-history":[{"count":1,"href":"https:\/\/fahrmit.be\/fr\/wp-json\/wp\/v2\/pages\/7275\/revisions"}],"predecessor-version":[{"id":7276,"href":"https:\/\/fahrmit.be\/fr\/wp-json\/wp\/v2\/pages\/7275\/revisions\/7276"}],"wp:attachment":[{"href":"https:\/\/fahrmit.be\/fr\/wp-json\/wp\/v2\/media?parent=7275"}],"curies":[{"name":"wp","href":"https:\/\/api.w.org\/{rel}","templated":true}]}}